{"id":4498,"date":"2024-04-23T02:21:42","date_gmt":"2024-04-23T05:21:42","guid":{"rendered":"https:\/\/iescapayanch-cat.infd.edu.ar\/sitio\/?page_id=4498"},"modified":"2024-04-25T19:58:27","modified_gmt":"2024-04-25T22:58:27","slug":"tecnicatura-superior-en-enfermeria-3","status":"publish","type":"page","link":"https:\/\/iescapayanch-cat.infd.edu.ar\/sitio\/tecnicatura-superior-en-enfermeria-3\/","title":{"rendered":"Tecnicatura Superior en Enfermer\u00eda"},"content":{"rendered":"\n<div style=\"height:33px\" aria-hidden=\"true\" class=\"wp-block-spacer\"><\/div>\n\n\n\n<p class=\"has-text-align-center\"><a href=\"https:\/\/iescapayanch-cat.infd.edu.ar\/sitio\/wp-content\/uploads\/2024\/04\/microbiologiaEnfermeria.png\" data-type=\"URL\" data-id=\"https:\/\/iescapayanch-cat.infd.edu.ar\/sitio\/wp-content\/uploads\/2024\/04\/microbiologiaEnfermeria.png\" target=\"_blank\" rel=\"noreferrer noopener\">Microbiolog\u00eda y Parasitolog\u00eda<\/a><\/p>\n\n\n\n<p class=\"has-text-align-center\"><a href=\"https:\/\/iescapayanch-cat.infd.edu.ar\/sitio\/wp-content\/uploads\/2024\/04\/farmacologiaIEnfermeria.png\" data-type=\"URL\" data-id=\"https:\/\/iescapayanch-cat.infd.edu.ar\/sitio\/wp-content\/uploads\/2024\/04\/farmacologiaIEnfermeria.png\">Farmacolog\u00eda I<\/a><\/p>\n","protected":false},"excerpt":{"rendered":"<p>Microbiolog\u00eda y Parasitolog\u00eda Farmacolog\u00eda I<\/p>\n","protected":false},"author":1060,"featured_media":0,"parent":0,"menu_order":0,"comment_status":"closed","ping_status":"closed","template":"","meta":[],"acf":[],"_links":{"self":[{"href":"https:\/\/iescapayanch-cat.infd.edu.ar\/sitio\/wp-json\/wp\/v2\/pages\/4498"}],"collection":[{"href":"https:\/\/iescapayanch-cat.infd.edu.ar\/sitio\/wp-json\/wp\/v2\/pages"}],"about":[{"href":"https:\/\/iescapayanch-cat.infd.edu.ar\/sitio\/wp-json\/wp\/v2\/types\/page"}],"author":[{"embeddable":true,"href":"https:\/\/iescapayanch-cat.infd.edu.ar\/sitio\/wp-json\/wp\/v2\/users\/1060"}],"replies":[{"embeddable":true,"href":"https:\/\/iescapayanch-cat.infd.edu.ar\/sitio\/wp-json\/wp\/v2\/comments?post=4498"}],"version-history":[{"count":3,"href":"https:\/\/iescapayanch-cat.infd.edu.ar\/sitio\/wp-json\/wp\/v2\/pages\/4498\/revisions"}],"predecessor-version":[{"id":4551,"href":"https:\/\/iescapayanch-cat.infd.edu.ar\/sitio\/wp-json\/wp\/v2\/pages\/4498\/revisions\/4551"}],"wp:attachment":[{"href":"https:\/\/iescapayanch-cat.infd.edu.ar\/sitio\/wp-json\/wp\/v2\/media?parent=4498"}],"curies":[{"name":"wp","href":"https:\/\/api.w.org\/{rel}","templated":true}]}}