{"id":4493,"date":"2024-04-23T02:17:47","date_gmt":"2024-04-23T05:17:47","guid":{"rendered":"https:\/\/iescapayanch-cat.infd.edu.ar\/sitio\/?page_id=4493"},"modified":"2024-05-06T22:34:12","modified_gmt":"2024-05-07T01:34:12","slug":"tecnicatura-superior-en-gestion-agropecuaria-2","status":"publish","type":"page","link":"https:\/\/iescapayanch-cat.infd.edu.ar\/sitio\/tecnicatura-superior-en-gestion-agropecuaria-2\/","title":{"rendered":"Tecnicatura Superior en Gesti\u00f3n Agropecuaria"},"content":{"rendered":"\n<div style=\"height:22px\" aria-hidden=\"true\" class=\"wp-block-spacer\"><\/div>\n\n\n\n<p class=\"has-text-align-center\"><a href=\"https:\/\/iescapayanch-cat.infd.edu.ar\/sitio\/wp-content\/uploads\/2024\/04\/tecInformControlComunicacion.png\" data-type=\"URL\" data-id=\"https:\/\/iescapayanch-cat.infd.edu.ar\/sitio\/wp-content\/uploads\/2024\/04\/tecInformControlComunicacion.png\" target=\"_blank\" rel=\"noreferrer noopener\">Tecnolog\u00eda de la Informaci\u00f3n, el Control y la Comunicaci\u00f3n<\/a><\/p>\n\n\n\n<p class=\"has-text-align-center\"><a href=\"https:\/\/iescapayanch-cat.infd.edu.ar\/sitio\/wp-content\/uploads\/2024\/04\/inglesTecnicoAgro-1-rotated.jpeg\" target=\"_blank\" rel=\"noreferrer noopener\">Ingles T\u00e9cnico<\/a><\/p>\n\n\n\n<p class=\"has-text-align-center\"><a href=\"https:\/\/iescapayanch-cat.infd.edu.ar\/sitio\/wp-content\/uploads\/2024\/04\/formacionHumanisticaAgro.jpeg\" data-type=\"URL\" data-id=\"https:\/\/iescapayanch-cat.infd.edu.ar\/sitio\/wp-content\/uploads\/2024\/04\/formacionHumanisticaAgro.jpeg\" target=\"_blank\" rel=\"noreferrer noopener\">Formaci\u00f3n Human\u00edstica II<\/a><\/p>\n\n\n\n<p class=\"has-text-align-center\"><a href=\"https:\/\/iescapayanch-cat.infd.edu.ar\/sitio\/wp-content\/uploads\/2024\/04\/legislacionLaboralAgro.jpeg\" data-type=\"URL\" data-id=\"https:\/\/iescapayanch-cat.infd.edu.ar\/sitio\/wp-content\/uploads\/2024\/04\/legislacionLaboralAgro.jpeg\" target=\"_blank\" rel=\"noreferrer noopener\">Legislaci\u00f3n Laboral<\/a><\/p>\n\n\n\n<p class=\"has-text-align-center\"><a href=\"https:\/\/iescapayanch-cat.infd.edu.ar\/sitio\/wp-content\/uploads\/2024\/04\/practicaProfesionalizanteIIAgro-1.jpeg\" data-type=\"URL\" data-id=\"https:\/\/iescapayanch-cat.infd.edu.ar\/sitio\/wp-content\/uploads\/2024\/04\/practicaProfesionalizanteIIAgro-1.jpeg\" target=\"_blank\" rel=\"noreferrer noopener\">Practica Profesionalizante II<\/a><\/p>\n\n\n\n<p class=\"has-text-align-center\"><a href=\"https:\/\/iescapayanch-cat.infd.edu.ar\/sitio\/wp-content\/uploads\/2024\/04\/anatomiaFisiologiaVegetalAgro.jpeg\" data-type=\"URL\" data-id=\"https:\/\/iescapayanch-cat.infd.edu.ar\/sitio\/wp-content\/uploads\/2024\/04\/anatomiaFisiologiaVegetalAgro.jpeg\" target=\"_blank\" rel=\"noreferrer noopener\">Anatom\u00eda y Fisiolog\u00eda Vegetal<\/a><\/p>\n\n\n\n<p class=\"has-text-align-center\"><a href=\"https:\/\/iescapayanch-cat.infd.edu.ar\/sitio\/wp-content\/uploads\/2024\/04\/anatomiaFisiologiaAnimalAgro.jpeg\" data-type=\"URL\" data-id=\"https:\/\/iescapayanch-cat.infd.edu.ar\/sitio\/wp-content\/uploads\/2024\/04\/anatomiaFisiologiaAnimalAgro.jpeg\" target=\"_blank\" rel=\"noreferrer noopener\">Anatom\u00eda y Fisiolog\u00eda Animal<\/a><\/p>\n\n\n\n<p class=\"has-text-align-center\"><a href=\"https:\/\/iescapayanch-cat.infd.edu.ar\/sitio\/wp-content\/uploads\/2024\/04\/climatologiaEdafologiaAgro.jpeg\" data-type=\"URL\" data-id=\"https:\/\/iescapayanch-cat.infd.edu.ar\/sitio\/wp-content\/uploads\/2024\/04\/climatologiaEdafologiaAgro.jpeg\" target=\"_blank\" rel=\"noreferrer noopener\">Climatolog\u00eda y Edafolog\u00eda<\/a><\/p>\n\n\n\n<p class=\"has-text-align-center\"><a href=\"https:\/\/iescapayanch-cat.infd.edu.ar\/sitio\/wp-content\/uploads\/2024\/05\/comercializacionAgrop-rotated.jpeg\" data-type=\"URL\" data-id=\"https:\/\/iescapayanch-cat.infd.edu.ar\/sitio\/wp-content\/uploads\/2024\/05\/comercializacionAgrop-rotated.jpeg\" target=\"_blank\" rel=\"noreferrer noopener\">Comercializaci\u00f3n Agropecuaria<\/a><\/p>\n\n\n\n<p class=\"has-text-align-center\"><a href=\"https:\/\/iescapayanch-cat.infd.edu.ar\/sitio\/wp-content\/uploads\/2024\/05\/administracionOrganizacionAgro-rotated.jpeg\" data-type=\"URL\" data-id=\"https:\/\/iescapayanch-cat.infd.edu.ar\/sitio\/wp-content\/uploads\/2024\/05\/administracionOrganizacionAgro-rotated.jpeg\" target=\"_blank\" rel=\"noreferrer noopener\">Administraci\u00f3n y Organizaci\u00f3n Agropecuaria<\/a><\/p>\n","protected":false},"excerpt":{"rendered":"<p>Tecnolog\u00eda de la Informaci\u00f3n, el Control y la Comunicaci\u00f3n Ingles T\u00e9cnico Formaci\u00f3n Human\u00edstica II Legislaci\u00f3n Laboral Practica Profesionalizante II Anatom\u00eda y Fisiolog\u00eda Vegetal Anatom\u00eda y Fisiolog\u00eda Animal Climatolog\u00eda y Edafolog\u00eda Comercializaci\u00f3n Agropecuaria Administraci\u00f3n y Organizaci\u00f3n Agropecuaria<\/p>\n","protected":false},"author":1060,"featured_media":0,"parent":0,"menu_order":0,"comment_status":"closed","ping_status":"closed","template":"","meta":[],"acf":[],"_links":{"self":[{"href":"https:\/\/iescapayanch-cat.infd.edu.ar\/sitio\/wp-json\/wp\/v2\/pages\/4493"}],"collection":[{"href":"https:\/\/iescapayanch-cat.infd.edu.ar\/sitio\/wp-json\/wp\/v2\/pages"}],"about":[{"href":"https:\/\/iescapayanch-cat.infd.edu.ar\/sitio\/wp-json\/wp\/v2\/types\/page"}],"author":[{"embeddable":true,"href":"https:\/\/iescapayanch-cat.infd.edu.ar\/sitio\/wp-json\/wp\/v2\/users\/1060"}],"replies":[{"embeddable":true,"href":"https:\/\/iescapayanch-cat.infd.edu.ar\/sitio\/wp-json\/wp\/v2\/comments?post=4493"}],"version-history":[{"count":7,"href":"https:\/\/iescapayanch-cat.infd.edu.ar\/sitio\/wp-json\/wp\/v2\/pages\/4493\/revisions"}],"predecessor-version":[{"id":4584,"href":"https:\/\/iescapayanch-cat.infd.edu.ar\/sitio\/wp-json\/wp\/v2\/pages\/4493\/revisions\/4584"}],"wp:attachment":[{"href":"https:\/\/iescapayanch-cat.infd.edu.ar\/sitio\/wp-json\/wp\/v2\/media?parent=4493"}],"curies":[{"name":"wp","href":"https:\/\/api.w.org\/{rel}","templated":true}]}}