{"id":4487,"date":"2024-04-23T02:13:35","date_gmt":"2024-04-23T05:13:35","guid":{"rendered":"https:\/\/iescapayanch-cat.infd.edu.ar\/sitio\/?page_id=4487"},"modified":"2024-04-25T20:00:53","modified_gmt":"2024-04-25T23:00:53","slug":"tecnicatura-superior-en-laboratorio-de-analisis-clinic-2","status":"publish","type":"page","link":"https:\/\/iescapayanch-cat.infd.edu.ar\/sitio\/tecnicatura-superior-en-laboratorio-de-analisis-clinic-2\/","title":{"rendered":"Tecnicatura Superior en Laboratorio de An\u00e1lisis Cl\u00ednico"},"content":{"rendered":"\n<div style=\"height:18px\" aria-hidden=\"true\" class=\"wp-block-spacer\"><\/div>\n\n\n\n<p class=\"has-text-align-center\"><a href=\"https:\/\/iescapayanch-cat.infd.edu.ar\/sitio\/wp-content\/uploads\/2024\/04\/comunicacionTIC.png\" data-type=\"URL\" data-id=\"https:\/\/iescapayanch-cat.infd.edu.ar\/sitio\/wp-content\/uploads\/2024\/04\/comunicacionTIC.png\">Comunicaci\u00f3n y TIC<\/a> <\/p>\n\n\n\n<p class=\"has-text-align-center\"><a href=\"https:\/\/iescapayanch-cat.infd.edu.ar\/sitio\/wp-content\/uploads\/2024\/04\/inglesTecnicoClinicos-rotated.jpeg\">Ingles T\u00e9cnico <\/a><\/p>\n\n\n\n<p class=\"has-text-align-center\"><a href=\"https:\/\/iescapayanch-cat.infd.edu.ar\/sitio\/wp-content\/uploads\/2024\/04\/organizacionGestOrgaSalud.jpeg\">Organizaci\u00f3n y Gesti\u00f3n de las Organizaciones de Salud<\/a><\/p>\n\n\n\n<p class=\"has-text-align-center\"><a href=\"https:\/\/iescapayanch-cat.infd.edu.ar\/sitio\/wp-content\/uploads\/2024\/04\/microbiologiaClinic.png\" data-type=\"URL\" data-id=\"https:\/\/iescapayanch-cat.infd.edu.ar\/sitio\/wp-content\/uploads\/2024\/04\/microbiologiaClinic.png\" target=\"_blank\" rel=\"noreferrer noopener\">Microbiolog\u00eda y Parasitolog\u00eda<\/a><\/p>\n\n\n\n<p class=\"has-text-align-center\"><a href=\"https:\/\/iescapayanch-cat.infd.edu.ar\/sitio\/wp-content\/uploads\/2024\/04\/inmunologiaClinic.png\" data-type=\"URL\" data-id=\"https:\/\/iescapayanch-cat.infd.edu.ar\/sitio\/wp-content\/uploads\/2024\/04\/inmunologiaClinic.png\" target=\"_blank\" rel=\"noreferrer noopener\">Inmunolog\u00eda<\/a><\/p>\n\n\n\n<p class=\"has-text-align-center\"><a href=\"https:\/\/iescapayanch-cat.infd.edu.ar\/sitio\/wp-content\/uploads\/2024\/04\/procedimientoEspecifico.png\" data-type=\"URL\" data-id=\"https:\/\/iescapayanch-cat.infd.edu.ar\/sitio\/wp-content\/uploads\/2024\/04\/procedimientoEspecifico.png\">Procedimientos Espec\u00edficos (obtenci\u00f3n de muestras)<\/a><\/p>\n\n\n\n<p class=\"has-text-align-center\"><a href=\"https:\/\/iescapayanch-cat.infd.edu.ar\/sitio\/wp-content\/uploads\/2024\/04\/biologiaGeneticaClinicos.png\" data-type=\"URL\" data-id=\"https:\/\/iescapayanch-cat.infd.edu.ar\/sitio\/wp-content\/uploads\/2024\/04\/biologiaGeneticaClinicos.png\" target=\"_blank\" rel=\"noreferrer noopener\">Biolog\u00eda y Gen\u00e9tica<\/a><\/p>\n\n\n\n<p class=\"has-text-align-center\"><a href=\"https:\/\/iescapayanch-cat.infd.edu.ar\/sitio\/wp-content\/uploads\/2024\/04\/bacteriologiaPreparacionMaterialesClinico.png\" data-type=\"URL\" data-id=\"https:\/\/iescapayanch-cat.infd.edu.ar\/sitio\/wp-content\/uploads\/2024\/04\/bacteriologiaPreparacionMaterialesClinico.png\" target=\"_blank\" rel=\"noreferrer noopener\">Bacteriolog\u00eda y Preparaci\u00f3n de Materiales<\/a><\/p>\n\n\n\n<p class=\"has-text-align-center\"><a href=\"https:\/\/iescapayanch-cat.infd.edu.ar\/sitio\/wp-content\/uploads\/2024\/04\/primerosAuxiliosClinica.png\" data-type=\"URL\" data-id=\"https:\/\/iescapayanch-cat.infd.edu.ar\/sitio\/wp-content\/uploads\/2024\/04\/primerosAuxiliosClinica.png\" target=\"_blank\" rel=\"noreferrer noopener\">Primeros Auxilios<\/a><\/p>\n","protected":false},"excerpt":{"rendered":"<p>Comunicaci\u00f3n y TIC Ingles T\u00e9cnico Organizaci\u00f3n y Gesti\u00f3n de las Organizaciones de Salud Microbiolog\u00eda y Parasitolog\u00eda Inmunolog\u00eda Procedimientos Espec\u00edficos (obtenci\u00f3n de muestras) Biolog\u00eda y Gen\u00e9tica Bacteriolog\u00eda y Preparaci\u00f3n de Materiales Primeros Auxilios<\/p>\n","protected":false},"author":1060,"featured_media":0,"parent":0,"menu_order":0,"comment_status":"closed","ping_status":"closed","template":"","meta":[],"acf":[],"_links":{"self":[{"href":"https:\/\/iescapayanch-cat.infd.edu.ar\/sitio\/wp-json\/wp\/v2\/pages\/4487"}],"collection":[{"href":"https:\/\/iescapayanch-cat.infd.edu.ar\/sitio\/wp-json\/wp\/v2\/pages"}],"about":[{"href":"https:\/\/iescapayanch-cat.infd.edu.ar\/sitio\/wp-json\/wp\/v2\/types\/page"}],"author":[{"embeddable":true,"href":"https:\/\/iescapayanch-cat.infd.edu.ar\/sitio\/wp-json\/wp\/v2\/users\/1060"}],"replies":[{"embeddable":true,"href":"https:\/\/iescapayanch-cat.infd.edu.ar\/sitio\/wp-json\/wp\/v2\/comments?post=4487"}],"version-history":[{"count":6,"href":"https:\/\/iescapayanch-cat.infd.edu.ar\/sitio\/wp-json\/wp\/v2\/pages\/4487\/revisions"}],"predecessor-version":[{"id":4553,"href":"https:\/\/iescapayanch-cat.infd.edu.ar\/sitio\/wp-json\/wp\/v2\/pages\/4487\/revisions\/4553"}],"wp:attachment":[{"href":"https:\/\/iescapayanch-cat.infd.edu.ar\/sitio\/wp-json\/wp\/v2\/media?parent=4487"}],"curies":[{"name":"wp","href":"https:\/\/api.w.org\/{rel}","templated":true}]}}