{"id":4372,"date":"2024-04-18T02:38:36","date_gmt":"2024-04-18T05:38:36","guid":{"rendered":"https:\/\/iescapayanch-cat.infd.edu.ar\/sitio\/?page_id=4372"},"modified":"2024-04-23T01:59:33","modified_gmt":"2024-04-23T04:59:33","slug":"tecnicatura-superior-en-gestion-agropecuaria","status":"publish","type":"page","link":"https:\/\/iescapayanch-cat.infd.edu.ar\/sitio\/tecnicatura-superior-en-gestion-agropecuaria\/","title":{"rendered":"Tecnicatura Superior en Gesti\u00f3n Agropecuaria"},"content":{"rendered":"\n<p><a rel=\"noreferrer noopener\" href=\"https:\/\/iescapayanch-cat.infd.edu.ar\/sitio\/wp-content\/uploads\/2024\/04\/practicaProfesionalizanteIIAgro.jpeg\" data-type=\"URL\" data-id=\"https:\/\/iescapayanch-cat.infd.edu.ar\/sitio\/wp-content\/uploads\/2024\/04\/practicaProfesionalizanteIIAgro.jpeg\" target=\"_blank\">Practica Profesionalizante II<\/a> &#8211; Entrevista presencial, el d\u00eda jueves 25\/04, a las 19:00 hs. Escuela N\u00b0 179 &#8211; Chumbicha<\/p>\n\n\n\n<p><a href=\"https:\/\/iescapayanch-cat.infd.edu.ar\/sitio\/wp-content\/uploads\/2024\/04\/formacionHumanistica.jpeg\" data-type=\"URL\" data-id=\"https:\/\/iescapayanch-cat.infd.edu.ar\/sitio\/wp-content\/uploads\/2024\/04\/formacionHumanistica.jpeg\" target=\"_blank\" rel=\"noreferrer noopener\">Formaci\u00f3n Human\u00edstica II<\/a> &#8211; Entrevista presencial, el d\u00eda martes 23\/04, a las 19:00 hs. Escuela N\u00b0 179 &#8211; Chumbicha<\/p>\n\n\n\n<p><a href=\"https:\/\/iescapayanch-cat.infd.edu.ar\/sitio\/wp-content\/uploads\/2024\/04\/administracionOrganizacionAgropecuaria-rotated.jpeg\" data-type=\"URL\" data-id=\"https:\/\/iescapayanch-cat.infd.edu.ar\/sitio\/wp-content\/uploads\/2024\/04\/administracionOrganizacionAgropecuaria-rotated.jpeg\" target=\"_blank\" rel=\"noreferrer noopener\">Administraci\u00f3n y Organizaci\u00f3n Agropecuaria<\/a> &#8211; Entrevista presencial, el d\u00eda martes 23\/04, a las 19:00 hs. Escuela N\u00b0 179 &#8211; Chumbicha<\/p>\n\n\n\n<p><a href=\"https:\/\/iescapayanch-cat.infd.edu.ar\/sitio\/wp-content\/uploads\/2024\/04\/tecnologiaInformacionControlComunicacion-rotated.jpeg\" data-type=\"URL\" data-id=\"https:\/\/iescapayanch-cat.infd.edu.ar\/sitio\/wp-content\/uploads\/2024\/04\/tecnologiaInformacionControlComunicacion-rotated.jpeg\" target=\"_blank\" rel=\"noreferrer noopener\">Tecnolog\u00eda de la Informaci\u00f3n, el Control y la Comunicaci\u00f3n<\/a> &#8211; Entrevista presencial, el d\u00eda lunes 22\/04, a las 16:30 hs. Anexo Huillapima<\/p>\n\n\n\n<p><a rel=\"noreferrer noopener\" href=\"https:\/\/iescapayanch-cat.infd.edu.ar\/sitio\/wp-content\/uploads\/2024\/04\/climatologiaEndologia.jpeg\" data-type=\"URL\" data-id=\"https:\/\/iescapayanch-cat.infd.edu.ar\/sitio\/wp-content\/uploads\/2024\/04\/climatologiaEndologia.jpeg\" target=\"_blank\">Climatolog\u00eda y Edafolog\u00eda<\/a> &#8211; Entrevista presencial, el d\u00eda jueves 25\/04, a las 19:00 hs. Escuela N\u00b0 179 &#8211; Chumbicha<\/p>\n\n\n\n<p><a rel=\"noreferrer noopener\" href=\"https:\/\/iescapayanch-cat.infd.edu.ar\/sitio\/wp-content\/uploads\/2024\/04\/anatomiaFisiologiaVegetal.jpeg\" data-type=\"URL\" data-id=\"https:\/\/iescapayanch-cat.infd.edu.ar\/sitio\/wp-content\/uploads\/2024\/04\/anatomiaFisiologiaVegetal.jpeg\" target=\"_blank\">Anatom\u00eda y Fisiolog\u00eda Vegetal<\/a> &#8211; Entrevista presencial, el d\u00eda jueves 25\/04, a las 19:00 hs. Escuela N\u00b0 179 &#8211; Chumbicha<\/p>\n\n\n\n<p><a href=\"https:\/\/iescapayanch-cat.infd.edu.ar\/sitio\/wp-content\/uploads\/2024\/04\/legislacionLaboral.jpeg\" data-type=\"URL\" data-id=\"https:\/\/iescapayanch-cat.infd.edu.ar\/sitio\/wp-content\/uploads\/2024\/04\/legislacionLaboral.jpeg\" target=\"_blank\" rel=\"noreferrer noopener\">Legislaci\u00f3n Laboral<\/a> &#8211; Entrevista presencial, el d\u00eda martes 23\/04, a las 19:00 hs. Escuela N\u00b0 179 &#8211; Chumbicha<\/p>\n\n\n\n<p><a href=\"https:\/\/iescapayanch-cat.infd.edu.ar\/sitio\/wp-content\/uploads\/2024\/04\/comercializacionAgropecuaria-rotated.jpeg\" data-type=\"URL\" data-id=\"https:\/\/iescapayanch-cat.infd.edu.ar\/sitio\/wp-content\/uploads\/2024\/04\/comercializacionAgropecuaria-rotated.jpeg\" target=\"_blank\" rel=\"noreferrer noopener\">Comercializaci\u00f3n Agropecuaria<\/a> &#8211; Entrevista presencial, el d\u00eda martes 23\/04, a las 19:00 hs. Escuela N\u00b0 179 &#8211; Chumbicha<\/p>\n\n\n\n<p><a rel=\"noreferrer noopener\" href=\"https:\/\/iescapayanch-cat.infd.edu.ar\/sitio\/wp-content\/uploads\/2024\/04\/anatomiaFisiologiaAnimal.jpeg\" data-type=\"URL\" data-id=\"https:\/\/iescapayanch-cat.infd.edu.ar\/sitio\/wp-content\/uploads\/2024\/04\/anatomiaFisiologiaAnimal.jpeg\" target=\"_blank\">Anatom\u00eda y Fisiolog\u00eda Animal<\/a> &#8211; Entrevista presencial, el d\u00eda jueves 25\/04, a las 19:00 hs. Escuela N\u00b0 179 &#8211; Chumbicha<\/p>\n\n\n\n<p><a rel=\"noreferrer noopener\" href=\"https:\/\/iescapayanch-cat.infd.edu.ar\/sitio\/wp-content\/uploads\/2024\/04\/InglesTecnicoAgro.jpeg\" data-type=\"URL\" data-id=\"https:\/\/iescapayanch-cat.infd.edu.ar\/sitio\/wp-content\/uploads\/2024\/04\/InglesTecnicoAgro.jpeg\" target=\"_blank\">Ingles T\u00e9cnico<\/a> &#8211; Entrevista presencial, el d\u00eda lunes 22\/04, a las 21:00 hs. Escuela N\u00b0 179 &#8211; Chumbicha<\/p>\n","protected":false},"excerpt":{"rendered":"<p>Practica Profesionalizante II &#8211; Entrevista presencial, el d\u00eda jueves 25\/04, a las 19:00 hs. Escuela N\u00b0 179 &#8211; Chumbicha Formaci\u00f3n Human\u00edstica II &#8211; Entrevista presencial, el d\u00eda martes 23\/04, a las 19:00 hs. Escuela N\u00b0 179 &#8211; Chumbicha Administraci\u00f3n y Organizaci\u00f3n Agropecuaria &#8211; Entrevista presencial, el d\u00eda martes 23\/04, a las 19:00 hs. Escuela N\u00b0 &#8230; <a title=\"Tecnicatura Superior en Gesti\u00f3n Agropecuaria\" class=\"read-more\" href=\"https:\/\/iescapayanch-cat.infd.edu.ar\/sitio\/tecnicatura-superior-en-gestion-agropecuaria\/\" aria-label=\"More on Tecnicatura Superior en Gesti\u00f3n Agropecuaria\">[+]<\/a><\/p>\n","protected":false},"author":1060,"featured_media":0,"parent":0,"menu_order":0,"comment_status":"closed","ping_status":"closed","template":"","meta":[],"acf":[],"_links":{"self":[{"href":"https:\/\/iescapayanch-cat.infd.edu.ar\/sitio\/wp-json\/wp\/v2\/pages\/4372"}],"collection":[{"href":"https:\/\/iescapayanch-cat.infd.edu.ar\/sitio\/wp-json\/wp\/v2\/pages"}],"about":[{"href":"https:\/\/iescapayanch-cat.infd.edu.ar\/sitio\/wp-json\/wp\/v2\/types\/page"}],"author":[{"embeddable":true,"href":"https:\/\/iescapayanch-cat.infd.edu.ar\/sitio\/wp-json\/wp\/v2\/users\/1060"}],"replies":[{"embeddable":true,"href":"https:\/\/iescapayanch-cat.infd.edu.ar\/sitio\/wp-json\/wp\/v2\/comments?post=4372"}],"version-history":[{"count":10,"href":"https:\/\/iescapayanch-cat.infd.edu.ar\/sitio\/wp-json\/wp\/v2\/pages\/4372\/revisions"}],"predecessor-version":[{"id":4486,"href":"https:\/\/iescapayanch-cat.infd.edu.ar\/sitio\/wp-json\/wp\/v2\/pages\/4372\/revisions\/4486"}],"wp:attachment":[{"href":"https:\/\/iescapayanch-cat.infd.edu.ar\/sitio\/wp-json\/wp\/v2\/media?parent=4372"}],"curies":[{"name":"wp","href":"https:\/\/api.w.org\/{rel}","templated":true}]}}