{"id":4368,"date":"2024-04-18T02:29:19","date_gmt":"2024-04-18T05:29:19","guid":{"rendered":"https:\/\/iescapayanch-cat.infd.edu.ar\/sitio\/?page_id=4368"},"modified":"2024-04-22T12:56:16","modified_gmt":"2024-04-22T15:56:16","slug":"tecnicatura-superior-en-turismo","status":"publish","type":"page","link":"https:\/\/iescapayanch-cat.infd.edu.ar\/sitio\/tecnicatura-superior-en-turismo\/","title":{"rendered":"Tecnicatura Superior en Turismo"},"content":{"rendered":"\n<p><a href=\"https:\/\/iescapayanch-cat.infd.edu.ar\/sitio\/wp-content\/uploads\/2024\/04\/gestionDesarrolloTerritorial-rotated.jpeg\" data-type=\"URL\" data-id=\"https:\/\/iescapayanch-cat.infd.edu.ar\/sitio\/wp-content\/uploads\/2024\/04\/gestionDesarrolloTerritorial-rotated.jpeg\" target=\"_blank\" rel=\"noreferrer noopener\">Gesti\u00f3n y Desarrollo Territorial<\/a> &#8211; Entrevista presencial, el d\u00eda martes 23\/04, a las 19:00 hs. Escuela N\u00b0 179 &#8211; Chumbicha<\/p>\n\n\n\n<p><a rel=\"noreferrer noopener\" href=\"https:\/\/iescapayanch-cat.infd.edu.ar\/sitio\/wp-content\/uploads\/2024\/04\/inglesIITurismo.jpeg\" data-type=\"URL\" data-id=\"https:\/\/iescapayanch-cat.infd.edu.ar\/sitio\/wp-content\/uploads\/2024\/04\/inglesIITurismo.jpeg\" target=\"_blank\">Ingles II<\/a> &#8211; Entrevista presencial, el d\u00eda lunes 22\/04, a las 21:00 hs. Escuela N\u00b0 179 &#8211; Chumbicha<\/p>\n\n\n\n<p><a href=\"https:\/\/iescapayanch-cat.infd.edu.ar\/sitio\/wp-content\/uploads\/2024\/04\/comunicacionMarketing-rotated.jpeg\" data-type=\"URL\" data-id=\"https:\/\/iescapayanch-cat.infd.edu.ar\/sitio\/wp-content\/uploads\/2024\/04\/comunicacionMarketing-rotated.jpeg\" target=\"_blank\" rel=\"noreferrer noopener\">Comercializaci\u00f3n y Marketing<\/a> &#8211; Entrevista presencial, el d\u00eda martes 23\/04, a las 19:00 hs. Escuela N\u00b0 179 &#8211; Chumbicha<\/p>\n\n\n\n<p><a href=\"https:\/\/iescapayanch-cat.infd.edu.ar\/sitio\/wp-content\/uploads\/2024\/04\/informaticaAplicada-rotated.jpeg\" data-type=\"URL\" data-id=\"https:\/\/iescapayanch-cat.infd.edu.ar\/sitio\/wp-content\/uploads\/2024\/04\/informaticaAplicada-rotated.jpeg\" target=\"_blank\" rel=\"noreferrer noopener\">Inform\u00e1tica Aplicada<\/a> &#8211; Entrevista presencial, el d\u00eda lunes 22\/04, a las 16:30 hs. Anexo Huillapima<\/p>\n\n\n\n<p class=\"has-contrast-color has-text-color\"><a rel=\"noreferrer noopener\" href=\"https:\/\/iescapayanch-cat.infd.edu.ar\/sitio\/wp-content\/uploads\/2024\/04\/serviciosTuristicos-1.jpeg\" data-type=\"URL\" data-id=\"https:\/\/iescapayanch-cat.infd.edu.ar\/sitio\/wp-content\/uploads\/2024\/04\/serviciosTuristicos-1.jpeg\" target=\"_blank\">Servicios Tur\u00edsticos <\/a>&#8211; Entrevista presencial, el d\u00eda jueves 25\/04, a las 19:00 hs. Escuela N\u00b0 179 &#8211; Chumbicha   <strong>LOM Rectificado<\/strong><\/p>\n\n\n\n<p><a rel=\"noreferrer noopener\" href=\"https:\/\/iescapayanch-cat.infd.edu.ar\/sitio\/wp-content\/uploads\/2024\/04\/geografiaTuristicaArgentinaAmericana-1.jpeg\" data-type=\"URL\" data-id=\"https:\/\/iescapayanch-cat.infd.edu.ar\/sitio\/wp-content\/uploads\/2024\/04\/geografiaTuristicaArgentinaAmericana-1.jpeg\" target=\"_blank\">Geograf\u00eda Tur\u00edstica Argentina y Americana<\/a> &#8211; Entrevista presencial, el d\u00eda jueves 25\/04, a las 19:00 hs. Escuela N\u00b0 179 &#8211; Chumbicha  <strong>LOM Rectificado<\/strong><\/p>\n\n\n\n<p><a rel=\"noreferrer noopener\" href=\"https:\/\/iescapayanch-cat.infd.edu.ar\/sitio\/wp-content\/uploads\/2024\/04\/patrimonioCulturalTuristico-1.jpeg\" data-type=\"URL\" data-id=\"https:\/\/iescapayanch-cat.infd.edu.ar\/sitio\/wp-content\/uploads\/2024\/04\/patrimonioCulturalTuristico-1.jpeg\" target=\"_blank\">Patrimonio Cultural Tur\u00edstico de Argentina y Americana<\/a> &#8211; Entrevista presencial, el d\u00eda jueves 25\/04, a las 19:00 hs. Escuela N\u00b0 179 &#8211; Chumbicha  <strong>LOM Rectificado<\/strong><\/p>\n\n\n\n<p><a rel=\"noreferrer noopener\" href=\"https:\/\/iescapayanch-cat.infd.edu.ar\/sitio\/wp-content\/uploads\/2024\/04\/programacion-de-circuitos-turisticos-locales-regionales-y-nacionales.jpeg\" data-type=\"URL\" data-id=\"https:\/\/iescapayanch-cat.infd.edu.ar\/sitio\/wp-content\/uploads\/2024\/04\/programacion-de-circuitos-turisticos-locales-regionales-y-nacionales.jpeg\" target=\"_blank\">Programaci\u00f3n de Circuitos Tur\u00edsticos Locales, Regionales y Nacionales<\/a> &#8211; Entrevista presencial, el d\u00eda jueves 25\/04, a las 19:00 hs. Escuela N\u00b0 179 &#8211; Chumbicha  <strong>LOM Rectificado<\/strong><\/p>\n\n\n\n<p><a rel=\"noreferrer noopener\" href=\"https:\/\/iescapayanch-cat.infd.edu.ar\/sitio\/wp-content\/uploads\/2024\/04\/formulacionEjecucionEvaluacionProyecto-1.jpeg\" data-type=\"URL\" data-id=\"https:\/\/iescapayanch-cat.infd.edu.ar\/sitio\/wp-content\/uploads\/2024\/04\/formulacionEjecucionEvaluacionProyecto-1.jpeg\" target=\"_blank\">Formulaci\u00f3n, Ejecuci\u00f3n y Evaluaci\u00f3n de Proyectos<\/a> &#8211; Entrevista presencial, el d\u00eda jueves 25\/04, a las 19:00 hs. Escuela N\u00b0 179 &#8211; Chumbicha  <strong>LOM Rectificado<\/strong><\/p>\n\n\n\n<p><a rel=\"noreferrer noopener\" href=\"https:\/\/iescapayanch-cat.infd.edu.ar\/sitio\/wp-content\/uploads\/2024\/04\/practicaProfesionalizanteTurismo.jpeg\" data-type=\"URL\" data-id=\"https:\/\/iescapayanch-cat.infd.edu.ar\/sitio\/wp-content\/uploads\/2024\/04\/practicaProfesionalizanteTurismo.jpeg\" target=\"_blank\">Practica Profesionalizante II<\/a> &#8211; Entrevista presencial, el d\u00eda jueves 25\/04, a las 19:00 hs. Escuela N\u00b0 179 &#8211; Chumbicha  <strong>LOM<\/strong> <strong>Rectificado<\/strong><\/p>\n","protected":false},"excerpt":{"rendered":"<p>Gesti\u00f3n y Desarrollo Territorial &#8211; Entrevista presencial, el d\u00eda martes 23\/04, a las 19:00 hs. Escuela N\u00b0 179 &#8211; Chumbicha Ingles II &#8211; Entrevista presencial, el d\u00eda lunes 22\/04, a las 21:00 hs. Escuela N\u00b0 179 &#8211; Chumbicha Comercializaci\u00f3n y Marketing &#8211; Entrevista presencial, el d\u00eda martes 23\/04, a las 19:00 hs. Escuela N\u00b0 179 &#8230; <a title=\"Tecnicatura Superior en Turismo\" class=\"read-more\" href=\"https:\/\/iescapayanch-cat.infd.edu.ar\/sitio\/tecnicatura-superior-en-turismo\/\" aria-label=\"More on Tecnicatura Superior en Turismo\">[+]<\/a><\/p>\n","protected":false},"author":1060,"featured_media":0,"parent":0,"menu_order":0,"comment_status":"closed","ping_status":"closed","template":"","meta":[],"acf":[],"_links":{"self":[{"href":"https:\/\/iescapayanch-cat.infd.edu.ar\/sitio\/wp-json\/wp\/v2\/pages\/4368"}],"collection":[{"href":"https:\/\/iescapayanch-cat.infd.edu.ar\/sitio\/wp-json\/wp\/v2\/pages"}],"about":[{"href":"https:\/\/iescapayanch-cat.infd.edu.ar\/sitio\/wp-json\/wp\/v2\/types\/page"}],"author":[{"embeddable":true,"href":"https:\/\/iescapayanch-cat.infd.edu.ar\/sitio\/wp-json\/wp\/v2\/users\/1060"}],"replies":[{"embeddable":true,"href":"https:\/\/iescapayanch-cat.infd.edu.ar\/sitio\/wp-json\/wp\/v2\/comments?post=4368"}],"version-history":[{"count":7,"href":"https:\/\/iescapayanch-cat.infd.edu.ar\/sitio\/wp-json\/wp\/v2\/pages\/4368\/revisions"}],"predecessor-version":[{"id":4482,"href":"https:\/\/iescapayanch-cat.infd.edu.ar\/sitio\/wp-json\/wp\/v2\/pages\/4368\/revisions\/4482"}],"wp:attachment":[{"href":"https:\/\/iescapayanch-cat.infd.edu.ar\/sitio\/wp-json\/wp\/v2\/media?parent=4368"}],"curies":[{"name":"wp","href":"https:\/\/api.w.org\/{rel}","templated":true}]}}