{"id":4232,"date":"2023-10-11T22:17:29","date_gmt":"2023-10-12T01:17:29","guid":{"rendered":"https:\/\/iescapayanch-cat.infd.edu.ar\/sitio\/?page_id=4232"},"modified":"2023-10-17T20:35:33","modified_gmt":"2023-10-17T23:35:33","slug":"resultados-definitivos-4-concurso-docente-2023","status":"publish","type":"page","link":"https:\/\/iescapayanch-cat.infd.edu.ar\/sitio\/resultados-definitivos-4-concurso-docente-2023\/","title":{"rendered":"Resultados definitivos 4\u00b0 concurso docente 2023"},"content":{"rendered":"\n<p><strong>Profesorado de Ingl\u00e9s<\/strong><\/p>\n\n\n\n<p><a href=\"https:\/\/iescapayanch-cat.infd.edu.ar\/sitio\/wp-content\/uploads\/2023\/10\/WhatsApp-Image-2023-10-17-at-20.07.31-e1697585273262.jpeg\" target=\"_blank\" rel=\"noreferrer noopener\">Educaci\u00f3n Sexual Integral \u2013 Sede Chumbicha<\/a>\u00a0<\/p>\n\n\n\n<p><a href=\"https:\/\/iescapayanch-cat.infd.edu.ar\/sitio\/wp-content\/uploads\/2023\/10\/WhatsApp-Image-2023-10-17-at-20.07.30-e1697585468792.jpeg\" data-type=\"URL\" data-id=\"https:\/\/iescapayanch-cat.infd.edu.ar\/sitio\/wp-content\/uploads\/2023\/10\/WhatsApp-Image-2023-10-17-at-20.07.30-e1697585468792.jpeg\" target=\"_blank\" rel=\"noreferrer noopener\">Educaci\u00f3n Sexual Integral \u2013 Anexo Huillapima<\/a><\/p>\n\n\n\n<p><strong>Profesorado de M\u00fasica<\/strong><\/p>\n\n\n\n<p><a href=\"https:\/\/iescapayanch-cat.infd.edu.ar\/sitio\/wp-content\/uploads\/2023\/10\/WhatsApp-Image-2023-10-11-at-21.14.26-e1697073176592.jpeg\" target=\"_blank\" rel=\"noreferrer noopener\">Pr\u00e1ctica de la Ense\u00f1anza (Especifico)&nbsp;<\/a><\/p>\n\n\n\n<p><a href=\"https:\/\/iescapayanch-cat.infd.edu.ar\/sitio\/wp-content\/uploads\/2023\/10\/WhatsApp-Image-2023-10-11-at-21.14.55-e1697073086657.jpeg\" target=\"_blank\" rel=\"noreferrer noopener\">Pr\u00e1cticas Instrumentales en Conjuntos convencionales y no convencionales<\/a>.<\/p>\n\n\n\n<p><a href=\"https:\/\/iescapayanch-cat.infd.edu.ar\/sitio\/wp-content\/uploads\/2023\/10\/WhatsApp-Image-2023-10-11-at-21.13.24-e1697073243656.jpeg\" target=\"_blank\" rel=\"noreferrer noopener\">Creaci\u00f3n Musical : A) Composici\u00f3n y Arreglos<\/a>&nbsp;<\/p>\n\n\n\n<p><a href=\"https:\/\/iescapayanch-cat.infd.edu.ar\/sitio\/wp-content\/uploads\/2023\/10\/WhatsApp-Image-2023-10-11-at-21.12.48-e1697073323103.jpeg\" target=\"_blank\" rel=\"noreferrer noopener\">Instrumento Principal II: Guitarra&nbsp;<\/a><\/p>\n\n\n\n<p><strong>Profesorado de Teatro<\/strong><\/p>\n\n\n\n<p><a href=\"https:\/\/iescapayanch-cat.infd.edu.ar\/sitio\/wp-content\/uploads\/2023\/10\/WhatsApp-Image-2023-10-11-at-21.21.19.jpeg\" target=\"_blank\" rel=\"noreferrer noopener\">Formaci\u00f3n Corporal y Vocal I<\/a><\/p>\n","protected":false},"excerpt":{"rendered":"<p>Profesorado de Ingl\u00e9s Educaci\u00f3n Sexual Integral \u2013 Sede Chumbicha\u00a0 Educaci\u00f3n Sexual Integral \u2013 Anexo Huillapima Profesorado de M\u00fasica Pr\u00e1ctica de la Ense\u00f1anza (Especifico)&nbsp; Pr\u00e1cticas Instrumentales en Conjuntos convencionales y no convencionales. Creaci\u00f3n Musical : A) Composici\u00f3n y Arreglos&nbsp; Instrumento Principal II: Guitarra&nbsp; Profesorado de Teatro Formaci\u00f3n Corporal y Vocal I<\/p>\n","protected":false},"author":16,"featured_media":0,"parent":0,"menu_order":0,"comment_status":"closed","ping_status":"closed","template":"","meta":[],"acf":[],"_links":{"self":[{"href":"https:\/\/iescapayanch-cat.infd.edu.ar\/sitio\/wp-json\/wp\/v2\/pages\/4232"}],"collection":[{"href":"https:\/\/iescapayanch-cat.infd.edu.ar\/sitio\/wp-json\/wp\/v2\/pages"}],"about":[{"href":"https:\/\/iescapayanch-cat.infd.edu.ar\/sitio\/wp-json\/wp\/v2\/types\/page"}],"author":[{"embeddable":true,"href":"https:\/\/iescapayanch-cat.infd.edu.ar\/sitio\/wp-json\/wp\/v2\/users\/16"}],"replies":[{"embeddable":true,"href":"https:\/\/iescapayanch-cat.infd.edu.ar\/sitio\/wp-json\/wp\/v2\/comments?post=4232"}],"version-history":[{"count":2,"href":"https:\/\/iescapayanch-cat.infd.edu.ar\/sitio\/wp-json\/wp\/v2\/pages\/4232\/revisions"}],"predecessor-version":[{"id":4241,"href":"https:\/\/iescapayanch-cat.infd.edu.ar\/sitio\/wp-json\/wp\/v2\/pages\/4232\/revisions\/4241"}],"wp:attachment":[{"href":"https:\/\/iescapayanch-cat.infd.edu.ar\/sitio\/wp-json\/wp\/v2\/media?parent=4232"}],"curies":[{"name":"wp","href":"https:\/\/api.w.org\/{rel}","templated":true}]}}