{"id":4145,"date":"2023-08-24T23:07:58","date_gmt":"2023-08-25T02:07:58","guid":{"rendered":"https:\/\/iescapayanch-cat.infd.edu.ar\/sitio\/?page_id=4145"},"modified":"2023-08-29T09:26:41","modified_gmt":"2023-08-29T12:26:41","slug":"resultados-definitivos-3er-concurso-docente-2023","status":"publish","type":"page","link":"https:\/\/iescapayanch-cat.infd.edu.ar\/sitio\/resultados-definitivos-3er-concurso-docente-2023\/","title":{"rendered":"Resultados definitivos 3er concurso docente 2023"},"content":{"rendered":"\n<p><strong>Profesorado de M\u00fasica<\/strong><\/p>\n\n\n\n<p><a href=\"https:\/\/iescapayanch-cat.infd.edu.ar\/sitio\/wp-content\/uploads\/2023\/08\/Didactica-de-la-Musica-I-FINAL.pdf\" target=\"_blank\" rel=\"noreferrer noopener\">Did\u00e1ctica de la M\u00fasica I<\/a><\/p>\n\n\n\n<p><a href=\"https:\/\/iescapayanch-cat.infd.edu.ar\/sitio\/wp-content\/uploads\/2023\/08\/PRODUCCION-FINAL-Opcion-Estudiantil-bPRODUCCION-FINAL-INTERDISCIPLINAR-final.pdf\" target=\"_blank\" rel=\"noreferrer noopener\">PRODUCCI\u00d3N FINAL: (Opci\u00f3n Estudiantil) b)PRODUCCI\u00d3N FINAL INTERDISCIPLINAR\u00a0<\/a><\/p>\n\n\n\n<p><a href=\"https:\/\/iescapayanch-cat.infd.edu.ar\/sitio\/wp-content\/uploads\/2023\/08\/INSTRUMENTO-PRINCIPAL-IV-GUITARRA-1.pdf\" target=\"_blank\" rel=\"noreferrer noopener\">INSTRUMENTO PRINCIPAL IV: GUITARRA<\/a><\/p>\n\n\n\n<p><a href=\"https:\/\/iescapayanch-cat.infd.edu.ar\/sitio\/wp-content\/uploads\/2023\/08\/CREACION-MUSICAL-Opcion-Estudiantil-b-IMPROVISACION-.pdf\" target=\"_blank\" rel=\"noreferrer noopener\">CREACI\u00d3N MUSICAL: (Opci\u00f3n Estudiantil) b) IMPROVISACI\u00d3N\u00a0\u2013<\/a><\/p>\n\n\n\n<p><a href=\"https:\/\/iescapayanch-cat.infd.edu.ar\/sitio\/wp-content\/uploads\/2023\/08\/CREACION-MUSICAL-Opcion-Estudiantil-a-Composicion-y-Arreglos.pdf\" target=\"_blank\" rel=\"noreferrer noopener\">CREACI\u00d3N MUSICAL: Opci\u00f3n Estudiantil &#8211; Composici\u00f3n y Arreglos <\/a><\/p>\n\n\n\n<p><\/p>\n\n\n\n<p><a href=\"https:\/\/iescapayanch-cat.infd.edu.ar\/sitio\/wp-content\/uploads\/2023\/08\/WhatsApp-Image-2023-08-24-at-22.20.30-e1692929200407.jpeg\" target=\"_blank\" rel=\"noreferrer noopener\">PROFESORADO DE M\u00daSICA \u2013 SOCIOLOG\u00cdA DE LA EDUCACI\u00d3N<\/a>&nbsp;<\/p>\n\n\n\n<p><a href=\"https:\/\/iescapayanch-cat.infd.edu.ar\/sitio\/wp-content\/uploads\/2023\/08\/WhatsApp-Image-2023-08-24-at-22.19.58-e1692929114396.jpeg\" target=\"_blank\" rel=\"noreferrer noopener\">PROFESORADO DE M\u00daSICA \u2013 TECNOLOGIA DE LA INFORMACION Y LA COMUNICACI\u00d3N&nbsp;<\/a><\/p>\n\n\n\n<p><a href=\"https:\/\/iescapayanch-cat.infd.edu.ar\/sitio\/wp-content\/uploads\/2023\/08\/WhatsApp-Image-2023-08-24-at-22.20.15-e1692929159711.jpeg\" target=\"_blank\" rel=\"noreferrer noopener\">PROFESORADO EN INGL\u00c9S PRACTICA II: CURRICULUM Y PROGRAMACI\u00d3N DE LA ENSE\u00d1ANZA&nbsp;<\/a><\/p>\n\n\n\n<p><a href=\"https:\/\/iescapayanch-cat.infd.edu.ar\/sitio\/wp-content\/uploads\/2023\/08\/WhatsApp-Image-2023-08-24-at-22.19.43-e1692929028979.jpeg\" target=\"_blank\" rel=\"noreferrer noopener\">TECNICATURA SUP. EN ENFERMER\u00cdA \u2013 INFORM\u00c1TICA \u2013 SEDE CHUMBICHA&nbsp;<\/a><\/p>\n\n\n\n<p><a href=\"https:\/\/iescapayanch-cat.infd.edu.ar\/sitio\/wp-content\/uploads\/2023\/08\/WhatsApp-Image-2023-08-24-at-22.19.44-e1692929076564.jpeg\" target=\"_blank\" rel=\"noreferrer noopener\">TECNICATURA SUP. EN ENFERMER\u00cdA \u2013 INFORM\u00c1TICA \u2013 ANEXO HUILLAPIMA&nbsp;<\/a><\/p>\n","protected":false},"excerpt":{"rendered":"<p>Profesorado de M\u00fasica Did\u00e1ctica de la M\u00fasica I PRODUCCI\u00d3N FINAL: (Opci\u00f3n Estudiantil) b)PRODUCCI\u00d3N FINAL INTERDISCIPLINAR\u00a0 INSTRUMENTO PRINCIPAL IV: GUITARRA CREACI\u00d3N MUSICAL: (Opci\u00f3n Estudiantil) b) IMPROVISACI\u00d3N\u00a0\u2013 CREACI\u00d3N MUSICAL: Opci\u00f3n Estudiantil &#8211; Composici\u00f3n y Arreglos PROFESORADO DE M\u00daSICA \u2013 SOCIOLOG\u00cdA DE LA EDUCACI\u00d3N&nbsp; PROFESORADO DE M\u00daSICA \u2013 TECNOLOGIA DE LA INFORMACION Y LA COMUNICACI\u00d3N&nbsp; PROFESORADO EN INGL\u00c9S &#8230; <a title=\"Resultados definitivos 3er concurso docente 2023\" class=\"read-more\" href=\"https:\/\/iescapayanch-cat.infd.edu.ar\/sitio\/resultados-definitivos-3er-concurso-docente-2023\/\" aria-label=\"More on Resultados definitivos 3er concurso docente 2023\">[+]<\/a><\/p>\n","protected":false},"author":16,"featured_media":0,"parent":0,"menu_order":0,"comment_status":"closed","ping_status":"closed","template":"","meta":[],"acf":[],"_links":{"self":[{"href":"https:\/\/iescapayanch-cat.infd.edu.ar\/sitio\/wp-json\/wp\/v2\/pages\/4145"}],"collection":[{"href":"https:\/\/iescapayanch-cat.infd.edu.ar\/sitio\/wp-json\/wp\/v2\/pages"}],"about":[{"href":"https:\/\/iescapayanch-cat.infd.edu.ar\/sitio\/wp-json\/wp\/v2\/types\/page"}],"author":[{"embeddable":true,"href":"https:\/\/iescapayanch-cat.infd.edu.ar\/sitio\/wp-json\/wp\/v2\/users\/16"}],"replies":[{"embeddable":true,"href":"https:\/\/iescapayanch-cat.infd.edu.ar\/sitio\/wp-json\/wp\/v2\/comments?post=4145"}],"version-history":[{"count":2,"href":"https:\/\/iescapayanch-cat.infd.edu.ar\/sitio\/wp-json\/wp\/v2\/pages\/4145\/revisions"}],"predecessor-version":[{"id":4157,"href":"https:\/\/iescapayanch-cat.infd.edu.ar\/sitio\/wp-json\/wp\/v2\/pages\/4145\/revisions\/4157"}],"wp:attachment":[{"href":"https:\/\/iescapayanch-cat.infd.edu.ar\/sitio\/wp-json\/wp\/v2\/media?parent=4145"}],"curies":[{"name":"wp","href":"https:\/\/api.w.org\/{rel}","templated":true}]}}