{"id":4113,"date":"2023-08-17T11:57:49","date_gmt":"2023-08-17T14:57:49","guid":{"rendered":"https:\/\/iescapayanch-cat.infd.edu.ar\/sitio\/?page_id=4113"},"modified":"2023-08-29T09:23:20","modified_gmt":"2023-08-29T12:23:20","slug":"resultados-parciales-3-concurso-docente-2023","status":"publish","type":"page","link":"https:\/\/iescapayanch-cat.infd.edu.ar\/sitio\/resultados-parciales-3-concurso-docente-2023\/","title":{"rendered":"Resultados parciales 3\u00b0 concurso docente 2023"},"content":{"rendered":"\n<p><strong><mark style=\"background-color:rgba(0, 0, 0, 0);color:#e51515\" class=\"has-inline-color\">Profesorado de M\u00fasica<\/mark><\/strong><\/p>\n\n\n\n<p><a rel=\"noreferrer noopener\" href=\"https:\/\/iescapayanch-cat.infd.edu.ar\/sitio\/wp-content\/uploads\/2023\/08\/Didactica-de-la-Musica-I.pdf\" target=\"_blank\">Did\u00e1ctica de la M\u00fasica I<\/a> -Entrevistas presenciales el d\u00eda lunes 28\/08 a las 16:30 hs. Anexo Huillapima<\/p>\n\n\n\n<p><a rel=\"noreferrer noopener\" href=\"https:\/\/iescapayanch-cat.infd.edu.ar\/sitio\/wp-content\/uploads\/2023\/08\/Produccion-Final-Op.-Est.-b-Prod.-Final-Interdisciplinar.pdf\" target=\"_blank\">PRODUCCI\u00d3N FINAL: (Opci\u00f3n Estudiantil) b)PRODUCCI\u00d3N FINAL INTERDISCIPLINAR<\/a> &#8211; Entrevistas presenciales el d\u00eda lunes 28\/08 a las 16:30 hs. Anexo Huillapima<\/p>\n\n\n\n<p><a rel=\"noreferrer noopener\" href=\"https:\/\/iescapayanch-cat.infd.edu.ar\/sitio\/wp-content\/uploads\/2023\/08\/Instrumento-Principal-IV-Guitarra.pdf\" target=\"_blank\">INSTRUMENTO PRINCIPAL IV: GUITARRA<\/a> &#8211; Entrevistas presenciales el d\u00eda lunes 28\/08 a las 16:30 hs. Anexo Huillapima<\/p>\n\n\n\n<p><a rel=\"noreferrer noopener\" href=\"https:\/\/iescapayanch-cat.infd.edu.ar\/sitio\/wp-content\/uploads\/2023\/08\/Creacion-Musical-Op.-Estudiantil-b-Improvisacion.pdf\" target=\"_blank\">CREACI\u00d3N MUSICAL: (Opci\u00f3n Estudiantil) b) IMPROVISACI\u00d3N<\/a> &#8211; Entrevistas presenciales el d\u00eda lunes 28\/08 a las 16:30 hs. Anexo Huillapima<\/p>\n\n\n\n<p><\/p>\n\n\n\n<p><strong><mark style=\"background-color:rgba(0, 0, 0, 0);color:#ce1919\" class=\"has-inline-color\">Espacios curriculares Generalistas<\/mark><\/strong><\/p>\n\n\n\n<p><a rel=\"noreferrer noopener\" href=\"https:\/\/iescapayanch-cat.infd.edu.ar\/sitio\/wp-content\/uploads\/2023\/08\/SOCIOLOGIA-LOM-IES-CAPAYAN.pdf\" target=\"_blank\">PROFESORADO DE M\u00daSICA &#8211; SOCIOLOG\u00cdA DE LA EDUCACI\u00d3N<\/a> &#8211; Entrevistas presenciales el d\u00eda jueves 24\/08 a las 19 hs. Sede Chumbicha<\/p>\n\n\n\n<p><a rel=\"noreferrer noopener\" href=\"https:\/\/iescapayanch-cat.infd.edu.ar\/sitio\/wp-content\/uploads\/2023\/08\/PROFESORADO-DE-MUSICA-TECNOLOGIA-DE-LA-INFORMACION-Y-LA-COMUNICACION-LOM-TACHAS.pdf\" target=\"_blank\">PROFESORADO DE M\u00daSICA &#8211; TECNOLOGIA DE LA INFORMACION Y LA COMUNICACI\u00d3N<\/a> &#8211; PLANILLA MODIFICADA, SEG\u00daN PERIODO DE TACHAS &#8211; Entrevistas presenciales el d\u00eda jueves 24\/08 a las 19 hs. Sede Chumbicha<\/p>\n\n\n\n<p><a rel=\"noreferrer noopener\" href=\"https:\/\/iescapayanch-cat.infd.edu.ar\/sitio\/wp-content\/uploads\/2023\/08\/PRACTICA-II-LOM-IES-CAPAYAN.pdf\" target=\"_blank\">PROFESORADO EN INGL\u00c9S PRACTICA II: CURRICULUM Y PROGRAMACI\u00d3N DE LA ENSE\u00d1ANZA<\/a> &#8211; Entrevistas presenciales el d\u00eda jueves 24\/08 a las 19 hs. Sede Chumbicha<\/p>\n\n\n\n<p>T<a rel=\"noreferrer noopener\" href=\"https:\/\/iescapayanch-cat.infd.edu.ar\/sitio\/wp-content\/uploads\/2023\/08\/TECNICATURA-SUP.-EN-ENFERMERIA-INFORMATICA-SEDE-CHUMBICHA-LOM-TACHAS.pdf\" target=\"_blank\">ECNICATURA SUP. EN ENFERMER\u00cdA &#8211; INFORM\u00c1TICA &#8211; SEDE CHUMBICHA<\/a> &#8211; PLANILLA MODIFICADA, SEG\u00daN PERIODO DE TACHAS -Entrevistas presenciales el d\u00eda jueves 24\/08 a las 19 hs. Sede Chumbicha<\/p>\n\n\n\n<p><a rel=\"noreferrer noopener\" href=\"https:\/\/iescapayanch-cat.infd.edu.ar\/sitio\/wp-content\/uploads\/2023\/08\/TECNICATURA-SUP.-EN-ENFERMERIA-INFORMATICA-SEDE-HUILLAPIMA-LOM-TACHAS-1.pdf\" target=\"_blank\">TECNICATURA SUP. EN ENFERMER\u00cdA &#8211; INFORM\u00c1TICA &#8211; ANEXO HUILLAPIMA<\/a> &#8211;  PLANILLA MODIFICADA, SEG\u00daN PERIODO DE TACHAS -Entrevistas presenciales el d\u00eda jueves 24\/08 a las 19 hs. Sede Chumbicha<\/p>\n\n\n\n<p><\/p>\n","protected":false},"excerpt":{"rendered":"<p>Profesorado de M\u00fasica Did\u00e1ctica de la M\u00fasica I -Entrevistas presenciales el d\u00eda lunes 28\/08 a las 16:30 hs. Anexo Huillapima PRODUCCI\u00d3N FINAL: (Opci\u00f3n Estudiantil) b)PRODUCCI\u00d3N FINAL INTERDISCIPLINAR &#8211; Entrevistas presenciales el d\u00eda lunes 28\/08 a las 16:30 hs. Anexo Huillapima INSTRUMENTO PRINCIPAL IV: GUITARRA &#8211; Entrevistas presenciales el d\u00eda lunes 28\/08 a las 16:30 hs. &#8230; <a title=\"Resultados parciales 3\u00b0 concurso docente 2023\" class=\"read-more\" href=\"https:\/\/iescapayanch-cat.infd.edu.ar\/sitio\/resultados-parciales-3-concurso-docente-2023\/\" aria-label=\"More on Resultados parciales 3\u00b0 concurso docente 2023\">[+]<\/a><\/p>\n","protected":false},"author":16,"featured_media":0,"parent":0,"menu_order":0,"comment_status":"closed","ping_status":"closed","template":"","meta":[],"acf":[],"_links":{"self":[{"href":"https:\/\/iescapayanch-cat.infd.edu.ar\/sitio\/wp-json\/wp\/v2\/pages\/4113"}],"collection":[{"href":"https:\/\/iescapayanch-cat.infd.edu.ar\/sitio\/wp-json\/wp\/v2\/pages"}],"about":[{"href":"https:\/\/iescapayanch-cat.infd.edu.ar\/sitio\/wp-json\/wp\/v2\/types\/page"}],"author":[{"embeddable":true,"href":"https:\/\/iescapayanch-cat.infd.edu.ar\/sitio\/wp-json\/wp\/v2\/users\/16"}],"replies":[{"embeddable":true,"href":"https:\/\/iescapayanch-cat.infd.edu.ar\/sitio\/wp-json\/wp\/v2\/comments?post=4113"}],"version-history":[{"count":7,"href":"https:\/\/iescapayanch-cat.infd.edu.ar\/sitio\/wp-json\/wp\/v2\/pages\/4113\/revisions"}],"predecessor-version":[{"id":4139,"href":"https:\/\/iescapayanch-cat.infd.edu.ar\/sitio\/wp-json\/wp\/v2\/pages\/4113\/revisions\/4139"}],"wp:attachment":[{"href":"https:\/\/iescapayanch-cat.infd.edu.ar\/sitio\/wp-json\/wp\/v2\/media?parent=4113"}],"curies":[{"name":"wp","href":"https:\/\/api.w.org\/{rel}","templated":true}]}}