{"id":3900,"date":"2023-06-09T00:13:27","date_gmt":"2023-06-09T03:13:27","guid":{"rendered":"https:\/\/iescapayanch-cat.infd.edu.ar\/sitio\/?page_id=3900"},"modified":"2023-06-14T17:41:38","modified_gmt":"2023-06-14T20:41:38","slug":"resultados-parciales-2-llamado-a-concurso-docente-2023","status":"publish","type":"page","link":"https:\/\/iescapayanch-cat.infd.edu.ar\/sitio\/resultados-parciales-2-llamado-a-concurso-docente-2023\/","title":{"rendered":"Resultados parciales &#8211; 2\u00b0 llamado a concurso docente 2023"},"content":{"rendered":"\n<p><strong>TRIBUNAL GENERALISTA<\/strong><\/p>\n\n\n\n<p><a rel=\"noreferrer noopener\" href=\"https:\/\/iescapayanch-cat.infd.edu.ar\/sitio\/wp-content\/uploads\/2023\/06\/ORDEN-DE-MERITO.-PRACTICA-Y-RESIDENCIA.-PROF.-MUSICA.pdf\" target=\"_blank\">PR\u00c1CTICA Y RESIDENCIA <\/a> &#8211; PROF. DE M\u00daSICA &#8211; ENTREVISTA D\u00cdA MIERCOLES 21\/06 A LAS 16: 30 HS. ANEXO HUILAPIMA<\/p>\n\n\n\n<p><a rel=\"noreferrer noopener\" href=\"https:\/\/iescapayanch-cat.infd.edu.ar\/sitio\/wp-content\/uploads\/2023\/06\/PROGRAMACION-Y-PRACTICA-DE-LA-ENSENANZA.pdf\" target=\"_blank\">PR\u00c1CTICA Y PROGRAMACI\u00d3N DE LA ENSE\u00d1ANZA<\/a> &#8211; PROF. DE INGL\u00c9S &#8211;  ENTREVISTA D\u00cdA MIERCOLES 21\/06 A LAS 16: 30 HS. ANEXO HUILAPIMA<\/p>\n\n\n\n<p><a rel=\"noreferrer noopener\" href=\"https:\/\/iescapayanch-cat.infd.edu.ar\/sitio\/wp-content\/uploads\/2023\/06\/PROBLEMATICAS-EDUCATIVAS-CONTEMPORANEAS.pdf\" target=\"_blank\">PROBLEMAS EDUCATIVOS CONTEMPORANEOS<\/a> &#8211; PROF. DE INGL\u00c9S &#8211; ENTREVISTA D\u00cdA VIERNES 23\/06 A LAS 16:30 HS. ANEXO HUILLAPIMA<\/p>\n\n\n\n<p><a rel=\"noreferrer noopener\" href=\"https:\/\/iescapayanch-cat.infd.edu.ar\/sitio\/wp-content\/uploads\/2023\/06\/ORDEN-DE-MERITO.-SOCIOLOGIA-DE-LA-EDUC.-PROF.-TEATRO-2.pdf\" target=\"_blank\">SOCIOLOG\u00cdA DE LA EDUCACI\u00d3N<\/a> &#8211;  PROF. DE TEATRO &#8211; PLANILLA LOM MODIFICADA, POR UN ERROR INVOLUNTARIO EN EL PROCESO DE EVALUACI\u00d3N DE ANTECEDENTES Y T\u00cdTULOS &#8211;  ENTREVISTA D\u00cdA VIERNES 23\/06 A LAS 16:30 HS. ANEXO HUILLAPIMA<\/p>\n\n\n\n<p><a rel=\"noreferrer noopener\" href=\"https:\/\/iescapayanch-cat.infd.edu.ar\/sitio\/wp-content\/uploads\/2023\/06\/ETICA-PROFESIONAL.pdf\" target=\"_blank\">\u00c9TICA PROFESIONAL<\/a> -ENTREVISTA MI\u00c9RCOLES 28\/06 A LAS 16:30 HS ANEXO HUILLAPIMA<\/p>\n\n\n\n<p><a rel=\"noreferrer noopener\" href=\"https:\/\/iescapayanch-cat.infd.edu.ar\/sitio\/wp-content\/uploads\/2023\/06\/EDI.pdf\" target=\"_blank\">EDI<\/a> &#8211; PROF. DE M\u00daSICA &#8211;  ENTREVISTA MI\u00c9RCOLES 28\/06 A LAS 16:30 HS ANEXO HUILLAPIMA<\/p>\n\n\n\n<p><\/p>\n\n\n\n<p><strong>PROFESORADO DE DANZA<\/strong><\/p>\n\n\n\n<p><a href=\"https:\/\/iescapayanch-cat.infd.edu.ar\/sitio\/wp-content\/uploads\/2023\/06\/Lenguaje-de-la-Danza-Opcion-estudiantil-b-Malambo-DANZA.pdf\" target=\"_blank\" rel=\"noreferrer noopener\">LENGUAJE DE LA DANZA(Opci\u00f3n Estudiantil): b) Malambo <\/a><\/p>\n\n\n\n<p><a href=\"https:\/\/iescapayanch-cat.infd.edu.ar\/sitio\/wp-content\/uploads\/2023\/06\/E.D.I.-III-Danza-con-eje-en-el-Lenguaje-DANZA.pdf\" target=\"_blank\" rel=\"noreferrer noopener\">E.D.I. III (Danza con Eje en el Lenguaje)<\/a><\/p>\n\n\n\n<p><a href=\"https:\/\/iescapayanch-cat.infd.edu.ar\/sitio\/wp-content\/uploads\/2023\/06\/E.D.I.-IV-Danza-con-eje-en-el-Lenguaje.-DANZA.pdf\" target=\"_blank\" rel=\"noreferrer noopener\">E.D.I.IV(DANZA CON EJE EN EL LENGUAJE)<\/a> <\/p>\n\n\n\n<p><a href=\"https:\/\/iescapayanch-cat.infd.edu.ar\/sitio\/wp-content\/uploads\/2023\/06\/Didactica-de-la-Danza-II-segun-Modalidades-y-Sujetos.-DANZA.pdf\" target=\"_blank\" rel=\"noreferrer noopener\">DID\u00c1CTICA DE LA DANZA II (Seg\u00fan Modalidades y Sujetos) <\/a><\/p>\n\n\n\n<p><a href=\"https:\/\/iescapayanch-cat.infd.edu.ar\/sitio\/wp-content\/uploads\/2023\/06\/Practicas-de-la-Ensenanza-Especifica.DANZA_.pdf\" target=\"_blank\" rel=\"noreferrer noopener\">PR\u00c1CTICAS DE LA ENSE\u00d1ANZA (Especifica) <\/a><\/p>\n\n\n\n<p><a rel=\"noreferrer noopener\" href=\"https:\/\/iescapayanch-cat.infd.edu.ar\/sitio\/wp-content\/uploads\/2023\/06\/Investigacion-Educativa-en-Artes-del-Movimiento.pdf\" target=\"_blank\"> INVESTIGACI\u00d3N EDUCATIVA EN ARTES DEL MOVIMIENTO<\/a><\/p>\n\n\n\n<p>ENTREVISTA MI\u00c9RCOLES 13\/06 A LAS 19 hs &#8211; SEDE CHUMBICHA<\/p>\n\n\n\n<p><\/p>\n\n\n\n<p><strong>TECNICATURA SUPERIOR DE LABORATORIO EN AN\u00c1LISIS CL\u00cdNICO<\/strong><\/p>\n\n\n\n<p><a href=\"https:\/\/iescapayanch-cat.infd.edu.ar\/sitio\/wp-content\/uploads\/2023\/06\/Planilla-de-Orden-de-Merito-Bioquimia-Clinica.pdf\" target=\"_blank\" rel=\"noreferrer noopener\">BIOQU\u00cdMICA CL\u00cdNICA <\/a><\/p>\n\n\n\n<p><a href=\"https:\/\/iescapayanch-cat.infd.edu.ar\/sitio\/wp-content\/uploads\/2023\/06\/Planilla-de-Orden-de-Merito-Practica-de-Bioquimica-Clinica-I.pdf\" target=\"_blank\" rel=\"noreferrer noopener\">PR\u00c1CTICA DE BIOQU\u00cdMICA CL\u00cdNICA I<\/a><\/p>\n\n\n\n<p>ENTREVISTA D\u00cdA MARTES 13 A LAS 16:30 HS- ANEXO HUILLAPIMA<\/p>\n\n\n\n<p><\/p>\n\n\n\n<p><strong>PROFESORADO DE M\u00daSICA<\/strong><\/p>\n\n\n\n<p><a rel=\"noreferrer noopener\" href=\"https:\/\/iescapayanch-cat.infd.edu.ar\/sitio\/wp-content\/uploads\/2023\/06\/Ensenanza-de-la-Musica-a-Sujetos-NEE-1.pdf\" target=\"_blank\">ENSE\u00d1ANZA DE LA M\u00daSICA A SUJETOS CON N.E.E.<\/a> &#8211; ENTREVISTA EL D\u00cdA MI\u00c9RCOLES 14\/06 A LAS 16: 30 HS- ANEXO HUILLAPIMA<\/p>\n\n\n\n<p><a rel=\"noreferrer noopener\" href=\"https:\/\/iescapayanch-cat.infd.edu.ar\/sitio\/wp-content\/uploads\/2023\/06\/Instrumento-Principal-III-Piano-1.pdf\" target=\"_blank\">INSTRUMENTO PRINCIPAL III: PIANO<\/a> &#8211; ENTREVISTA EL D\u00cdA MI\u00c9RCOLES 14\/06 A LAS 16: 30 HS- ANEXO HUILLAPIMA<\/p>\n\n\n\n<p><a rel=\"noreferrer noopener\" href=\"https:\/\/iescapayanch-cat.infd.edu.ar\/sitio\/wp-content\/uploads\/2023\/06\/Instrumento-Principal-IV-Piano-1.pdf\" target=\"_blank\">INSTRUMENTO PRINCIPAL IV: PIANO<\/a> &#8211; ENTREVISTA EL D\u00cdA MI\u00c9RCOLES 14\/06 A LAS 16: 30 HS- ANEXO HUILLAPIMA<\/p>\n\n\n\n<p><a rel=\"noreferrer noopener\" href=\"https:\/\/iescapayanch-cat.infd.edu.ar\/sitio\/wp-content\/uploads\/2023\/06\/Musica-Vocal-II-Op.-Est.-a-Conjunto-Vocal-1.pdf\" target=\"_blank\">M\u00daSICA VOCAL II: (Opci\u00f3n Estudiantil) a)CONJUNTO VOCAL <\/a>&#8211; ENTREVISTA EL D\u00cdA MI\u00c9RCOLES 21\/06 A LAS 16: 30 HS- ANEXO HUILLAPIMA<\/p>\n\n\n\n<p><a rel=\"noreferrer noopener\" href=\"https:\/\/iescapayanch-cat.infd.edu.ar\/sitio\/wp-content\/uploads\/2023\/06\/Musica-Vocal-II-Op.-Est.-b-Direccion-Coral-1.pdf\" target=\"_blank\">M\u00daSICA VOCAL II: (Opci\u00f3n Estudiantil) b) DIRECCI\u00d3N CORAL<\/a> ENTREVISTA EL D\u00cdA MI\u00c9RCOLES 21\/06 A LAS 16: 30 HS- ANEXO HUILLAPIMA<\/p>\n\n\n\n<p><a rel=\"noreferrer noopener\" href=\"https:\/\/iescapayanch-cat.infd.edu.ar\/sitio\/wp-content\/uploads\/2023\/06\/Instrumento-Principal-IV-Cuerdas-1.pdf\" target=\"_blank\">INSTRUMENTO PRINCIPAL IV: CUERDAS<\/a> &#8211; ENTREVISTA EL D\u00cdA MI\u00c9RCOLES 21\/06 A LAS 16: 30 HS- ANEXO HUILLAPIMA<\/p>\n\n\n\n<p><\/p>\n\n\n\n<p><strong>TECNICATURA SUPERIOR EN GESTI\u00d3N DE LA PRODUCCI\u00d3N AGROPECUARIA<\/strong><\/p>\n\n\n\n<p>ESTAD\u00cdSTICA APLICADA  <a href=\"https:\/\/iescapayanch-cat.infd.edu.ar\/sitio\/wp-content\/uploads\/2023\/06\/WhatsApp-Image-2023-06-07-at-23.36.10.jpeg\" target=\"_blank\" rel=\"noreferrer noopener\">Planilla 1 <\/a>&#8211; <a href=\"https:\/\/iescapayanch-cat.infd.edu.ar\/sitio\/wp-content\/uploads\/2023\/06\/WhatsApp-Image-2023-06-07-at-23.36.10-1.jpeg\" target=\"_blank\" rel=\"noreferrer noopener\">Planilla 2<\/a><\/p>\n\n\n\n<p><a href=\"https:\/\/iescapayanch-cat.infd.edu.ar\/sitio\/wp-content\/uploads\/2023\/06\/WhatsApp-Image-2023-06-07-at-23.36.09-1.jpeg\" target=\"_blank\" rel=\"noreferrer noopener\">F\u00cdSICA Y QU\u00cdMICA<\/a> <\/p>\n\n\n\n<p><a href=\"https:\/\/iescapayanch-cat.infd.edu.ar\/sitio\/wp-content\/uploads\/2023\/06\/WhatsApp-Image-2023-06-07-at-23.36.09.jpeg\">FORMACI\u00d3N HUMANISTICA I<\/a><\/p>\n\n\n\n<p>ENTREVISTA EL D\u00cdA LUNES 12\/06 A LAS 19 HS. SEDE CHUMBICHA<\/p>\n\n\n\n<p><strong>TECNICATURA SUPERIOR EN TURISMO<\/strong><\/p>\n\n\n\n<p><a rel=\"noreferrer noopener\" href=\"https:\/\/iescapayanch-cat.infd.edu.ar\/sitio\/wp-content\/uploads\/2023\/06\/LOM-PROVIS-GEOGRAFIA-TURISTICA-DE-CTCA-Y-EL-NOA.pdf\" target=\"_blank\">GEOGRAF\u00cdA TURISTICA DE CATAMARCA Y EL NOA <\/a>&#8211; ENTREVISTAS: JUEVES 15\/6\/23 A LAS 19HS &#8211; Sede Chumbicha<\/p>\n\n\n\n<p><a rel=\"noreferrer noopener\" href=\"https:\/\/iescapayanch-cat.infd.edu.ar\/sitio\/wp-content\/uploads\/2023\/06\/LOM-PROVIS-HISTORIA-ARG-Y-PATRIM-CULT.pdf\" target=\"_blank\">HISTORIA ARGENTINA Y PATRIMONIO CULTURAL <\/a>&#8211; ENTREVISTAS: JUEVES 15\/6\/23 A LAS 19HS &#8211; Sede Chumbicha<\/p>\n\n\n\n<p><a rel=\"noreferrer noopener\" href=\"https:\/\/iescapayanch-cat.infd.edu.ar\/sitio\/wp-content\/uploads\/2023\/06\/LOM-PROVIS-PATRIMONIO-1-1.pdf\" target=\"_blank\">PATRIMONIO CULTURAL TURISTICO DE CATAMARCA<\/a><a rel=\"noreferrer noopener\" href=\"https:\/\/iescapayanch-cat.infd.edu.ar\/sitio\/wp-content\/uploads\/2023\/06\/LOM-PROVIS-PATRIMONIO.pdf\" target=\"_blank\"> <\/a>&#8211; (Planilla LOM Modificada, por periodo de tachas)  ENTREVISTAS: JUEVES 15\/6\/23 A LAS 19HS &#8211; Sede Chumbicha<\/p>\n\n\n\n<p><a rel=\"noreferrer noopener\" href=\"https:\/\/iescapayanch-cat.infd.edu.ar\/sitio\/wp-content\/uploads\/2023\/06\/LOM-PROVIS-PRACTICAS-PROFESIONALIZANTES-I.pdf\" target=\"_blank\">PRACTICA PROFESIONALIZANTE I<\/a> &#8211; MARTES 13\/6\/23 A LAS 19 HS &#8211; Sede Chumbicha<\/p>\n\n\n\n<p><a rel=\"noreferrer noopener\" href=\"https:\/\/iescapayanch-cat.infd.edu.ar\/sitio\/wp-content\/uploads\/2023\/06\/LOM-PROVIS-DE-INGLES-I.pdf\" target=\"_blank\">INGL\u00c9S I <\/a>-MARTES 13\/6\/23 A LAS 19 HS &#8211; Sede Chumbicha<\/p>\n\n\n\n<p><strong>PROFESORADO DE TEATRO<\/strong><\/p>\n\n\n\n<p><a rel=\"noreferrer noopener\" href=\"https:\/\/iescapayanch-cat.infd.edu.ar\/sitio\/wp-content\/uploads\/2023\/06\/CamScanner-08-06-2023-23.59.pdf\" target=\"_blank\">FORMACI\u00d3N CORPORAL Y VOCAL I<\/a><\/p>\n\n\n\n<p><\/p>\n\n\n\n<p><strong>PROFESORADO DE M\u00daSICA<\/strong><\/p>\n\n\n\n<p><a href=\"https:\/\/iescapayanch-cat.infd.edu.ar\/sitio\/wp-content\/uploads\/2023\/06\/Tecnologia-Musical-Basica.pdf\" target=\"_blank\" rel=\"noreferrer noopener\">TECNOLOG\u00cdA MUSICAL B\u00c1SICA<\/a><\/p>\n\n\n\n<p><a href=\"https:\/\/iescapayanch-cat.infd.edu.ar\/sitio\/wp-content\/uploads\/2023\/06\/Produccion-Artistica-Individual-.pdf\" target=\"_blank\" rel=\"noreferrer noopener\">PRODUCCI\u00d3N FINAL: (Opci\u00f3n estudiantil) a) PRODUCCI\u00d3N ARTISTICA INDIVIDUAL<\/a><\/p>\n\n\n\n<p><a href=\"https:\/\/iescapayanch-cat.infd.edu.ar\/sitio\/wp-content\/uploads\/2023\/06\/Produccion-final-Interdisciplinar.pdf\" target=\"_blank\" rel=\"noreferrer noopener\">PRODUCCI\u00d3N FINAL: (Opci\u00f3n Estudiantil) b) PRODUCCI\u00d3N FINAL INTERDISCIPLINAR<\/a><\/p>\n\n\n\n<p><a href=\"https:\/\/iescapayanch-cat.infd.edu.ar\/sitio\/wp-content\/uploads\/2023\/06\/Instrumento-principal-guitarra-IV.pdf\" target=\"_blank\" rel=\"noreferrer noopener\">INSTRUMENTO PRINCIPAL IV: GUITARRA<\/a><\/p>\n\n\n\n<p><a href=\"https:\/\/iescapayanch-cat.infd.edu.ar\/sitio\/wp-content\/uploads\/2023\/06\/Practica-Docente-y-Residencia.pdf\" target=\"_blank\" rel=\"noreferrer noopener\">PRACTICA DOCENTE Y RESIDENCIA (Especifica)<\/a><\/p>\n\n\n\n<p>ENTREVISTA D\u00cdA MIERCOLES 14\/06 A LAS 16:30 HS. ANEXO HUILLAPIMA <\/p>\n\n\n\n<p><strong><u><mark style=\"background-color:rgba(0, 0, 0, 0);color:#ed1d1d\" class=\"has-inline-color\"><em>Aclaraci\u00f3n<\/em>: <\/mark><\/u><\/strong><\/p>\n\n\n\n<ul>\n<li>Las planillas de orden de m\u00e9rito parciales de los espacios generalistas: Sociolog\u00eda de la educaci\u00f3n (teatro), Problemas del mundo contempor\u00e1neo (ingles), Pr\u00e1ctica II: curriculum y programaci\u00f3n de la ense\u00f1anza (ingles), Pr\u00e1ctica docente y residencia (m\u00fasica). EDI (Propuesta de Definici\u00f3n Institucional). M\u00fasica \u00c9tica Profesional. M\u00fasica. Los mismos se publicar\u00e1n el d\u00eda lunes 12\/06, dada la cantidad de postulantes para evaluaci\u00f3n de t\u00edtulos y antecedentes.<\/li>\n<\/ul>\n\n\n\n<p><\/p>\n","protected":false},"excerpt":{"rendered":"<p>TRIBUNAL GENERALISTA PR\u00c1CTICA Y RESIDENCIA &#8211; PROF. DE M\u00daSICA &#8211; ENTREVISTA D\u00cdA MIERCOLES 21\/06 A LAS 16: 30 HS. ANEXO HUILAPIMA PR\u00c1CTICA Y PROGRAMACI\u00d3N DE LA ENSE\u00d1ANZA &#8211; PROF. DE INGL\u00c9S &#8211; ENTREVISTA D\u00cdA MIERCOLES 21\/06 A LAS 16: 30 HS. ANEXO HUILAPIMA PROBLEMAS EDUCATIVOS CONTEMPORANEOS &#8211; PROF. DE INGL\u00c9S &#8211; ENTREVISTA D\u00cdA VIERNES 23\/06 &#8230; <a title=\"Resultados parciales &#8211; 2\u00b0 llamado a concurso docente 2023\" class=\"read-more\" href=\"https:\/\/iescapayanch-cat.infd.edu.ar\/sitio\/resultados-parciales-2-llamado-a-concurso-docente-2023\/\" aria-label=\"More on Resultados parciales &#8211; 2\u00b0 llamado a concurso docente 2023\">[+]<\/a><\/p>\n","protected":false},"author":16,"featured_media":0,"parent":0,"menu_order":0,"comment_status":"closed","ping_status":"closed","template":"","meta":[],"acf":[],"_links":{"self":[{"href":"https:\/\/iescapayanch-cat.infd.edu.ar\/sitio\/wp-json\/wp\/v2\/pages\/3900"}],"collection":[{"href":"https:\/\/iescapayanch-cat.infd.edu.ar\/sitio\/wp-json\/wp\/v2\/pages"}],"about":[{"href":"https:\/\/iescapayanch-cat.infd.edu.ar\/sitio\/wp-json\/wp\/v2\/types\/page"}],"author":[{"embeddable":true,"href":"https:\/\/iescapayanch-cat.infd.edu.ar\/sitio\/wp-json\/wp\/v2\/users\/16"}],"replies":[{"embeddable":true,"href":"https:\/\/iescapayanch-cat.infd.edu.ar\/sitio\/wp-json\/wp\/v2\/comments?post=3900"}],"version-history":[{"count":17,"href":"https:\/\/iescapayanch-cat.infd.edu.ar\/sitio\/wp-json\/wp\/v2\/pages\/3900\/revisions"}],"predecessor-version":[{"id":3996,"href":"https:\/\/iescapayanch-cat.infd.edu.ar\/sitio\/wp-json\/wp\/v2\/pages\/3900\/revisions\/3996"}],"wp:attachment":[{"href":"https:\/\/iescapayanch-cat.infd.edu.ar\/sitio\/wp-json\/wp\/v2\/media?parent=3900"}],"curies":[{"name":"wp","href":"https:\/\/api.w.org\/{rel}","templated":true}]}}