{"id":3772,"date":"2023-04-19T23:36:52","date_gmt":"2023-04-20T02:36:52","guid":{"rendered":"https:\/\/iescapayanch-cat.infd.edu.ar\/sitio\/?page_id=3772"},"modified":"2023-05-08T22:04:16","modified_gmt":"2023-05-09T01:04:16","slug":"resultados-definitivos-1-concurso-docente-2-023","status":"publish","type":"page","link":"https:\/\/iescapayanch-cat.infd.edu.ar\/sitio\/resultados-definitivos-1-concurso-docente-2-023\/","title":{"rendered":"Resultados definitivos 1\u00b0 Concurso Docente 2.023"},"content":{"rendered":"\n<p>Profesorado en M\u00fasica<\/p>\n\n\n\n<p><a href=\"https:\/\/iescapayanch-cat.infd.edu.ar\/sitio\/wp-content\/uploads\/2023\/04\/WhatsApp-Image-2023-04-26-at-19.08.10-e1682549330218.jpeg\" target=\"_blank\" rel=\"noreferrer noopener\">Pr\u00e1ctica y Residencia<\/a>  <\/p>\n\n\n\n<p><a href=\"https:\/\/iescapayanch-cat.infd.edu.ar\/sitio\/wp-content\/uploads\/2023\/04\/WhatsApp-Image-2023-04-26-at-19.08.10-1-e1682549458324.jpeg\" target=\"_blank\" rel=\"noreferrer noopener\">Tecnolog\u00eda Musical B\u00e1sica <\/a><\/p>\n\n\n\n<p><strong>Tecnicatura en Turismo<\/strong><\/p>\n\n\n\n<p><a href=\"https:\/\/iescapayanch-cat.infd.edu.ar\/sitio\/wp-content\/uploads\/2023\/04\/WhatsApp-Image-2023-04-26-at-19.08.11-e1682549653289.jpeg\" target=\"_blank\" rel=\"noreferrer noopener\">Ingl\u00e9s I <\/a><\/p>\n\n\n\n<p><strong>Profesorado en M\u00fasica<\/strong><\/p>\n\n\n\n<p><a href=\"https:\/\/iescapayanch-cat.infd.edu.ar\/sitio\/wp-content\/uploads\/2023\/04\/WhatsApp-Image-2023-04-26-at-00.01.57-1-e1682509748732.jpeg\" target=\"_blank\" rel=\"noreferrer noopener\">M\u00fasica Vocal II: Opci\u00f3n Estudiantil &#8211; M\u00fasica Vocal <\/a><\/p>\n\n\n\n<p><a href=\"https:\/\/iescapayanch-cat.infd.edu.ar\/sitio\/wp-content\/uploads\/2023\/04\/WhatsApp-Image-2023-04-26-at-00.01.57-e1682509893418.jpeg\" target=\"_blank\" rel=\"noreferrer noopener\">Instrumento Principal IV &#8211; Piano<\/a> <\/p>\n\n\n\n<p><a rel=\"noreferrer noopener\" href=\"https:\/\/iescapayanch-cat.infd.edu.ar\/sitio\/wp-content\/uploads\/2023\/04\/WhatsApp-Image-2023-04-26-at-00.01.56-e1682510508224.jpeg\" target=\"_blank\">Pr\u00e1ctica Docente y Residencia<\/a><\/p>\n\n\n\n<p><a rel=\"noreferrer noopener\" href=\"https:\/\/iescapayanch-cat.infd.edu.ar\/sitio\/wp-content\/uploads\/2023\/04\/WhatsApp-Image-2023-04-26-at-00.01.57-2-e1682509218960.jpeg\" target=\"_blank\">Instrumento Principal IV: Cuerdas<\/a><\/p>\n\n\n\n<p><a href=\"https:\/\/iescapayanch-cat.infd.edu.ar\/sitio\/wp-content\/uploads\/2023\/05\/EE.pdf\" target=\"_blank\" rel=\"noreferrer noopener\">La Ense\u00f1anza de la M\u00fasica a Sujeto con necesidades Educativas Especiales<\/a><\/p>\n\n\n\n<p><strong>Profesorado de Danza<\/strong><\/p>\n\n\n\n<p><a href=\"https:\/\/iescapayanch-cat.infd.edu.ar\/sitio\/wp-content\/uploads\/2023\/04\/WhatsApp-Image-2023-04-24-at-22.15.37-e1682385519959.jpeg\" target=\"_blank\" rel=\"noreferrer noopener\">Historia Social y Cultural de las Artes del Movimiento I<\/a><\/p>\n\n\n\n<p><a href=\"https:\/\/iescapayanch-cat.infd.edu.ar\/sitio\/wp-content\/uploads\/2023\/04\/WhatsApp-Image-2023-04-24-at-23.19.26-e1682389220766.jpeg\" target=\"_blank\" rel=\"noreferrer noopener\">Pr\u00e1ctica de la Ense\u00f1anza (Especifica)<\/a><\/p>\n\n\n\n<p><a href=\"https:\/\/iescapayanch-cat.infd.edu.ar\/sitio\/wp-content\/uploads\/2023\/04\/WhatsApp-Image-2023-04-24-at-23.22.20.jpeg\" target=\"_blank\" rel=\"noreferrer noopener\">EDI 3 (Danza con Eje en el Lenguaje)<\/a><\/p>\n\n\n\n<p><a href=\"https:\/\/iescapayanch-cat.infd.edu.ar\/sitio\/wp-content\/uploads\/2023\/04\/WhatsApp-Image-2023-04-24-at-23.25.52.jpeg\" target=\"_blank\" rel=\"noreferrer noopener\">Did\u00e1ctica de la Danza II<\/a><\/p>\n\n\n\n<p><a href=\"https:\/\/iescapayanch-cat.infd.edu.ar\/sitio\/wp-content\/uploads\/2023\/04\/WhatsApp-Image-2023-04-24-at-23.28.25.jpeg\" target=\"_blank\" rel=\"noreferrer noopener\">Investigaci\u00f3n Educativa en Artes del Movimiento<\/a><\/p>\n\n\n\n<p><strong>Tecnicatura Superior en Enfermer\u00eda<\/strong><\/p>\n\n\n\n<p><a href=\"https:\/\/iescapayanch-cat.infd.edu.ar\/sitio\/wp-content\/uploads\/2023\/04\/MICROBIOLOGIA-1.pdf\" target=\"_blank\" rel=\"noreferrer noopener\">Microbiolog\u00eda Y Parasitolog\u00eda<\/a><\/p>\n\n\n\n<p><a href=\"https:\/\/iescapayanch-cat.infd.edu.ar\/sitio\/wp-content\/uploads\/2023\/04\/BIOESTADISTICA-1.pdf\" target=\"_blank\" rel=\"noreferrer noopener\">Bioestad\u00edstica<\/a><\/p>\n\n\n\n<p><a href=\"https:\/\/iescapayanch-cat.infd.edu.ar\/sitio\/wp-content\/uploads\/2023\/04\/HISTORIA-DE-LA-ENFERMERIA-1-1.pdf\" target=\"_blank\" rel=\"noreferrer noopener\">Historia De La Enfermer\u00eda<\/a><\/p>\n\n\n\n<p><a href=\"https:\/\/iescapayanch-cat.infd.edu.ar\/sitio\/wp-content\/uploads\/2023\/04\/ORDEN-DE-MERITO-INFORMATICA-3.pdf\" target=\"_blank\" rel=\"noreferrer noopener\">Inform\u00e1tica<\/a><\/p>\n\n\n\n<p><a href=\"https:\/\/iescapayanch-cat.infd.edu.ar\/sitio\/wp-content\/uploads\/2023\/04\/ORDEN-DE-MERITO-TIC-2.pdf\" target=\"_blank\" rel=\"noreferrer noopener\">Tecnolog\u00eda De La Informaci\u00f3n Y Comunicaci\u00f3n<\/a><\/p>\n\n\n\n<p><a rel=\"noreferrer noopener\" href=\"https:\/\/iescapayanch-cat.infd.edu.ar\/sitio\/wp-content\/uploads\/2023\/04\/ORDEN-DE-MERITO-LECTURA-Y-ESCRITURA-ACADEMICA.pdf\" target=\"_blank\">Lectura Y Escritura Acad\u00e9mica<\/a><\/p>\n\n\n\n<p><\/p>\n\n\n\n<p><strong>Profesorado de M\u00fasica<\/strong><\/p>\n\n\n\n<p><a href=\"https:\/\/iescapayanch-cat.infd.edu.ar\/sitio\/wp-content\/uploads\/2023\/04\/WhatsApp-Image-2023-04-19-at-23.54.33-2-e1681959694212.jpeg\" target=\"_blank\" rel=\"noreferrer noopener\">Producci\u00f3n Final: (Opci\u00f3n Estudiantil): a) Producci\u00f3n Art\u00edstica Individual<\/a><\/p>\n\n\n\n<p><a href=\"https:\/\/iescapayanch-cat.infd.edu.ar\/sitio\/wp-content\/uploads\/2023\/04\/WhatsApp-Image-2023-04-19-at-23.54.34-e1681959845619.jpeg\" target=\"_blank\" rel=\"noreferrer noopener\">Producci\u00f3n Final: (Opci\u00f3n Estudiantil): b) Producci\u00f3n Art\u00edstica Interdisciplinar<\/a><\/p>\n\n\n\n<p><a href=\"https:\/\/iescapayanch-cat.infd.edu.ar\/sitio\/wp-content\/uploads\/2023\/04\/WhatsApp-Image-2023-04-19-at-23.54.33-1-e1681959607807.jpeg\" target=\"_blank\" rel=\"noreferrer noopener\">Creaci\u00f3n Musical: (Opci\u00f3n Estudiantil): a) Composici\u00f3n y arreglos<\/a><\/p>\n\n\n\n<p><a href=\"https:\/\/iescapayanch-cat.infd.edu.ar\/sitio\/wp-content\/uploads\/2023\/04\/WhatsApp-Image-2023-04-19-at-23.54.33-e1681959491182.jpeg\" target=\"_blank\" rel=\"noreferrer noopener\">Creaci\u00f3n Musical: (Opci\u00f3n Estudiantil): b) Improvisaci\u00f3n <\/a><\/p>\n\n\n\n<p><a rel=\"noreferrer noopener\" href=\"https:\/\/iescapayanch-cat.infd.edu.ar\/sitio\/wp-content\/uploads\/2023\/04\/WhatsApp-Image-2023-04-19-at-23.54.34-1-e1681960078638.jpeg\" target=\"_blank\">Instrumento Principal IV: Guitarra<\/a><\/p>\n\n\n\n<p><strong>Tec. Sup. En Gesti\u00f3n De Producci\u00f3n Agropecuaria Y Lab. An\u00e1lisis Cl\u00ednicos<\/strong><\/p>\n\n\n\n<p><a href=\"https:\/\/iescapayanch-cat.infd.edu.ar\/sitio\/wp-content\/uploads\/2023\/04\/WhatsApp-Image-2023-04-24-at-20.37.28-e1682379588956.jpeg\" target=\"_blank\" rel=\"noreferrer noopener\">Matem\u00e1tica<\/a><\/p>\n\n\n\n<p><a href=\"https:\/\/iescapayanch-cat.infd.edu.ar\/sitio\/wp-content\/uploads\/2023\/04\/FISICA-Y-MATEMATICA-1.pdf\" target=\"_blank\" rel=\"noreferrer noopener\">F\u00edsica Y Matem\u00e1tica<\/a><\/p>\n\n\n\n<p><a href=\"https:\/\/iescapayanch-cat.infd.edu.ar\/sitio\/wp-content\/uploads\/2023\/04\/BIOLOGIA.pdf\" target=\"_blank\" rel=\"noreferrer noopener\">Biolog\u00eda<\/a><\/p>\n\n\n\n<p><a href=\"https:\/\/iescapayanch-cat.infd.edu.ar\/sitio\/wp-content\/uploads\/2023\/04\/DESARROLLO-LOCAL.pdf\" target=\"_blank\" rel=\"noreferrer noopener\">Desarrollo Local<\/a><\/p>\n\n\n\n<p><a href=\"https:\/\/iescapayanch-cat.infd.edu.ar\/sitio\/wp-content\/uploads\/2023\/04\/PRACTICA-PROFRESIONALIZANTE.pdf\" target=\"_blank\" rel=\"noreferrer noopener\">Pr\u00e1ctica Profesionalizante I<\/a><\/p>\n\n\n\n<p><strong>Tecnicatura Superior en Turismo<\/strong><\/p>\n\n\n\n<p><a href=\"https:\/\/iescapayanch-cat.infd.edu.ar\/sitio\/wp-content\/uploads\/2023\/04\/Geografia-Turistica-de-Catamarca-y-el-NOA.pdf\" target=\"_blank\" rel=\"noreferrer noopener\">Geograf\u00eda Tur\u00edstica De Catamarca y El NOA<\/a><\/p>\n\n\n\n<p><a rel=\"noreferrer noopener\" href=\"https:\/\/iescapayanch-cat.infd.edu.ar\/sitio\/wp-content\/uploads\/2023\/04\/Introduccion-al-Turismo.pdf\" target=\"_blank\">Introducci\u00f3n al Turismo<\/a><\/p>\n\n\n\n<p><a href=\"https:\/\/iescapayanch-cat.infd.edu.ar\/sitio\/wp-content\/uploads\/2023\/04\/lom-definitivo-ECONOMIA-Y-ADMINISTRACION-TURISTICA-TS-EN-TURISMO.pdf\" target=\"_blank\" rel=\"noreferrer noopener\">Econom\u00eda y Administraci\u00f3n Tur\u00edstica<\/a><\/p>\n\n\n\n<p><a href=\"https:\/\/iescapayanch-cat.infd.edu.ar\/sitio\/wp-content\/uploads\/2023\/04\/Practica-Profesionalizante-I...pdf\" target=\"_blank\" rel=\"noreferrer noopener\">Pr\u00e1cticas Profesionalizante I<\/a><\/p>\n\n\n\n<p><a href=\"https:\/\/iescapayanch-cat.infd.edu.ar\/sitio\/wp-content\/uploads\/2023\/04\/Historia-Argentina-y-Patrimonio-Cultural-1.pdf\" target=\"_blank\" rel=\"noreferrer noopener\">Historia Argentina Y Patrimonio Cultural<\/a><\/p>\n\n\n\n<p><a href=\"https:\/\/iescapayanch-cat.infd.edu.ar\/sitio\/wp-content\/uploads\/2023\/04\/Psicologia-Social-Y-Dinamica-De-Grupos-1.pdf\" target=\"_blank\" rel=\"noreferrer noopener\">Psicolog\u00eda Social Y Din\u00e1mica De Grupos<\/a><\/p>\n\n\n\n<p><\/p>\n\n\n\n<p><strong>Tecnicatura Superior en Laboratorio de An\u00e1lisis Cl\u00ednicos<\/strong><\/p>\n\n\n\n<p><a href=\"https:\/\/iescapayanch-cat.infd.edu.ar\/sitio\/wp-content\/uploads\/2023\/04\/Anatomia-Histologia-y-Fisiologia-1-1.pdf\" target=\"_blank\" rel=\"noreferrer noopener\">Anatom\u00eda, Histolog\u00eda Y Fisiolog\u00eda<\/a><\/p>\n\n\n\n<p><a href=\"https:\/\/iescapayanch-cat.infd.edu.ar\/sitio\/wp-content\/uploads\/2023\/04\/Quimica-General-Organica-e-Inorganica-1.pdf\" target=\"_blank\" rel=\"noreferrer noopener\">Qu\u00edmica General, Org\u00e1nica e Inorg\u00e1nica<\/a><\/p>\n\n\n\n<p><a href=\"https:\/\/iescapayanch-cat.infd.edu.ar\/sitio\/wp-content\/uploads\/2023\/04\/Fundamentos-Basicos-de-Laboratorio-1.pdf\" target=\"_blank\" rel=\"noreferrer noopener\">Fundamentos B\u00e1sicos De Laboratorio<\/a><\/p>\n\n\n\n<p><a href=\"https:\/\/iescapayanch-cat.infd.edu.ar\/sitio\/wp-content\/uploads\/2023\/04\/Actitud-y-Etica-Profesional-1.pdf\" target=\"_blank\" rel=\"noreferrer noopener\">Actitud y \u00c9tica Profesional<\/a><\/p>\n\n\n\n<p><a href=\"https:\/\/iescapayanch-cat.infd.edu.ar\/sitio\/wp-content\/uploads\/2023\/04\/Hematologia-y-Hemoterapia-1.pdf\" target=\"_blank\" rel=\"noreferrer noopener\">Hematolog\u00eda y Hemoterapia<\/a><\/p>\n\n\n\n<p><a href=\"https:\/\/iescapayanch-cat.infd.edu.ar\/sitio\/wp-content\/uploads\/2023\/04\/Higiene-y-Seguridad-en-el-Trabajo-2.pdf\" target=\"_blank\" rel=\"noreferrer noopener\">Higiene y Seguridad En El Trabajo<\/a><\/p>\n","protected":false},"excerpt":{"rendered":"<p>Profesorado en M\u00fasica Pr\u00e1ctica y Residencia Tecnolog\u00eda Musical B\u00e1sica Tecnicatura en Turismo Ingl\u00e9s I Profesorado en M\u00fasica M\u00fasica Vocal II: Opci\u00f3n Estudiantil &#8211; M\u00fasica Vocal Instrumento Principal IV &#8211; Piano Pr\u00e1ctica Docente y Residencia Instrumento Principal IV: Cuerdas La Ense\u00f1anza de la M\u00fasica a Sujeto con necesidades Educativas Especiales Profesorado de Danza Historia Social y &#8230; <a title=\"Resultados definitivos 1\u00b0 Concurso Docente 2.023\" class=\"read-more\" href=\"https:\/\/iescapayanch-cat.infd.edu.ar\/sitio\/resultados-definitivos-1-concurso-docente-2-023\/\" aria-label=\"More on Resultados definitivos 1\u00b0 Concurso Docente 2.023\">[+]<\/a><\/p>\n","protected":false},"author":16,"featured_media":0,"parent":0,"menu_order":0,"comment_status":"closed","ping_status":"closed","template":"","meta":[],"acf":[],"_links":{"self":[{"href":"https:\/\/iescapayanch-cat.infd.edu.ar\/sitio\/wp-json\/wp\/v2\/pages\/3772"}],"collection":[{"href":"https:\/\/iescapayanch-cat.infd.edu.ar\/sitio\/wp-json\/wp\/v2\/pages"}],"about":[{"href":"https:\/\/iescapayanch-cat.infd.edu.ar\/sitio\/wp-json\/wp\/v2\/types\/page"}],"author":[{"embeddable":true,"href":"https:\/\/iescapayanch-cat.infd.edu.ar\/sitio\/wp-json\/wp\/v2\/users\/16"}],"replies":[{"embeddable":true,"href":"https:\/\/iescapayanch-cat.infd.edu.ar\/sitio\/wp-json\/wp\/v2\/comments?post=3772"}],"version-history":[{"count":14,"href":"https:\/\/iescapayanch-cat.infd.edu.ar\/sitio\/wp-json\/wp\/v2\/pages\/3772\/revisions"}],"predecessor-version":[{"id":3872,"href":"https:\/\/iescapayanch-cat.infd.edu.ar\/sitio\/wp-json\/wp\/v2\/pages\/3772\/revisions\/3872"}],"wp:attachment":[{"href":"https:\/\/iescapayanch-cat.infd.edu.ar\/sitio\/wp-json\/wp\/v2\/media?parent=3772"}],"curies":[{"name":"wp","href":"https:\/\/api.w.org\/{rel}","templated":true}]}}