{"id":3685,"date":"2023-04-17T20:40:33","date_gmt":"2023-04-17T23:40:33","guid":{"rendered":"https:\/\/iescapayanch-cat.infd.edu.ar\/sitio\/?page_id=3685"},"modified":"2023-04-27T21:37:26","modified_gmt":"2023-04-28T00:37:26","slug":"resultados-parciales-1-concurso-docente-2-023","status":"publish","type":"page","link":"https:\/\/iescapayanch-cat.infd.edu.ar\/sitio\/resultados-parciales-1-concurso-docente-2-023\/","title":{"rendered":"Resultados Parciales 1\u00b0 Concurso docente 2.023"},"content":{"rendered":"\n<p><strong>Tecnicatura Superior en Enfermer\u00eda<\/strong><\/p>\n\n\n\n<p><a href=\"https:\/\/iescapayanch-cat.infd.edu.ar\/sitio\/wp-content\/uploads\/2023\/04\/MICROBIOLOGIA.pdf\" target=\"_blank\" rel=\"noreferrer noopener\">Microbiolog\u00eda Y Parasitolog\u00eda<\/a><\/p>\n\n\n\n<p><a href=\"https:\/\/iescapayanch-cat.infd.edu.ar\/sitio\/wp-content\/uploads\/2023\/04\/BIOESTADISTICA.pdf\" target=\"_blank\" rel=\"noreferrer noopener\">Bioestad\u00edstica<\/a><\/p>\n\n\n\n<p><a href=\"https:\/\/iescapayanch-cat.infd.edu.ar\/sitio\/wp-content\/uploads\/2023\/04\/HISTORIA-DE-LA-ENFERMERIA-1.pdf\" target=\"_blank\" rel=\"noreferrer noopener\">Historia De La Enfermer\u00eda<\/a><\/p>\n\n\n\n<p><a rel=\"noreferrer noopener\" href=\"https:\/\/iescapayanch-cat.infd.edu.ar\/sitio\/wp-content\/uploads\/2023\/04\/ORDEN-DE-MERITO-INFORMATICA-2.pdf\" target=\"_blank\">Inform\u00e1tica<\/a> (Orden de m\u00e9rito con actualizaci\u00f3n posterior al periodo de tachas)<\/p>\n\n\n\n<p><a rel=\"noreferrer noopener\" href=\"https:\/\/iescapayanch-cat.infd.edu.ar\/sitio\/wp-content\/uploads\/2023\/04\/ORDEN-DE-MERITO-TIC-1.pdf\" target=\"_blank\">Tecnolog\u00eda De La Informaci\u00f3n Y Comunicaci\u00f3n<\/a> (Orden de m\u00e9rito con actualizaci\u00f3n posterior al periodo de tachas)<\/p>\n\n\n\n<p><a href=\"https:\/\/iescapayanch-cat.infd.edu.ar\/sitio\/wp-content\/uploads\/2023\/04\/Lectura-y-Escritura-Academica-.pdf\" target=\"_blank\" rel=\"noreferrer noopener\">Lectura Y Escritura Acad\u00e9mica<\/a><\/p>\n\n\n\n<p><strong>FECHA DE ENTREVISTA PRESENCIAL de la <strong>Tecnicatura Superior en Enfermer\u00eda<\/strong>: D\u00eda mi\u00e9rcoles 19\/04 a las 19 hs. &#8211; Sede Chumbicha<\/strong><\/p>\n\n\n\n<p><\/p>\n\n\n\n<p><strong>Tec. Sup. En Gesti\u00f3n De Producci\u00f3n Agropecuaria Y Lab. An\u00e1lisis Cl\u00ednicos<\/strong><\/p>\n\n\n\n<p><a href=\"https:\/\/iescapayanch-cat.infd.edu.ar\/sitio\/wp-content\/uploads\/2023\/04\/MATEMATICAS.-..pdf\" target=\"_blank\" rel=\"noreferrer noopener\">Matem\u00e1tica<\/a><\/p>\n\n\n\n<p><a href=\"https:\/\/iescapayanch-cat.infd.edu.ar\/sitio\/wp-content\/uploads\/2023\/04\/FISICA-Y-MATEMATICA.-..pdf\" target=\"_blank\" rel=\"noreferrer noopener\">F\u00edsica Y Matem\u00e1tica&nbsp;<\/a><\/p>\n\n\n\n<p><a rel=\"noreferrer noopener\" href=\"https:\/\/iescapayanch-cat.infd.edu.ar\/sitio\/wp-content\/uploads\/2023\/04\/WhatsApp-Image-2023-04-17-at-20.35.29.jpeg\" target=\"_blank\">Biolog\u00eda<\/a><\/p>\n\n\n\n<p><a rel=\"noreferrer noopener\" href=\"https:\/\/iescapayanch-cat.infd.edu.ar\/sitio\/wp-content\/uploads\/2023\/04\/WhatsApp-Image-2023-04-16-at-21.21.39.jpeg\" target=\"_blank\">Desarrollo Local<\/a><\/p>\n\n\n\n<p><a href=\"https:\/\/iescapayanch-cat.infd.edu.ar\/sitio\/wp-content\/uploads\/2023\/04\/WhatsApp-Image-2023-04-16-at-21.21.39-1.jpeg\" target=\"_blank\" rel=\"noreferrer noopener\">Pr\u00e1ctica Profesionalizante I<\/a><\/p>\n\n\n\n<p><strong>FECHA DE ENTREVISTA PRESENCIAL <strong>Tec. Sup. En Gesti\u00f3n De Producci\u00f3n Agropecuaria Y Lab. An\u00e1lisis Cl\u00ednicos<\/strong>: D\u00eda Jueves 20\/04 a las 19 hs. Sede Chumbicha<\/strong><\/p>\n\n\n\n<p><\/p>\n\n\n\n<p><strong>Profesorado de M\u00fasica<\/strong><\/p>\n\n\n\n<p><a href=\"https:\/\/iescapayanch-cat.infd.edu.ar\/sitio\/wp-content\/uploads\/2023\/04\/ORDEN-DE-MERITO-PRODUCCION-FINAL-A-Prod.-Art.-Individual-Corpacci.pdf\" target=\"_blank\" rel=\"noreferrer noopener\">Producci\u00f3n Final: (Opci\u00f3n Estudiantil): a) Producci\u00f3n Art\u00edstica Individual<\/a><\/p>\n\n\n\n<p><a href=\"https:\/\/iescapayanch-cat.infd.edu.ar\/sitio\/wp-content\/uploads\/2023\/04\/ORDEN-DE-MERITO-PRODUCCION-FINAL-B-Prod.-Art.-Interdisciplinar-Corpacci-Interdisciplinar-.pdf\" target=\"_blank\" rel=\"noreferrer noopener\">Producci\u00f3n Final: (Opci\u00f3n Estudiantil): b) Producci\u00f3n Art\u00edstica Interdisciplinar<\/a><\/p>\n\n\n\n<p><a href=\"https:\/\/iescapayanch-cat.infd.edu.ar\/sitio\/wp-content\/uploads\/2023\/04\/ORDEN-DE-MERITO-Creacion-Musical-.pdf\" target=\"_blank\" rel=\"noreferrer noopener\">Creaci\u00f3n Musical: (Opci\u00f3n Estudiantil): a) Composici\u00f3n y arreglos<\/a><\/p>\n\n\n\n<p><a href=\"https:\/\/iescapayanch-cat.infd.edu.ar\/sitio\/wp-content\/uploads\/2023\/04\/ORDEN-DE-MERITO-Creacion-Musical-improvisacion.pdf\" target=\"_blank\" rel=\"noreferrer noopener\">Creaci\u00f3n Musical: (Opci\u00f3n Estudiantil): b) Improvisaci\u00f3n<\/a><\/p>\n\n\n\n<p><a rel=\"noreferrer noopener\" href=\"https:\/\/iescapayanch-cat.infd.edu.ar\/sitio\/wp-content\/uploads\/2023\/04\/Orden-de-Merito-Practica-y-residencia-Prof-en-Musica.pdf\" target=\"_blank\">Pr\u00e1ctica Docente y Residencia<\/a> &#8211; Entrevista presencial d\u00eda mi\u00e9rcoles 26\/04- a las 16:30 hs. Anexo Huillapima<\/p>\n\n\n\n<p><a href=\"https:\/\/iescapayanch-cat.infd.edu.ar\/sitio\/wp-content\/uploads\/2023\/04\/Instrumento-principal-guitarra-IV.pdf\" data-type=\"URL\" data-id=\"https:\/\/iescapayanch-cat.infd.edu.ar\/sitio\/wp-content\/uploads\/2023\/04\/Instrumento-principal-guitarra-IV.pdf\" target=\"_blank\" rel=\"noreferrer noopener\">Instrumento Principal IV: Guitarra<\/a><\/p>\n\n\n\n<p><a rel=\"noreferrer noopener\" href=\"https:\/\/iescapayanch-cat.infd.edu.ar\/sitio\/wp-content\/uploads\/2023\/04\/ORDEN-DE-MERITO-Tecnologia-Musical-Basica-.pdf\" target=\"_blank\">Tecnolog\u00eda Musical B\u00e1sica<\/a> &#8211; Entrevista presencial d\u00eda mi\u00e9rcoles 26\/04- a las 16:30 hs. Anexo Huillapima<\/p>\n\n\n\n<p><strong><mark style=\"background-color:rgba(0, 0, 0, 0)\" class=\"has-inline-color has-contrast-color\">FECHA DE ENTREVISTA PRESENCIAL del <strong>Profesorado de M\u00fasica<\/strong>: D\u00eda mi\u00e9rcoles 19\/04 a las 16:30 hs- Sede Huillapima<\/mark><\/strong><\/p>\n\n\n\n<p><strong>Comunicado Importante<\/strong>: Para los postulantes del tribunal de m\u00fasica, previstas para el d\u00eda de hoy mi\u00e9rcoles 19\/04 en la sede Huillapima, se suspende las entrevistas presenciales, dado que las mismas fueron impugnadas en el periodo de tachas. Se informar\u00e1 en tiempo y forma para una nueva fecha de entrevista presenciales.<\/p>\n\n\n\n<p><strong>Espacios curriculares del Profesorado de M\u00fasica que se suspenden:<\/strong> Pr\u00e1ctica Docente y Residencia, Ense\u00f1anza de la M\u00fasica a Sujetos con N.E.E., Instrumento Principal IV: Viol\u00edn, Instrumento Principal IV: Piano y M\u00fasica Vocal II: (Opci\u00f3n Estudiantil) a) Conjunto Vocal.<\/p>\n\n\n\n<p><\/p>\n\n\n\n<p><strong>Profesorado de M\u00fasica<\/strong><\/p>\n\n\n\n<p><a href=\"https:\/\/iescapayanch-cat.infd.edu.ar\/sitio\/wp-content\/uploads\/2023\/04\/WhatsApp-Image-2023-04-16-at-17.40.55-1-rotated.jpeg\" target=\"_blank\" rel=\"noreferrer noopener\">Pr\u00e1ctica Docente y Residencia<\/a><\/p>\n\n\n\n<p><a rel=\"noreferrer noopener\" href=\"https:\/\/iescapayanch-cat.infd.edu.ar\/sitio\/wp-content\/uploads\/2023\/04\/WhatsApp-Image-2023-04-21-at-22.34.21-1-e1682129860176.jpeg\" target=\"_blank\">Ense\u00f1anza de la M\u00fasica a Sujetos con N.E.E.<\/a> &#8211;<strong> Fecha de entrevista presencial, d\u00eda viernes 28\/04 a las 16 hs. Anexo Huillapima<\/strong><\/p>\n\n\n\n<p><a rel=\"noreferrer noopener\" href=\"https:\/\/iescapayanch-cat.infd.edu.ar\/sitio\/wp-content\/uploads\/2023\/04\/WhatsApp-Image-2023-04-16-at-17.40.56-2-rotated-e1681768652395.jpeg\" target=\"_blank\">Instrumento Principal IV: Viol\u00edn<\/a><\/p>\n\n\n\n<p><a href=\"https:\/\/iescapayanch-cat.infd.edu.ar\/sitio\/wp-content\/uploads\/2023\/04\/WhatsApp-Image-2023-04-16-at-17.40.56-1-rotated.jpeg\" target=\"_blank\" rel=\"noreferrer noopener\">Instrumento Principal IV: Piano<\/a><\/p>\n\n\n\n<p><a href=\"https:\/\/iescapayanch-cat.infd.edu.ar\/sitio\/wp-content\/uploads\/2023\/04\/WhatsApp-Image-2023-04-16-at-17.40.56-rotated.jpeg\" target=\"_blank\" rel=\"noreferrer noopener\">M\u00fasica Vocal II: (Opci\u00f3n Estudiantil) a) Conjunto Vocal<\/a><\/p>\n\n\n\n<p><strong><mark style=\"background-color:rgba(0, 0, 0, 0)\" class=\"has-inline-color has-contrast-color\">FECHA DE ENTREVISTA PRESENCIAL <\/mark><\/strong><mark style=\"background-color:rgba(0, 0, 0, 0)\" class=\"has-inline-color has-contrast-color\">que fue suspendida<\/mark><mark style=\"background-color:rgba(0, 0, 0, 0)\" class=\"has-inline-color has-contrast-color\"> <\/mark><mark style=\"background-color:rgba(0, 0, 0, 0)\" class=\"has-inline-color has-contrast-color\">del <\/mark><mark style=\"background-color:rgba(0, 0, 0, 0)\" class=\"has-inline-color has-contrast-color\">Profesorado de M\u00fasica de los espacios curriculares Pr\u00e1ctica Docente y Residencia, Ense\u00f1anza de la M\u00fasica a Sujetos con N.E.E. , Instrumento Principal IV: Viol\u00edn, Instrumento Principal IV: Piano y M\u00fasica Vocal II: (Opci\u00f3n Estudiantil) a) Conjunto Vocal<\/mark><strong><mark style=\"background-color:rgba(0, 0, 0, 0)\" class=\"has-inline-color has-contrast-color\">: se realizar\u00e1 el d\u00eda<\/mark><\/strong> <strong>martes<mark style=\"background-color:rgba(0, 0, 0, 0)\" class=\"has-inline-color has-contrast-color\"> 25\/04 a las 16:30 hs- Anexo Huillapima<\/mark><\/strong>. <\/p>\n\n\n\n<p><\/p>\n\n\n\n<p><strong>Tecnicatura Superior en Laboratorio de An\u00e1lisis Cl\u00ednicos<\/strong><\/p>\n\n\n\n<p><a href=\"https:\/\/iescapayanch-cat.infd.edu.ar\/sitio\/wp-content\/uploads\/2023\/04\/Anatomia-Histologia-y-Fisiologia-.pdf\" target=\"_blank\" rel=\"noreferrer noopener\">Anatom\u00eda, Histolog\u00eda Y Fisiolog\u00eda<\/a><\/p>\n\n\n\n<p><a rel=\"noreferrer noopener\" href=\"https:\/\/iescapayanch-cat.infd.edu.ar\/sitio\/wp-content\/uploads\/2023\/04\/Quimica-General-Organica-e-Inorganica.pdf\" target=\"_blank\">Qu\u00edmica General, Org\u00e1nica <\/a><a href=\"https:\/\/iescapayanch-cat.infd.edu.ar\/sitio\/wp-content\/uploads\/2023\/04\/Quimica-General-Organica-e-Inorganica.pdf\" target=\"_blank\" rel=\"noreferrer noopener\">e<\/a><a rel=\"noreferrer noopener\" href=\"https:\/\/iescapayanch-cat.infd.edu.ar\/sitio\/wp-content\/uploads\/2023\/04\/Quimica-General-Organica-e-Inorganica.pdf\" target=\"_blank\"> Inorg\u00e1nica<\/a><\/p>\n\n\n\n<p><a href=\"https:\/\/iescapayanch-cat.infd.edu.ar\/sitio\/wp-content\/uploads\/2023\/04\/Fundamentos-Basicos-de-Laboratorio.pdf\" target=\"_blank\" rel=\"noreferrer noopener\">Fundamentos B\u00e1sicos De Laboratorio<\/a><\/p>\n\n\n\n<p><a href=\"https:\/\/iescapayanch-cat.infd.edu.ar\/sitio\/wp-content\/uploads\/2023\/04\/Actitud-y-Etica-Profesional.pdf\" target=\"_blank\" rel=\"noreferrer noopener\">Actitud y \u00c9tica Profesional<\/a><\/p>\n\n\n\n<p><a rel=\"noreferrer noopener\" href=\"https:\/\/iescapayanch-cat.infd.edu.ar\/sitio\/wp-content\/uploads\/2023\/04\/Hematologia-y-Hemoterapia.pdf\" target=\"_blank\">Hematolog\u00eda y Hemoterapia<\/a><\/p>\n\n\n\n<p><a rel=\"noreferrer noopener\" href=\"https:\/\/iescapayanch-cat.infd.edu.ar\/sitio\/wp-content\/uploads\/2023\/04\/Higiene-y-Seguridad-en-el-Trabajo-1.pdf\" target=\"_blank\">Higiene <\/a><a href=\"https:\/\/iescapayanch-cat.infd.edu.ar\/sitio\/wp-content\/uploads\/2023\/04\/Higiene-y-Seguridad-en-el-Trabajo-1.pdf\" target=\"_blank\" rel=\"noreferrer noopener\">y<\/a><a rel=\"noreferrer noopener\" href=\"https:\/\/iescapayanch-cat.infd.edu.ar\/sitio\/wp-content\/uploads\/2023\/04\/Higiene-y-Seguridad-en-el-Trabajo-1.pdf\" target=\"_blank\"> Seguridad En El Trabajo<\/a><\/p>\n\n\n\n<p><strong>FECHA DE ENTREVISTA PRESENCIAL <strong>Tecnicatura Superior en Laboratorio de An\u00e1lisis Cl\u00ednicos<\/strong>: D\u00eda jueves 20\/04 a las 19 hs. &#8211; Sede Chumbicha<\/strong><\/p>\n\n\n\n<p><\/p>\n\n\n\n<p><strong>Profesorado de Danza<\/strong><\/p>\n\n\n\n<p><a href=\"https:\/\/iescapayanch-cat.infd.edu.ar\/sitio\/wp-content\/uploads\/2023\/04\/Historia-de-las-Artes-del-Movimiento-I.pdf\" target=\"_blank\" rel=\"noreferrer noopener\">Historia Social y Cultural de las Artes del Movimiento I<\/a><\/p>\n\n\n\n<p><a rel=\"noreferrer noopener\" href=\"https:\/\/iescapayanch-cat.infd.edu.ar\/sitio\/wp-content\/uploads\/2023\/04\/Lenguaje-de-la-Danza-Opcion-Estudiantil-Malambo.pdf\" target=\"_blank\">Lenguaje de la Danza (Opci\u00f3n Estudiantil): Malambo<\/a> <\/p>\n\n\n\n<p><a href=\"https:\/\/iescapayanch-cat.infd.edu.ar\/sitio\/wp-content\/uploads\/2023\/04\/Pactica-de-la-Danza-Especifico.pdf\" target=\"_blank\" rel=\"noreferrer noopener\">Pr\u00e1ctica de la Ense\u00f1anza (Especifica)<\/a><\/p>\n\n\n\n<p><a rel=\"noreferrer noopener\" href=\"https:\/\/iescapayanch-cat.infd.edu.ar\/sitio\/wp-content\/uploads\/2023\/04\/E.D.I-III-Danza-con-eje-en-el-Lenguaje.pdf\" target=\"_blank\">E.D.I. III (Danza con eje en el Lenguaje)<\/a><\/p>\n\n\n\n<p><a rel=\"noreferrer noopener\" href=\"https:\/\/iescapayanch-cat.infd.edu.ar\/sitio\/wp-content\/uploads\/2023\/04\/E.D.I.IV-Danza-con-eje-en-el-Lenguaje.pdf\" target=\"_blank\">E.D.I. IV(Danza con eje en el Lenguaje)<\/a><\/p>\n\n\n\n<p><a href=\"https:\/\/iescapayanch-cat.infd.edu.ar\/sitio\/wp-content\/uploads\/2023\/04\/Investigacion-Educativa-de-las-Artes-del-Movimiento.pdf\" target=\"_blank\" rel=\"noreferrer noopener\">Investigaci\u00f3n Educativa en Artes del Movimiento<\/a><\/p>\n\n\n\n<p><a href=\"https:\/\/iescapayanch-cat.infd.edu.ar\/sitio\/wp-content\/uploads\/2023\/04\/Didactica-de-la-Danza-II-Segun-modalidades-y-Sujetos.pdf\" target=\"_blank\" rel=\"noreferrer noopener\">Did\u00e1ctica de la Danza II (seg\u00fan Modalidades y Sujetos)<\/a><\/p>\n\n\n\n<p><strong>FECHA DE ENTREVISTA PRESENCIAL <strong>Profesorado de Danza<\/strong>: D\u00eda Lunes 24\/04 a las 19 hs. &#8211; Sede Chumbicha<\/strong><\/p>\n\n\n\n<p><\/p>\n\n\n\n<p><strong>Tecnicatura Superior en Turismo<\/strong><\/p>\n\n\n\n<p><a href=\"https:\/\/iescapayanch-cat.infd.edu.ar\/sitio\/wp-content\/uploads\/2023\/04\/Patrimonio-Cultural-Turistico-de-Catamarca.pdf\" target=\"_blank\" rel=\"noreferrer noopener\">Patrimonio Cultural Tur\u00edstico de Catamarca<\/a><\/p>\n\n\n\n<p><a rel=\"noreferrer noopener\" href=\"https:\/\/iescapayanch-cat.infd.edu.ar\/sitio\/wp-content\/uploads\/2023\/04\/Geografia-Turistica-De-Catamarca-Y-El-NOA.pdf\" target=\"_blank\">Geograf\u00eda Tur\u00edstica De Catamarca<\/a><a rel=\"noreferrer noopener\" href=\"https:\/\/iescapayanch-cat.infd.edu.ar\/sitio\/wp-content\/uploads\/2023\/04\/Geografia-Turistica-De-Catamarca-Y-El-NOA.pdf\" target=\"_blank\"> <\/a><a href=\"https:\/\/iescapayanch-cat.infd.edu.ar\/sitio\/wp-content\/uploads\/2023\/04\/Geografia-Turistica-De-Catamarca-Y-El-NOA.pdf\" target=\"_blank\" rel=\"noreferrer noopener\">y<\/a><a rel=\"noreferrer noopener\" href=\"https:\/\/iescapayanch-cat.infd.edu.ar\/sitio\/wp-content\/uploads\/2023\/04\/Geografia-Turistica-De-Catamarca-Y-El-NOA.pdf\" target=\"_blank\"> El NOA<\/a><\/p>\n\n\n\n<p><a rel=\"noreferrer noopener\" href=\"https:\/\/iescapayanch-cat.infd.edu.ar\/sitio\/wp-content\/uploads\/2023\/04\/Economia-y-Administracion-Publica.pdf\" target=\"_blank\">Econom\u00eda y Administraci\u00f3n Tur\u00edstica<\/a> (Orden de m\u00e9rito con actualizaci\u00f3n posterior al periodo de tachas)<\/p>\n\n\n\n<p><a rel=\"noreferrer noopener\" href=\"https:\/\/iescapayanch-cat.infd.edu.ar\/sitio\/wp-content\/uploads\/2023\/04\/Practicas-profesionalizantes-I.pdf\" target=\"_blank\">Pr\u00e1cticas Profesionalizante I<\/a> (Orden de m\u00e9rito con actualizaci\u00f3n posterior al periodo de tachas)<\/p>\n\n\n\n<p><a rel=\"noreferrer noopener\" href=\"https:\/\/iescapayanch-cat.infd.edu.ar\/sitio\/wp-content\/uploads\/2023\/04\/Historia-Argentina-y-Patrimonio-Cultural.pdf\" target=\"_blank\">Historia Argentina Y Patrimonio Cultural<\/a> (Orden de m\u00e9rito con actualizaci\u00f3n posterior al periodo de tachas)<\/p>\n\n\n\n<p><a href=\"https:\/\/iescapayanch-cat.infd.edu.ar\/sitio\/wp-content\/uploads\/2023\/04\/Psicologia-Social-Y-Dinamica-De-Grupos.pdf\" target=\"_blank\" rel=\"noreferrer noopener\">Psicolog\u00eda Social Y Din\u00e1mica De Grupos<\/a><\/p>\n\n\n\n<p><a rel=\"noreferrer noopener\" href=\"https:\/\/iescapayanch-cat.infd.edu.ar\/sitio\/wp-content\/uploads\/2023\/04\/ORDEN-DE-MERITO-Ingles-Tec-Turismo.pdf\" target=\"_blank\">Ingles I<\/a> &#8211; Entrevista presencial d\u00eda mi\u00e9rcoles 26\/04- a las 16:30 hs. Anexo Huillapima<\/p>\n\n\n\n<p><a href=\"https:\/\/iescapayanch-cat.infd.edu.ar\/sitio\/wp-content\/uploads\/2023\/04\/Introduccion-Al-Turismo.pdf\" target=\"_blank\" rel=\"noreferrer noopener\">Introducci\u00f3n al Turismo<\/a><\/p>\n\n\n\n<p><strong>FECHA DE ENTREVISTA PRESENCIAL <strong>Tecnicatura Superior en Turismo<\/strong>: D\u00eda jueves 20\/04 a las 19 hs. &#8211; Sede Chumbicha<\/strong><\/p>\n","protected":false},"excerpt":{"rendered":"<p>Tecnicatura Superior en Enfermer\u00eda Microbiolog\u00eda Y Parasitolog\u00eda Bioestad\u00edstica Historia De La Enfermer\u00eda Inform\u00e1tica (Orden de m\u00e9rito con actualizaci\u00f3n posterior al periodo de tachas) Tecnolog\u00eda De La Informaci\u00f3n Y Comunicaci\u00f3n (Orden de m\u00e9rito con actualizaci\u00f3n posterior al periodo de tachas) Lectura Y Escritura Acad\u00e9mica FECHA DE ENTREVISTA PRESENCIAL de la Tecnicatura Superior en Enfermer\u00eda: D\u00eda mi\u00e9rcoles &#8230; <a title=\"Resultados Parciales 1\u00b0 Concurso docente 2.023\" class=\"read-more\" href=\"https:\/\/iescapayanch-cat.infd.edu.ar\/sitio\/resultados-parciales-1-concurso-docente-2-023\/\" aria-label=\"More on Resultados Parciales 1\u00b0 Concurso docente 2.023\">[+]<\/a><\/p>\n","protected":false},"author":16,"featured_media":0,"parent":0,"menu_order":0,"comment_status":"closed","ping_status":"closed","template":"","meta":[],"acf":[],"_links":{"self":[{"href":"https:\/\/iescapayanch-cat.infd.edu.ar\/sitio\/wp-json\/wp\/v2\/pages\/3685"}],"collection":[{"href":"https:\/\/iescapayanch-cat.infd.edu.ar\/sitio\/wp-json\/wp\/v2\/pages"}],"about":[{"href":"https:\/\/iescapayanch-cat.infd.edu.ar\/sitio\/wp-json\/wp\/v2\/types\/page"}],"author":[{"embeddable":true,"href":"https:\/\/iescapayanch-cat.infd.edu.ar\/sitio\/wp-json\/wp\/v2\/users\/16"}],"replies":[{"embeddable":true,"href":"https:\/\/iescapayanch-cat.infd.edu.ar\/sitio\/wp-json\/wp\/v2\/comments?post=3685"}],"version-history":[{"count":18,"href":"https:\/\/iescapayanch-cat.infd.edu.ar\/sitio\/wp-json\/wp\/v2\/pages\/3685\/revisions"}],"predecessor-version":[{"id":3859,"href":"https:\/\/iescapayanch-cat.infd.edu.ar\/sitio\/wp-json\/wp\/v2\/pages\/3685\/revisions\/3859"}],"wp:attachment":[{"href":"https:\/\/iescapayanch-cat.infd.edu.ar\/sitio\/wp-json\/wp\/v2\/media?parent=3685"}],"curies":[{"name":"wp","href":"https:\/\/api.w.org\/{rel}","templated":true}]}}