{"id":3616,"date":"2022-11-04T08:13:32","date_gmt":"2022-11-04T11:13:32","guid":{"rendered":"https:\/\/iescapayanch-cat.infd.edu.ar\/sitio\/?page_id=3616"},"modified":"2022-11-07T22:58:57","modified_gmt":"2022-11-08T01:58:57","slug":"resultados-finales-5-concurso-docente-2-022","status":"publish","type":"page","link":"https:\/\/iescapayanch-cat.infd.edu.ar\/sitio\/resultados-finales-5-concurso-docente-2-022\/","title":{"rendered":"Resultados finales 5\u00b0 concurso docente 2.022"},"content":{"rendered":"\n<p><strong>Profesorado en M\u00fasica<\/strong><\/p>\n\n\n\n<p><a rel=\"noreferrer noopener\" href=\"https:\/\/iescapayanch-cat.infd.edu.ar\/sitio\/wp-content\/uploads\/2022\/11\/WhatsApp-Image-2022-11-03-at-19.51.30-e1667560008235.jpeg\" target=\"_blank\">Psicolog\u00eda Educacional<\/a> <\/p>\n\n\n\n<p><strong>Profesorado en Ingl\u00e9s<\/strong><\/p>\n\n\n\n<p><a rel=\"noreferrer noopener\" href=\"https:\/\/iescapayanch-cat.infd.edu.ar\/sitio\/wp-content\/uploads\/2022\/11\/WhatsApp-Image-2022-11-03-at-19.51.29-e1667560207981.jpeg\" target=\"_blank\">Problemas Educativos Contempor\u00e1neos<\/a><\/p>\n\n\n\n<p><a rel=\"noreferrer noopener\" href=\"https:\/\/iescapayanch-cat.infd.edu.ar\/sitio\/wp-content\/uploads\/2022\/11\/WhatsApp-Image-2022-11-04-at-19.52.03-e1667611804689.jpeg\" target=\"_blank\">Fon\u00e9tica I<\/a><\/p>\n\n\n\n<p><strong>Profesorado en Danzas<\/strong><\/p>\n\n\n\n<p><a href=\"https:\/\/iescapayanch-cat.infd.edu.ar\/sitio\/wp-content\/uploads\/2022\/11\/LOM-Didactica-de-la-Danza-II.-..pdf\" target=\"_blank\" rel=\"noreferrer noopener\">Did\u00e1ctica de la Danza II<\/a><\/p>\n","protected":false},"excerpt":{"rendered":"<p>Profesorado en M\u00fasica Psicolog\u00eda Educacional Profesorado en Ingl\u00e9s Problemas Educativos Contempor\u00e1neos Fon\u00e9tica I Profesorado en Danzas Did\u00e1ctica de la Danza II<\/p>\n","protected":false},"author":16,"featured_media":0,"parent":0,"menu_order":0,"comment_status":"closed","ping_status":"closed","template":"","meta":[],"acf":[],"_links":{"self":[{"href":"https:\/\/iescapayanch-cat.infd.edu.ar\/sitio\/wp-json\/wp\/v2\/pages\/3616"}],"collection":[{"href":"https:\/\/iescapayanch-cat.infd.edu.ar\/sitio\/wp-json\/wp\/v2\/pages"}],"about":[{"href":"https:\/\/iescapayanch-cat.infd.edu.ar\/sitio\/wp-json\/wp\/v2\/types\/page"}],"author":[{"embeddable":true,"href":"https:\/\/iescapayanch-cat.infd.edu.ar\/sitio\/wp-json\/wp\/v2\/users\/16"}],"replies":[{"embeddable":true,"href":"https:\/\/iescapayanch-cat.infd.edu.ar\/sitio\/wp-json\/wp\/v2\/comments?post=3616"}],"version-history":[{"count":3,"href":"https:\/\/iescapayanch-cat.infd.edu.ar\/sitio\/wp-json\/wp\/v2\/pages\/3616\/revisions"}],"predecessor-version":[{"id":3631,"href":"https:\/\/iescapayanch-cat.infd.edu.ar\/sitio\/wp-json\/wp\/v2\/pages\/3616\/revisions\/3631"}],"wp:attachment":[{"href":"https:\/\/iescapayanch-cat.infd.edu.ar\/sitio\/wp-json\/wp\/v2\/media?parent=3616"}],"curies":[{"name":"wp","href":"https:\/\/api.w.org\/{rel}","templated":true}]}}