{"id":3592,"date":"2022-10-31T09:36:46","date_gmt":"2022-10-31T12:36:46","guid":{"rendered":"https:\/\/iescapayanch-cat.infd.edu.ar\/sitio\/?page_id=3592"},"modified":"2022-10-31T11:17:09","modified_gmt":"2022-10-31T14:17:09","slug":"resultados-parciales-5to-llamado-a-concurso-docente-2-022","status":"publish","type":"page","link":"https:\/\/iescapayanch-cat.infd.edu.ar\/sitio\/resultados-parciales-5to-llamado-a-concurso-docente-2-022\/","title":{"rendered":"Resultados parciales 5to llamado a concurso docente 2.022"},"content":{"rendered":"\n<p><strong>Profesorado en Ingl\u00e9s<\/strong><\/p>\n\n\n\n<p><a rel=\"noreferrer noopener\" href=\"https:\/\/iescapayanch-cat.infd.edu.ar\/sitio\/wp-content\/uploads\/2022\/10\/WhatsApp-Image-2022-10-28-at-21.35.40-e1667218936268.jpeg\" target=\"_blank\">Problemas Educativos Contempor\u00e1neos<\/a>  &#8211; Entrevista el d\u00eda Jueves 03\/10 a las 17 hs. Anexo Huillapima<\/p>\n\n\n\n<p><a href=\"https:\/\/iescapayanch-cat.infd.edu.ar\/sitio\/wp-content\/uploads\/2022\/10\/PROFESORADO-DE-INGLES-Asignatura-FONETICA-I.pdf\" target=\"_blank\" rel=\"noreferrer noopener\">Fon\u00e9tica I<\/a>  &#8211; Entrevista el d\u00eda viernes 04\/10 a las 17 hs. Anexo Huillapima<\/p>\n\n\n\n<p><strong>Profesorado de M\u00fasica <\/strong><\/p>\n\n\n\n<p><a rel=\"noreferrer noopener\" href=\"https:\/\/iescapayanch-cat.infd.edu.ar\/sitio\/wp-content\/uploads\/2022\/10\/WhatsApp-Image-2022-10-28-at-21.35.50-e1667219051603.jpeg\" target=\"_blank\">Psicolog\u00eda Educacional<\/a> &#8211; Entrevista el d\u00eda Jueves 03\/10 a las 17 hs. Anexo Huillapima<\/p>\n\n\n\n<p><strong>Profesorado en Danzas<\/strong><\/p>\n\n\n\n<p><a rel=\"noreferrer noopener\" href=\"https:\/\/iescapayanch-cat.infd.edu.ar\/sitio\/wp-content\/uploads\/2022\/10\/PLANILLA-ORDEN-DE-MERITO.-DID.-DANZA-II.pdf\" target=\"_blank\">Did\u00e1ctica de la Danza II<\/a> &#8211; &#8211; Entrevista el d\u00eda viernes 04\/10 a las 17 hs. Anexo Huillapima<\/p>\n","protected":false},"excerpt":{"rendered":"<p>Profesorado en Ingl\u00e9s Problemas Educativos Contempor\u00e1neos &#8211; Entrevista el d\u00eda Jueves 03\/10 a las 17 hs. Anexo Huillapima Fon\u00e9tica I &#8211; Entrevista el d\u00eda viernes 04\/10 a las 17 hs. Anexo Huillapima Profesorado de M\u00fasica Psicolog\u00eda Educacional &#8211; Entrevista el d\u00eda Jueves 03\/10 a las 17 hs. Anexo Huillapima Profesorado en Danzas Did\u00e1ctica de la &#8230; <a title=\"Resultados parciales 5to llamado a concurso docente 2.022\" class=\"read-more\" href=\"https:\/\/iescapayanch-cat.infd.edu.ar\/sitio\/resultados-parciales-5to-llamado-a-concurso-docente-2-022\/\" aria-label=\"More on Resultados parciales 5to llamado a concurso docente 2.022\">[+]<\/a><\/p>\n","protected":false},"author":16,"featured_media":0,"parent":0,"menu_order":0,"comment_status":"closed","ping_status":"closed","template":"","meta":[],"acf":[],"_links":{"self":[{"href":"https:\/\/iescapayanch-cat.infd.edu.ar\/sitio\/wp-json\/wp\/v2\/pages\/3592"}],"collection":[{"href":"https:\/\/iescapayanch-cat.infd.edu.ar\/sitio\/wp-json\/wp\/v2\/pages"}],"about":[{"href":"https:\/\/iescapayanch-cat.infd.edu.ar\/sitio\/wp-json\/wp\/v2\/types\/page"}],"author":[{"embeddable":true,"href":"https:\/\/iescapayanch-cat.infd.edu.ar\/sitio\/wp-json\/wp\/v2\/users\/16"}],"replies":[{"embeddable":true,"href":"https:\/\/iescapayanch-cat.infd.edu.ar\/sitio\/wp-json\/wp\/v2\/comments?post=3592"}],"version-history":[{"count":3,"href":"https:\/\/iescapayanch-cat.infd.edu.ar\/sitio\/wp-json\/wp\/v2\/pages\/3592\/revisions"}],"predecessor-version":[{"id":3608,"href":"https:\/\/iescapayanch-cat.infd.edu.ar\/sitio\/wp-json\/wp\/v2\/pages\/3592\/revisions\/3608"}],"wp:attachment":[{"href":"https:\/\/iescapayanch-cat.infd.edu.ar\/sitio\/wp-json\/wp\/v2\/media?parent=3592"}],"curies":[{"name":"wp","href":"https:\/\/api.w.org\/{rel}","templated":true}]}}