{"id":3554,"date":"2022-10-12T00:37:21","date_gmt":"2022-10-12T03:37:21","guid":{"rendered":"https:\/\/iescapayanch-cat.infd.edu.ar\/sitio\/?page_id=3554"},"modified":"2022-10-18T15:15:54","modified_gmt":"2022-10-18T18:15:54","slug":"resultados-finales-4-llamado-concurso-docente-2-022","status":"publish","type":"page","link":"https:\/\/iescapayanch-cat.infd.edu.ar\/sitio\/resultados-finales-4-llamado-concurso-docente-2-022\/","title":{"rendered":"Resultados finales 4\u00b0 llamado concurso Docente 2.022"},"content":{"rendered":"\n<p><strong>Profesorado de Danza<\/strong><\/p>\n\n\n\n<p><a href=\"https:\/\/iescapayanch-cat.infd.edu.ar\/sitio\/wp-content\/uploads\/2022\/10\/WhatsApp-Image-2022-10-18-at-14.24.55.jpeg\" target=\"_blank\" rel=\"noreferrer noopener\">E.D.I: Danza con eje en el Lenguaje<\/a><\/p>\n\n\n\n<p><a href=\"https:\/\/iescapayanch-cat.infd.edu.ar\/sitio\/wp-content\/uploads\/2022\/10\/WhatsApp-Image-2022-10-18-at-14.24.56.jpeg\" target=\"_blank\" rel=\"noreferrer noopener\">Did\u00e1ctica de la Danza<\/a><\/p>\n\n\n\n<p><strong>Profesorado de Teatro<\/strong><\/p>\n\n\n\n<p><a href=\"https:\/\/iescapayanch-cat.infd.edu.ar\/sitio\/wp-content\/uploads\/2022\/10\/Teatri-II-Con-Eje-en-la-Actuacion.pdf\" target=\"_blank\" rel=\"noreferrer noopener\">Teatro II: Con Eje en la Actuaci\u00f3n<\/a><\/p>\n\n\n\n<p><a href=\"https:\/\/iescapayanch-cat.infd.edu.ar\/sitio\/wp-content\/uploads\/2022\/10\/Formacion-Vocal-y-Corporal-I.pdf\" target=\"_blank\" rel=\"noreferrer noopener\">Formaci\u00f3n Corporal y Vocal I<\/a><\/p>\n\n\n\n<p><a rel=\"noreferrer noopener\" href=\"https:\/\/iescapayanch-cat.infd.edu.ar\/sitio\/wp-content\/uploads\/2022\/10\/Formacion-Corporal-y-Vocal-II.pdf\" target=\"_blank\">Formaci\u00f3n Corporal y Vocal II<\/a><\/p>\n\n\n\n<p><a rel=\"noreferrer noopener\" href=\"https:\/\/iescapayanch-cat.infd.edu.ar\/sitio\/wp-content\/uploads\/2022\/10\/Ensenanza-del-teatro-a-Sujetos-con-Necesidades-Educativas-Especiales.pdf\" target=\"_blank\">Ense\u00f1anza del Teatro a Sujetos con Necesidades Educativas Especiales<\/a><\/p>\n\n\n\n<p><strong>Profesorado de Ingl\u00e9s<\/strong><\/p>\n\n\n\n<p><a rel=\"noreferrer noopener\" href=\"https:\/\/iescapayanch-cat.infd.edu.ar\/sitio\/wp-content\/uploads\/2022\/10\/WhatsApp-Image-2022-10-12-at-19.00.52-e1665623211717.jpeg\" target=\"_blank\">Fon\u00e9tica I<\/a><\/p>\n\n\n\n<p><a href=\"https:\/\/iescapayanch-cat.infd.edu.ar\/sitio\/wp-content\/uploads\/2022\/10\/WhatsApp-Image-2022-10-12-at-19.00.51-e1665623483570.jpeg\" target=\"_blank\" rel=\"noreferrer noopener\">Problemas Educativos Contempor\u00e1neos <\/a><\/p>\n\n\n\n<p><a href=\"https:\/\/iescapayanch-cat.infd.edu.ar\/sitio\/wp-content\/uploads\/2022\/10\/WhatsApp-Image-2022-10-12-at-19.00.51-1-e1665623407916.jpeg\" target=\"_blank\" rel=\"noreferrer noopener\">Pr\u00e1ctica Docente y Residencia. Nivel Secundario y Modalidades<\/a><\/p>\n\n\n\n<p><strong>Profesorado en M\u00fasica<\/strong><\/p>\n\n\n\n<p><a rel=\"noreferrer noopener\" href=\"https:\/\/iescapayanch-cat.infd.edu.ar\/sitio\/wp-content\/uploads\/2022\/10\/WhatsApp-Image-2022-10-12-at-19.00.51-2-e1665623286523.jpeg\" target=\"_blank\">Psicolog\u00eda Educativa<\/a><\/p>\n\n\n\n<p><strong>Tecnicatura Superior en Enfermer\u00eda<\/strong><\/p>\n\n\n\n<p><a href=\"https:\/\/iescapayanch-cat.infd.edu.ar\/sitio\/wp-content\/uploads\/2022\/10\/PLANILLA-ORDEN-DE-MERITO-BIOFISICA-1.pdf\" target=\"_blank\" rel=\"noreferrer noopener\">Biof\u00edsica<\/a><\/p>\n\n\n\n<p><a href=\"https:\/\/iescapayanch-cat.infd.edu.ar\/sitio\/wp-content\/uploads\/2022\/10\/Enfermeria-y-Clinica-Obstetrica-y-pediatrica-1.pdf\" target=\"_blank\" rel=\"noreferrer noopener\">Enfermer\u00eda y Cl\u00ednica Obst\u00e9trica y pedi\u00e1trica<\/a><\/p>\n\n\n\n<p><a rel=\"noreferrer noopener\" href=\"https:\/\/iescapayanch-cat.infd.edu.ar\/sitio\/wp-content\/uploads\/2022\/10\/Seminario-Etica-y-Deontologia-1.pdf\" target=\"_blank\">Seminario \u00c9tica y Deontolog\u00eda<\/a><\/p>\n\n\n\n<p><strong>Observaciones: <a rel=\"noreferrer noopener\" href=\"https:\/\/iescapayanch-cat.infd.edu.ar\/sitio\/wp-content\/uploads\/2022\/10\/NOTA-ACLARATORIA-ORDEN-DE-MERITO-1.pdf\" target=\"_blank\">NOTA ACLARATORIA<\/a> sobre los espacios curriulares publicados en la carrera Tecnicatura Superior en Enfermer\u00eda<\/strong> &#8211; <\/p>\n","protected":false},"excerpt":{"rendered":"<p>Profesorado de Danza E.D.I: Danza con eje en el Lenguaje Did\u00e1ctica de la Danza Profesorado de Teatro Teatro II: Con Eje en la Actuaci\u00f3n Formaci\u00f3n Corporal y Vocal I Formaci\u00f3n Corporal y Vocal II Ense\u00f1anza del Teatro a Sujetos con Necesidades Educativas Especiales Profesorado de Ingl\u00e9s Fon\u00e9tica I Problemas Educativos Contempor\u00e1neos Pr\u00e1ctica Docente y Residencia. &#8230; <a title=\"Resultados finales 4\u00b0 llamado concurso Docente 2.022\" class=\"read-more\" href=\"https:\/\/iescapayanch-cat.infd.edu.ar\/sitio\/resultados-finales-4-llamado-concurso-docente-2-022\/\" aria-label=\"More on Resultados finales 4\u00b0 llamado concurso Docente 2.022\">[+]<\/a><\/p>\n","protected":false},"author":16,"featured_media":0,"parent":0,"menu_order":0,"comment_status":"closed","ping_status":"closed","template":"","meta":[],"acf":[],"_links":{"self":[{"href":"https:\/\/iescapayanch-cat.infd.edu.ar\/sitio\/wp-json\/wp\/v2\/pages\/3554"}],"collection":[{"href":"https:\/\/iescapayanch-cat.infd.edu.ar\/sitio\/wp-json\/wp\/v2\/pages"}],"about":[{"href":"https:\/\/iescapayanch-cat.infd.edu.ar\/sitio\/wp-json\/wp\/v2\/types\/page"}],"author":[{"embeddable":true,"href":"https:\/\/iescapayanch-cat.infd.edu.ar\/sitio\/wp-json\/wp\/v2\/users\/16"}],"replies":[{"embeddable":true,"href":"https:\/\/iescapayanch-cat.infd.edu.ar\/sitio\/wp-json\/wp\/v2\/comments?post=3554"}],"version-history":[{"count":6,"href":"https:\/\/iescapayanch-cat.infd.edu.ar\/sitio\/wp-json\/wp\/v2\/pages\/3554\/revisions"}],"predecessor-version":[{"id":3584,"href":"https:\/\/iescapayanch-cat.infd.edu.ar\/sitio\/wp-json\/wp\/v2\/pages\/3554\/revisions\/3584"}],"wp:attachment":[{"href":"https:\/\/iescapayanch-cat.infd.edu.ar\/sitio\/wp-json\/wp\/v2\/media?parent=3554"}],"curies":[{"name":"wp","href":"https:\/\/api.w.org\/{rel}","templated":true}]}}