{"id":3521,"date":"2022-10-07T01:32:21","date_gmt":"2022-10-07T04:32:21","guid":{"rendered":"https:\/\/iescapayanch-cat.infd.edu.ar\/sitio\/?page_id=3521"},"modified":"2022-10-12T00:42:20","modified_gmt":"2022-10-12T03:42:20","slug":"4concurso-docente-2-022-resultados-parciales","status":"publish","type":"page","link":"https:\/\/iescapayanch-cat.infd.edu.ar\/sitio\/4concurso-docente-2-022-resultados-parciales\/","title":{"rendered":"4\u00b0Concurso docente 2.022 -Resultados Parciales"},"content":{"rendered":"\n<p>Se informa que debido al feriado del lunes 10\/10 se realizara el <strong>PERIODO DE TACHA<\/strong> el d\u00eda martes 11\/10 a las 16 hs. en Anexo Huillapima<\/p>\n\n\n\n<p><strong>Profesorado de Danza<\/strong><\/p>\n\n\n\n<p><a rel=\"noreferrer noopener\" href=\"https:\/\/iescapayanch-cat.infd.edu.ar\/sitio\/wp-content\/uploads\/2022\/10\/orden-de-merito-Danza-con-eje-en-el-lenguaje.pdf\" target=\"_blank\">E.D.I: Danza con eje en el Lenguaje<\/a><\/p>\n\n\n\n<p><a rel=\"noreferrer noopener\" href=\"https:\/\/iescapayanch-cat.infd.edu.ar\/sitio\/wp-content\/uploads\/2022\/10\/orden-de-merito-Didactica-de-la-danza.pdf\" target=\"_blank\">Did\u00e1ctica de la Danza<\/a><\/p>\n\n\n\n<p><strong><span class=\"has-inline-color has-vivid-red-color\"><strong>Entrevistas: Lunes 17\/10 a las 16 hs. Anexo Huillapima (por cuestiones laborales de los integrantes del tribunal, se extiende la entrevista al 17\/10)<\/strong><\/span><\/strong><\/p>\n\n\n\n<p><strong>Profesorado en ingl\u00e9s<\/strong><\/p>\n\n\n\n<p><a rel=\"noreferrer noopener\" href=\"https:\/\/iescapayanch-cat.infd.edu.ar\/sitio\/wp-content\/uploads\/2022\/10\/PLANILLA-ORDEN-DE-MERITO-ingles-batallan-ana-pactica-y-residencia.pdf\" target=\"_blank\">Pr\u00e1ctica Docente y Residencia. Nivel Secundario y Modalidades<\/a><\/p>\n\n\n\n<p><strong>Profesorado en M\u00fasica<\/strong><\/p>\n\n\n\n<p><a href=\"https:\/\/iescapayanch-cat.infd.edu.ar\/sitio\/wp-content\/uploads\/2022\/10\/PLANILLA-ORDEN-DE-MERITO-musica-arreguez-daiana-psicologia-educacional.pdf\" target=\"_blank\" rel=\"noreferrer noopener\">Psicolog\u00eda Educacional<\/a><\/p>\n\n\n\n<p><a rel=\"noreferrer noopener\" href=\"https:\/\/iescapayanch-cat.infd.edu.ar\/sitio\/wp-content\/uploads\/2022\/10\/PLANILLA-ORDEN-DE-MERITO-musica-brizuela-castro-maria-antonella-practica-y-residencia.pdf\" target=\"_blank\">Pr\u00e1ctica Docente y Residencia. Nivel Secundario y Modalidades<\/a><\/p>\n\n\n\n<p><span class=\"has-inline-color has-vivid-red-color\" style=\"\"><b>Entrevistas <\/b><\/span><strong><span class=\"has-inline-color has-vivid-red-color\">Mi\u00e9rcoles 12\/10 a las 17 hs. Anexo Huillapima<\/span><\/strong><\/p>\n\n\n\n<p><\/p>\n\n\n\n<p><strong>Profesorado de Teatro<\/strong><\/p>\n\n\n\n<p><a rel=\"noreferrer noopener\" href=\"https:\/\/iescapayanch-cat.infd.edu.ar\/sitio\/wp-content\/uploads\/2022\/10\/WhatsApp-Image-2022-10-06-at-20.33.50-3-e1665108885733.jpeg\" target=\"_blank\">Teatro II: Con Eje en la Actuaci\u00f3n <\/a><\/p>\n\n\n\n<p><a rel=\"noreferrer noopener\" href=\"https:\/\/iescapayanch-cat.infd.edu.ar\/sitio\/wp-content\/uploads\/2022\/10\/WhatsApp-Image-2022-10-06-at-20.33.50-2-e1665108956922.jpeg\" target=\"_blank\">Formaci\u00f3n Corporal y Vocal II<\/a><\/p>\n\n\n\n<p><a rel=\"noreferrer noopener\" href=\"https:\/\/iescapayanch-cat.infd.edu.ar\/sitio\/wp-content\/uploads\/2022\/10\/WhatsApp-Image-2022-10-06-at-20.33.49-1-e1665109036586.jpeg\" target=\"_blank\">Ense\u00f1anza del Teatro a Sujetos con Necesidades Educativas Especiales<\/a><\/p>\n\n\n\n<p><strong><span class=\"has-inline-color has-vivid-red-color\">Entrevistas: Martes 11\/10 a las 17 hs. Anexo Huillapima<\/span><\/strong><\/p>\n\n\n\n<p><\/p>\n\n\n\n<p><strong>Tecnicatura Superior en Enfermer\u00eda<\/strong><\/p>\n\n\n\n<p><a rel=\"noreferrer noopener\" href=\"https:\/\/iescapayanch-cat.infd.edu.ar\/sitio\/wp-content\/uploads\/2022\/10\/PLANILLA-ORDEN-DE-MERITO-BIOFISICA.pdf\" target=\"_blank\">Biof\u00edsica<\/a><\/p>\n\n\n\n<p><a rel=\"noreferrer noopener\" href=\"https:\/\/iescapayanch-cat.infd.edu.ar\/sitio\/wp-content\/uploads\/2022\/10\/Enfermeria-y-Clinica-Obstetrica-y-pediatrica.pdf\" target=\"_blank\">Enfermer\u00eda y Cl\u00ednica Obst\u00e9trica y pedi\u00e1trica<\/a><\/p>\n\n\n\n<p><a rel=\"noreferrer noopener\" href=\"https:\/\/iescapayanch-cat.infd.edu.ar\/sitio\/wp-content\/uploads\/2022\/10\/Seminario-Etica-y-Deontologia.pdf\" target=\"_blank\">Seminario \u00c9tica y Deontolog\u00eda<\/a><\/p>\n\n\n\n<p><strong><span class=\"has-inline-color has-vivid-red-color\">Entrevistas: Jueves 13\/10 a las 17 hs. Anexo Huillapima<\/span><\/strong><\/p>\n","protected":false},"excerpt":{"rendered":"<p>Se informa que debido al feriado del lunes 10\/10 se realizara el PERIODO DE TACHA el d\u00eda martes 11\/10 a las 16 hs. en Anexo Huillapima Profesorado de Danza E.D.I: Danza con eje en el Lenguaje Did\u00e1ctica de la Danza Entrevistas: Lunes 17\/10 a las 16 hs. Anexo Huillapima (por cuestiones laborales de los integrantes &#8230; <a title=\"4\u00b0Concurso docente 2.022 -Resultados Parciales\" class=\"read-more\" href=\"https:\/\/iescapayanch-cat.infd.edu.ar\/sitio\/4concurso-docente-2-022-resultados-parciales\/\" aria-label=\"More on 4\u00b0Concurso docente 2.022 -Resultados Parciales\">[+]<\/a><\/p>\n","protected":false},"author":16,"featured_media":0,"parent":0,"menu_order":0,"comment_status":"closed","ping_status":"closed","template":"","meta":[],"acf":[],"_links":{"self":[{"href":"https:\/\/iescapayanch-cat.infd.edu.ar\/sitio\/wp-json\/wp\/v2\/pages\/3521"}],"collection":[{"href":"https:\/\/iescapayanch-cat.infd.edu.ar\/sitio\/wp-json\/wp\/v2\/pages"}],"about":[{"href":"https:\/\/iescapayanch-cat.infd.edu.ar\/sitio\/wp-json\/wp\/v2\/types\/page"}],"author":[{"embeddable":true,"href":"https:\/\/iescapayanch-cat.infd.edu.ar\/sitio\/wp-json\/wp\/v2\/users\/16"}],"replies":[{"embeddable":true,"href":"https:\/\/iescapayanch-cat.infd.edu.ar\/sitio\/wp-json\/wp\/v2\/comments?post=3521"}],"version-history":[{"count":6,"href":"https:\/\/iescapayanch-cat.infd.edu.ar\/sitio\/wp-json\/wp\/v2\/pages\/3521\/revisions"}],"predecessor-version":[{"id":3558,"href":"https:\/\/iescapayanch-cat.infd.edu.ar\/sitio\/wp-json\/wp\/v2\/pages\/3521\/revisions\/3558"}],"wp:attachment":[{"href":"https:\/\/iescapayanch-cat.infd.edu.ar\/sitio\/wp-json\/wp\/v2\/media?parent=3521"}],"curies":[{"name":"wp","href":"https:\/\/api.w.org\/{rel}","templated":true}]}}