{"id":3486,"date":"2022-09-06T23:33:28","date_gmt":"2022-09-07T02:33:28","guid":{"rendered":"https:\/\/iescapayanch-cat.infd.edu.ar\/sitio\/?page_id=3486"},"modified":"2022-09-06T23:33:29","modified_gmt":"2022-09-07T02:33:29","slug":"resultados-finales-3er-llamado-a-concurso-docente-2-022","status":"publish","type":"page","link":"https:\/\/iescapayanch-cat.infd.edu.ar\/sitio\/resultados-finales-3er-llamado-a-concurso-docente-2-022\/","title":{"rendered":"Resultados finales 3er. llamado a concurso docente 2.022"},"content":{"rendered":"\n<p><strong><span class=\"has-inline-color has-vivid-red-color\">Profesorado en M\u00fasica<\/span><\/strong><\/p>\n\n\n\n<p><a rel=\"noreferrer noopener\" href=\"https:\/\/iescapayanch-cat.infd.edu.ar\/sitio\/wp-content\/uploads\/2022\/09\/WhatsApp-Image-2022-09-06-at-22.18.12-e1662517781915.jpeg\" target=\"_blank\">Instrumento Principal II \u2013 Guitarra<\/a><\/p>\n\n\n\n<p><a rel=\"noreferrer noopener\" href=\"https:\/\/iescapayanch-cat.infd.edu.ar\/sitio\/wp-content\/uploads\/2022\/09\/WhatsApp-Image-2022-09-06-at-22.18.14-e1662517844459.jpeg\" target=\"_blank\">Instrumento Principal II \u2013 Piano<\/a><\/p>\n\n\n\n<p><a href=\"https:\/\/iescapayanch-cat.infd.edu.ar\/sitio\/wp-content\/uploads\/2022\/09\/WhatsApp-Image-2022-09-06-at-22.18.14-1-e1662517951247.jpeg\" target=\"_blank\" rel=\"noreferrer noopener\">Instrumento Principal III- Piano<\/a><\/p>\n\n\n\n<p><a rel=\"noreferrer noopener\" href=\"https:\/\/iescapayanch-cat.infd.edu.ar\/sitio\/wp-content\/uploads\/2022\/09\/WhatsApp-Image-2022-09-06-at-22.18.07-e1662517601713.jpeg\" target=\"_blank\">Pr\u00e1ctica de Producci\u00f3n Musical III<\/a><\/p>\n\n\n\n<p><a href=\"https:\/\/iescapayanch-cat.infd.edu.ar\/sitio\/wp-content\/uploads\/2022\/09\/WhatsApp-Image-2022-09-06-at-22.18.11-e1662517695420.jpeg\" target=\"_blank\" rel=\"noreferrer noopener\">Programaci\u00f3n Curricular<\/a><\/p>\n","protected":false},"excerpt":{"rendered":"<p>Profesorado en M\u00fasica Instrumento Principal II \u2013 Guitarra Instrumento Principal II \u2013 Piano Instrumento Principal III- Piano Pr\u00e1ctica de Producci\u00f3n Musical III Programaci\u00f3n Curricular<\/p>\n","protected":false},"author":16,"featured_media":0,"parent":0,"menu_order":0,"comment_status":"closed","ping_status":"closed","template":"","meta":[],"acf":[],"_links":{"self":[{"href":"https:\/\/iescapayanch-cat.infd.edu.ar\/sitio\/wp-json\/wp\/v2\/pages\/3486"}],"collection":[{"href":"https:\/\/iescapayanch-cat.infd.edu.ar\/sitio\/wp-json\/wp\/v2\/pages"}],"about":[{"href":"https:\/\/iescapayanch-cat.infd.edu.ar\/sitio\/wp-json\/wp\/v2\/types\/page"}],"author":[{"embeddable":true,"href":"https:\/\/iescapayanch-cat.infd.edu.ar\/sitio\/wp-json\/wp\/v2\/users\/16"}],"replies":[{"embeddable":true,"href":"https:\/\/iescapayanch-cat.infd.edu.ar\/sitio\/wp-json\/wp\/v2\/comments?post=3486"}],"version-history":[{"count":1,"href":"https:\/\/iescapayanch-cat.infd.edu.ar\/sitio\/wp-json\/wp\/v2\/pages\/3486\/revisions"}],"predecessor-version":[{"id":3487,"href":"https:\/\/iescapayanch-cat.infd.edu.ar\/sitio\/wp-json\/wp\/v2\/pages\/3486\/revisions\/3487"}],"wp:attachment":[{"href":"https:\/\/iescapayanch-cat.infd.edu.ar\/sitio\/wp-json\/wp\/v2\/media?parent=3486"}],"curies":[{"name":"wp","href":"https:\/\/api.w.org\/{rel}","templated":true}]}}