{"id":3462,"date":"2022-09-01T16:36:50","date_gmt":"2022-09-01T19:36:50","guid":{"rendered":"https:\/\/iescapayanch-cat.infd.edu.ar\/sitio\/?page_id=3462"},"modified":"2022-09-01T16:36:51","modified_gmt":"2022-09-01T19:36:51","slug":"resultados-parciales-3er-llamado-a-concurso-docente-2","status":"publish","type":"page","link":"https:\/\/iescapayanch-cat.infd.edu.ar\/sitio\/resultados-parciales-3er-llamado-a-concurso-docente-2\/","title":{"rendered":"Resultados parciales 3er llamado a concurso docente"},"content":{"rendered":"\n<p><strong><span class=\"has-inline-color has-vivid-red-color\">Profesorado en M\u00fasica<\/span><\/strong><\/p>\n\n\n\n<p><a rel=\"noreferrer noopener\" href=\"https:\/\/iescapayanch-cat.infd.edu.ar\/sitio\/wp-content\/uploads\/2022\/09\/PLANILLA-ORDEN-DE-MERITO-INSTRUMENTO-PRINCIPAL-II-GUITARRA-2\u00b0-ANO.pdf\" target=\"_blank\">Instrumento Principal II &#8211; Guitarra<\/a> <\/p>\n\n\n\n<p><a rel=\"noreferrer noopener\" href=\"https:\/\/iescapayanch-cat.infd.edu.ar\/sitio\/wp-content\/uploads\/2022\/09\/PLANILLA-ORDEN-DE-MERITO-INSTRUMENTO-PRINCIPAL-II-PIANO-2\u00b0-ANO.pdf\" target=\"_blank\">Instrumento Principal II &#8211; Piano<\/a><\/p>\n\n\n\n<p><a rel=\"noreferrer noopener\" href=\"https:\/\/iescapayanch-cat.infd.edu.ar\/sitio\/wp-content\/uploads\/2022\/09\/PLANILLA-ORDEN-DE-MERITO-INSTRUMENTO-PRINCIPAL-III-PIANO-3\u00b0-ANO1.pdf\" data-type=\"URL\" data-id=\"https:\/\/iescapayanch-cat.infd.edu.ar\/sitio\/wp-content\/uploads\/2022\/09\/PLANILLA-ORDEN-DE-MERITO-INSTRUMENTO-PRINCIPAL-III-PIANO-3\u00b0-ANO1.pdf\" target=\"_blank\">Instrumento Principal III- Piano<\/a><\/p>\n\n\n\n<p><a rel=\"noreferrer noopener\" href=\"https:\/\/iescapayanch-cat.infd.edu.ar\/sitio\/wp-content\/uploads\/2022\/09\/PLANILLA-ORDEN-DE-MERITO-PRACTICA-DE-PRODUCCION-MUSICAL-III-3\u00b0-ANO.pdf\" target=\"_blank\">Pr\u00e1ctica de Producci\u00f3n Musical III<\/a><\/p>\n\n\n\n<p><a href=\"https:\/\/iescapayanch-cat.infd.edu.ar\/sitio\/wp-content\/uploads\/2022\/09\/PLANILLA-ORDEN-DE-MERITO-PROGRAMACION-CURRICULAR.pdf\" target=\"_blank\" rel=\"noreferrer noopener\">Programaci\u00f3n Curricular<\/a><\/p>\n","protected":false},"excerpt":{"rendered":"<p>Profesorado en M\u00fasica Instrumento Principal II &#8211; Guitarra Instrumento Principal II &#8211; Piano Instrumento Principal III- Piano Pr\u00e1ctica de Producci\u00f3n Musical III Programaci\u00f3n Curricular<\/p>\n","protected":false},"author":16,"featured_media":0,"parent":0,"menu_order":0,"comment_status":"closed","ping_status":"closed","template":"","meta":[],"acf":[],"_links":{"self":[{"href":"https:\/\/iescapayanch-cat.infd.edu.ar\/sitio\/wp-json\/wp\/v2\/pages\/3462"}],"collection":[{"href":"https:\/\/iescapayanch-cat.infd.edu.ar\/sitio\/wp-json\/wp\/v2\/pages"}],"about":[{"href":"https:\/\/iescapayanch-cat.infd.edu.ar\/sitio\/wp-json\/wp\/v2\/types\/page"}],"author":[{"embeddable":true,"href":"https:\/\/iescapayanch-cat.infd.edu.ar\/sitio\/wp-json\/wp\/v2\/users\/16"}],"replies":[{"embeddable":true,"href":"https:\/\/iescapayanch-cat.infd.edu.ar\/sitio\/wp-json\/wp\/v2\/comments?post=3462"}],"version-history":[{"count":1,"href":"https:\/\/iescapayanch-cat.infd.edu.ar\/sitio\/wp-json\/wp\/v2\/pages\/3462\/revisions"}],"predecessor-version":[{"id":3463,"href":"https:\/\/iescapayanch-cat.infd.edu.ar\/sitio\/wp-json\/wp\/v2\/pages\/3462\/revisions\/3463"}],"wp:attachment":[{"href":"https:\/\/iescapayanch-cat.infd.edu.ar\/sitio\/wp-json\/wp\/v2\/media?parent=3462"}],"curies":[{"name":"wp","href":"https:\/\/api.w.org\/{rel}","templated":true}]}}