{"id":3340,"date":"2022-06-03T15:33:20","date_gmt":"2022-06-03T18:33:20","guid":{"rendered":"https:\/\/iescapayanch-cat.infd.edu.ar\/sitio\/?page_id=3340"},"modified":"2022-06-08T07:50:48","modified_gmt":"2022-06-08T10:50:48","slug":"resultados-parciales-2do-concurso-docente-2-022","status":"publish","type":"page","link":"https:\/\/iescapayanch-cat.infd.edu.ar\/sitio\/resultados-parciales-2do-concurso-docente-2-022\/","title":{"rendered":"Resultados Parciales 2do. Concurso Docente 2.022"},"content":{"rendered":"\n<p><strong><span class=\"has-inline-color has-black-color\">Profesorado de Ingl\u00e9s<\/span><\/strong><\/p>\n\n\n\n<p><a rel=\"noreferrer noopener\" href=\"https:\/\/iescapayanch-cat.infd.edu.ar\/sitio\/wp-content\/uploads\/2022\/06\/WhatsApp-Image-2022-06-02-at-9.13.03-PM-1.jpeg\" target=\"_blank\">Pr\u00e1ctica Docente y Residencia Nivel Inicial y Primario (Generalista).<\/a><\/p>\n\n\n\n<p><strong><span class=\"has-inline-color has-black-color\">Profesorado en Danza<\/span><\/strong><\/p>\n\n\n\n<p><a rel=\"noreferrer noopener\" href=\"https:\/\/iescapayanch-cat.infd.edu.ar\/sitio\/wp-content\/uploads\/2022\/06\/WhatsApp-Image-2022-06-02-at-9.13.03-PM.jpeg\" target=\"_blank\">E.D.I.<\/a><\/p>\n\n\n\n<p><strong><span class=\"has-inline-color has-black-color\">Profesorado en M\u00fasica<\/span><\/strong><\/p>\n\n\n\n<p><a rel=\"noreferrer noopener\" href=\"https:\/\/iescapayanch-cat.infd.edu.ar\/sitio\/wp-content\/uploads\/2022\/06\/WhatsApp-Image-2022-06-02-at-9.13.02-PM.jpeg\" target=\"_blank\">Pr\u00e1ctica de la Ense\u00f1anza<\/a><\/p>\n\n\n\n<p><strong><span class=\"has-inline-color has-vivid-red-color\">COMUNICADO IMPORTANTE:\u00a0<strong>La entrevista para los espacios curriculares (Pr\u00e1ctica Docente y Residencia Nivel Inicial y Primario, E.D.I. y Pr\u00e1ctica de la Ense\u00f1anza) se\u00a0reprograma, dado que un integrante del tribunal es Covid-19 positivo. La misma se realizar\u00e1 dentro de 7 d\u00edas. La fecha se comunicar\u00e1 por este medio.<\/strong><\/span><\/strong> <\/p>\n\n\n\n<p><\/p>\n\n\n\n<p><strong>Profesorado en Danza<\/strong><\/p>\n\n\n\n<p><a rel=\"noreferrer noopener\" href=\"https:\/\/iescapayanch-cat.infd.edu.ar\/sitio\/wp-content\/uploads\/2022\/06\/WhatsApp-Image-2022-06-03-at-11.19.13-AM-e1654275036351.jpeg\" target=\"_blank\">Elementos y C\u00f3digos de la Danza<\/a><\/p>\n\n\n\n<p><a rel=\"noreferrer noopener\" href=\"https:\/\/iescapayanch-cat.infd.edu.ar\/sitio\/wp-content\/uploads\/2022\/06\/WhatsApp-Image-2022-06-03-at-11.19.12-AM-1-e1654275240915.jpeg\" data-type=\"URL\" data-id=\"https:\/\/iescapayanch-cat.infd.edu.ar\/sitio\/wp-content\/uploads\/2022\/06\/WhatsApp-Image-2022-06-03-at-11.19.12-AM-1-e1654275240915.jpeg\" target=\"_blank\">Did\u00e1ctica de la Danza II<\/a><\/p>\n\n\n\n<p><span class=\"has-inline-color has-vivid-red-color\" style=\"\"><b>Entrevista para los espacios curriculares (Elementos y C\u00f3digos de la Danza y <\/b><\/span><strong><span class=\"has-inline-color has-vivid-red-color\">Did\u00e1ctica de la Danza II) se realizar\u00e1 el d\u00eda 09\/06 en  Anexo Huillapima. A partir de las 16 hs. <\/span><\/strong><\/p>\n\n\n\n<p><strong>Profesorado en M\u00fasica<\/strong><\/p>\n\n\n\n<p><a rel=\"noreferrer noopener\" href=\"https:\/\/iescapayanch-cat.infd.edu.ar\/sitio\/wp-content\/uploads\/2022\/06\/WhatsApp-Image-2022-06-03-at-12.32.34-PM-e1654277466413.jpeg\" target=\"_blank\">Instrumento Principal &#8211; Piano III<\/a><\/p>\n\n\n\n<p><a rel=\"noreferrer noopener\" href=\"https:\/\/iescapayanch-cat.infd.edu.ar\/sitio\/wp-content\/uploads\/2022\/06\/WhatsApp-Image-2022-06-03-at-12.32.30-PM-e1654277863921.jpeg\" data-type=\"URL\" data-id=\"https:\/\/iescapayanch-cat.infd.edu.ar\/sitio\/wp-content\/uploads\/2022\/06\/WhatsApp-Image-2022-06-03-at-12.32.30-PM-e1654277863921.jpeg\" target=\"_blank\">Pr\u00e1ctica de la Ense\u00f1anza<\/a><\/p>\n\n\n\n<p><span class=\"has-inline-color has-vivid-red-color\" style=\"\"><b>Entrevista para los espacios curriculares (Instrumento Principal Piano III, Pr\u00e1ctica de <\/b><\/span><strong><span class=\"has-inline-color has-vivid-red-color\">Producci\u00f3n Musical I y II y Pr\u00e1ctica de la Ense\u00f1anza)se realizar\u00e1 el d\u00eda 09\/06 en Anexo Huillapima. A partir de las 16 hs.<\/span><\/strong><\/p>\n\n\n\n<p><\/p>\n\n\n\n<p><strong>Profesorado en M\u00fasica<\/strong><\/p>\n\n\n\n<p><a rel=\"noreferrer noopener\" href=\"https:\/\/iescapayanch-cat.infd.edu.ar\/sitio\/wp-content\/uploads\/2022\/06\/WhatsApp-Image-2022-06-03-at-1.58.34-PM-2-e1654279379994.jpeg\" target=\"_blank\">Pr\u00e1ctica de Producci\u00f3n Musical II<\/a><\/p>\n\n\n\n<p><a rel=\"noreferrer noopener\" href=\"https:\/\/iescapayanch-cat.infd.edu.ar\/sitio\/wp-content\/uploads\/2022\/06\/WhatsApp-Image-2022-06-03-at-1.58.34-PM-1-e1654279502646.jpeg\" data-type=\"URL\" data-id=\"https:\/\/iescapayanch-cat.infd.edu.ar\/sitio\/wp-content\/uploads\/2022\/06\/WhatsApp-Image-2022-06-03-at-1.58.34-PM-1-e1654279502646.jpeg\" target=\"_blank\">Pr\u00e1ctica de Producci\u00f3n Musical I<\/a><\/p>\n\n\n\n<p><a rel=\"noreferrer noopener\" href=\"https:\/\/iescapayanch-cat.infd.edu.ar\/sitio\/wp-content\/uploads\/2022\/06\/WhatsApp-Image-2022-06-03-at-1.58.34-PM-e1654279592298.jpeg\" target=\"_blank\">M\u00fasica Vocal I- Conjunto Vocal <\/a><\/p>\n\n\n\n<p><a rel=\"noreferrer noopener\" href=\"https:\/\/iescapayanch-cat.infd.edu.ar\/sitio\/wp-content\/uploads\/2022\/06\/WhatsApp-Image-2022-06-03-at-1.58.33-PM-1-e1654279817156.jpeg\" target=\"_blank\">M\u00fasica y Contexto III &#8211; Armon\u00eda <\/a><\/p>\n\n\n\n<p><a rel=\"noreferrer noopener\" href=\"https:\/\/iescapayanch-cat.infd.edu.ar\/sitio\/wp-content\/uploads\/2022\/06\/WhatsApp-Image-2022-06-03-at-1.58.33-PM-e1654279855740.jpeg\" target=\"_blank\">M\u00fasica Vocal I &#8211; Direcci\u00f3n Coral<\/a> <\/p>\n\n\n\n<p><strong><span class=\"has-inline-color has-vivid-red-color\">Entrevista para los espacios curriculares (Pr\u00e1ctica de Producci\u00f3n Musical I y II, M\u00fasica Vocal I. Conjunto Vocal y M\u00fasica y Contexto III Armon\u00eda) se realizara el d\u00eda 08\/06 en Anexo Huillapima a las 17 hs. <\/span><\/strong><\/p>\n\n\n\n<p><\/p>\n\n\n\n<p><\/p>\n","protected":false},"excerpt":{"rendered":"<p>Profesorado de Ingl\u00e9s Pr\u00e1ctica Docente y Residencia Nivel Inicial y Primario (Generalista). Profesorado en Danza E.D.I. Profesorado en M\u00fasica Pr\u00e1ctica de la Ense\u00f1anza COMUNICADO IMPORTANTE:\u00a0La entrevista para los espacios curriculares (Pr\u00e1ctica Docente y Residencia Nivel Inicial y Primario, E.D.I. y Pr\u00e1ctica de la Ense\u00f1anza) se\u00a0reprograma, dado que un integrante del tribunal es Covid-19 positivo. La &#8230; <a title=\"Resultados Parciales 2do. Concurso Docente 2.022\" class=\"read-more\" href=\"https:\/\/iescapayanch-cat.infd.edu.ar\/sitio\/resultados-parciales-2do-concurso-docente-2-022\/\" aria-label=\"More on Resultados Parciales 2do. Concurso Docente 2.022\">[+]<\/a><\/p>\n","protected":false},"author":16,"featured_media":0,"parent":0,"menu_order":0,"comment_status":"closed","ping_status":"closed","template":"","meta":[],"acf":[],"_links":{"self":[{"href":"https:\/\/iescapayanch-cat.infd.edu.ar\/sitio\/wp-json\/wp\/v2\/pages\/3340"}],"collection":[{"href":"https:\/\/iescapayanch-cat.infd.edu.ar\/sitio\/wp-json\/wp\/v2\/pages"}],"about":[{"href":"https:\/\/iescapayanch-cat.infd.edu.ar\/sitio\/wp-json\/wp\/v2\/types\/page"}],"author":[{"embeddable":true,"href":"https:\/\/iescapayanch-cat.infd.edu.ar\/sitio\/wp-json\/wp\/v2\/users\/16"}],"replies":[{"embeddable":true,"href":"https:\/\/iescapayanch-cat.infd.edu.ar\/sitio\/wp-json\/wp\/v2\/comments?post=3340"}],"version-history":[{"count":3,"href":"https:\/\/iescapayanch-cat.infd.edu.ar\/sitio\/wp-json\/wp\/v2\/pages\/3340\/revisions"}],"predecessor-version":[{"id":3373,"href":"https:\/\/iescapayanch-cat.infd.edu.ar\/sitio\/wp-json\/wp\/v2\/pages\/3340\/revisions\/3373"}],"wp:attachment":[{"href":"https:\/\/iescapayanch-cat.infd.edu.ar\/sitio\/wp-json\/wp\/v2\/media?parent=3340"}],"curies":[{"name":"wp","href":"https:\/\/api.w.org\/{rel}","templated":true}]}}