{"id":3189,"date":"2022-04-28T21:02:37","date_gmt":"2022-04-29T00:02:37","guid":{"rendered":"https:\/\/iescapayanch-cat.infd.edu.ar\/sitio\/?page_id=3189"},"modified":"2022-05-03T07:52:53","modified_gmt":"2022-05-03T10:52:53","slug":"1er-llamado-a-concurso-interinatos-y-suplencias-2022-listados-de-orden-de-meritos-provisorios","status":"publish","type":"page","link":"https:\/\/iescapayanch-cat.infd.edu.ar\/sitio\/1er-llamado-a-concurso-interinatos-y-suplencias-2022-listados-de-orden-de-meritos-provisorios\/","title":{"rendered":"1er llamado a concurso interinatos y suplencias 2022 &#8211; Listados de Orden de M\u00e9ritos provisorios"},"content":{"rendered":"\n<p><span class=\"has-inline-color has-vivid-red-color\"><strong>AVISO IMPORTANTE SE MODIFICO LA FECHA DE ENTREVISTA DE DANZA ESPECIFICO<\/strong><\/span><\/p>\n\n\n\n<p><strong><span class=\"has-inline-color has-vivid-red-color\">Profesorado de M\u00fasica<\/span><\/strong><\/p>\n\n\n\n<p><a href=\"https:\/\/iescapayanch-cat.infd.edu.ar\/sitio\/wp-content\/uploads\/2022\/04\/WhatsApp-Image-2022-04-28-at-6.27.45-PM-1-e1651184405143.jpeg\" target=\"_blank\" rel=\"noreferrer noopener\">Pr\u00e1ctica de Producci\u00f3n &nbsp;Musical III &#8211; Sede Huillapima<\/a><\/p>\n\n\n\n<p><a rel=\"noreferrer noopener\" href=\"https:\/\/iescapayanch-cat.infd.edu.ar\/sitio\/wp-content\/uploads\/2022\/04\/WhatsApp-Image-2022-04-28-at-6.27.45-PM-e1651183910858.jpeg\" target=\"_blank\">Pr\u00e1ctica y Producci\u00f3n Musical II- Sede Chumbicha<\/a><\/p>\n\n\n\n<p><a href=\"https:\/\/iescapayanch-cat.infd.edu.ar\/sitio\/wp-content\/uploads\/2022\/05\/WhatsApp-Image-2022-05-03-at-6.42.37-AM-e1651572809311.jpeg\" target=\"_blank\" rel=\"noreferrer noopener\">Did\u00e1ctica de La M\u00fasica II &#8211; Sede Huillapima<\/a><\/p>\n\n\n\n<p><a href=\"https:\/\/iescapayanch-cat.infd.edu.ar\/sitio\/wp-content\/uploads\/2022\/05\/WhatsApp-Image-2022-05-03-at-6.42.37-AM-1-e1651572788761.jpeg\" target=\"_blank\" rel=\"noreferrer noopener\">Did\u00e1ctica de La M\u00fasica II &#8211; Sede Chumbicha<\/a><\/p>\n\n\n\n<p><a rel=\"noreferrer noopener\" href=\"https:\/\/iescapayanch-cat.infd.edu.ar\/sitio\/wp-content\/uploads\/2022\/04\/WhatsApp-Image-2022-04-28-at-4.54.26-PM-e1651186215304.jpeg\" target=\"_blank\">M\u00fasica y Contexto III (An\u00e1lisis)<\/a><\/p>\n\n\n\n<p><a rel=\"noreferrer noopener\" href=\"https:\/\/iescapayanch-cat.infd.edu.ar\/sitio\/wp-content\/uploads\/2022\/04\/WhatsApp-Image-2022-04-28-at-4.54.26-PM-2-e1651186579243.jpeg\" target=\"_blank\">M\u00fasica y Contexto III (Armon\u00eda) <\/a><\/p>\n\n\n\n<p><a rel=\"noreferrer noopener\" href=\"https:\/\/iescapayanch-cat.infd.edu.ar\/sitio\/wp-content\/uploads\/2022\/04\/WhatsApp-Image-2022-04-28-at-4.54.26-PM-1-e1651186934428.jpeg\" target=\"_blank\">M\u00fasica y Contexto III (Contexto Socio Hist\u00f3rico)<\/a><\/p>\n\n\n\n<p><a rel=\"noreferrer noopener\" href=\"https:\/\/iescapayanch-cat.infd.edu.ar\/sitio\/wp-content\/uploads\/2022\/04\/WhatsApp-Image-2022-04-28-at-4.54.25-PM-e1651187405260.jpeg\" target=\"_blank\">Instrumento Principal III- Cuerdas<\/a><\/p>\n\n\n\n<p><a rel=\"noreferrer noopener\" href=\"https:\/\/iescapayanch-cat.infd.edu.ar\/sitio\/wp-content\/uploads\/2022\/04\/WhatsApp-Image-2022-04-28-at-4.54.25-PM-1-e1651187549672.jpeg\" target=\"_blank\">Instrumento Principal III- Guitarra<\/a><\/p>\n\n\n\n<p><a rel=\"noreferrer noopener\" href=\"https:\/\/iescapayanch-cat.infd.edu.ar\/sitio\/wp-content\/uploads\/2022\/04\/WhatsApp-Image-2022-04-28-at-4.54.23-PM-e1651187865690.jpeg\" target=\"_blank\">Instrumento Complementario III- Cuerdas<\/a><\/p>\n\n\n\n<p><a rel=\"noreferrer noopener\" href=\"https:\/\/iescapayanch-cat.infd.edu.ar\/sitio\/wp-content\/uploads\/2022\/04\/WhatsApp-Image-2022-04-28-at-4.54.23-PM-1-e1651187996297.jpeg\" data-type=\"URL\" data-id=\"https:\/\/iescapayanch-cat.infd.edu.ar\/sitio\/wp-content\/uploads\/2022\/04\/WhatsApp-Image-2022-04-28-at-4.54.23-PM-1-e1651187996297.jpeg\" target=\"_blank\">Instrumento Complementario III &#8211; Piano<\/a><\/p>\n\n\n\n<p><a rel=\"noreferrer noopener\" href=\"https:\/\/iescapayanch-cat.infd.edu.ar\/sitio\/wp-content\/uploads\/2022\/04\/Practica-Prof.-Musica-e1651188117404.jpeg\" target=\"_blank\">Pr\u00e1ctica<\/a> (Generalista)<\/p>\n\n\n\n<p><a rel=\"noreferrer noopener\" href=\"https:\/\/iescapayanch-cat.infd.edu.ar\/sitio\/wp-content\/uploads\/2022\/04\/Musica-Vocal.-Conjunto-Vocal-Prof.-Musica-rotated-e1651188958504.jpeg\" target=\"_blank\">M\u00fasica Vocal.-Conjunto Vocal<\/a><\/p>\n\n\n\n<p><a rel=\"noreferrer noopener\" href=\"https:\/\/iescapayanch-cat.infd.edu.ar\/sitio\/wp-content\/uploads\/2022\/04\/Instrumento-Complementario-III.-Guitarra-Prof.-Musica-rotated-e1651189590711.jpeg\" target=\"_blank\">Instrumento Complementario III.-Guitarra-<\/a><\/p>\n\n\n\n<p><a rel=\"noreferrer noopener\" href=\"https:\/\/iescapayanch-cat.infd.edu.ar\/sitio\/wp-content\/uploads\/2022\/04\/Historia-y-Politica-de-la-Educ.-Arg-Prof.-Musica-e1651189950162.jpeg\" target=\"_blank\">Historia y Pol\u00edtica de La Educaci\u00f3n Argentina<\/a><\/p>\n\n\n\n<p><a href=\"https:\/\/iescapayanch-cat.infd.edu.ar\/sitio\/wp-content\/uploads\/2022\/04\/Filosofia-de-la-Educ.-Prof.-Musica.jpeg\" target=\"_blank\" rel=\"noreferrer noopener\">Filosof\u00eda de La Educaci\u00f3n<\/a><\/p>\n\n\n\n<p><\/p>\n\n\n\n<p><strong><span class=\"has-inline-color has-vivid-red-color\">Profesorado de Danza<\/span><\/strong><\/p>\n\n\n\n<p><a rel=\"noreferrer noopener\" href=\"https:\/\/iescapayanch-cat.infd.edu.ar\/sitio\/wp-content\/uploads\/2022\/04\/WhatsApp-Image-2022-04-28-at-6.21.34-PM-e1651185541302.jpeg\" target=\"_blank\">Pr\u00e1ctica de la Ense\u00f1anza<\/a><\/p>\n\n\n\n<p><a rel=\"noreferrer noopener\" href=\"https:\/\/iescapayanch-cat.infd.edu.ar\/sitio\/wp-content\/uploads\/2022\/04\/WhatsApp-Image-2022-04-28-at-6.21.34-PM-1-e1651185859564.jpeg\" target=\"_blank\">Elemento y C\u00f3digo de La Danza<\/a><\/p>\n\n\n\n<p><a rel=\"noreferrer noopener\" href=\"https:\/\/iescapayanch-cat.infd.edu.ar\/sitio\/wp-content\/uploads\/2022\/04\/WhatsApp-Image-2022-04-28-at-6.21.33-PM-e1651186000360.jpeg\" target=\"_blank\">G\u00e9neros Estilos y Tendencias de Las Artes Del Movimiento<\/a><\/p>\n\n\n\n<p><a href=\"https:\/\/iescapayanch-cat.infd.edu.ar\/sitio\/wp-content\/uploads\/2022\/05\/WhatsApp-Image-2022-05-02-at-8.16.18-PM-e1651540302514.jpeg\" target=\"_blank\" rel=\"noreferrer noopener\">Pr\u00e1ctica de la Ense\u00f1anza<\/a> Planilla modificada &#8211; <a href=\"https:\/\/iescapayanch-cat.infd.edu.ar\/sitio\/wp-content\/uploads\/2022\/05\/Diapositiva1.png\" target=\"_blank\" rel=\"noreferrer noopener\">Nota aclaratoria<\/a><\/p>\n\n\n\n<p><a rel=\"noreferrer noopener\" href=\"https:\/\/iescapayanch-cat.infd.edu.ar\/sitio\/wp-content\/uploads\/2022\/04\/WhatsApp-Image-2022-04-29-at-6.27.08-AM-1.jpeg\" target=\"_blank\">T.I.C<\/a><\/p>\n\n\n\n<p><a href=\"https:\/\/iescapayanch-cat.infd.edu.ar\/sitio\/wp-content\/uploads\/2022\/04\/WhatsApp-Image-2022-04-29-at-12.54.31-PM-e1651247763546.jpeg\" data-type=\"URL\" data-id=\"https:\/\/iescapayanch-cat.infd.edu.ar\/sitio\/wp-content\/uploads\/2022\/04\/WhatsApp-Image-2022-04-29-at-12.54.31-PM-e1651247763546.jpeg\" target=\"_blank\" rel=\"noreferrer noopener\">Psicolog\u00eda Educacional<\/a> <\/p>\n\n\n\n<p><\/p>\n\n\n\n<p><strong><span class=\"has-inline-color has-vivid-red-color\">Profesorado de Ingl\u00e9s<\/span><\/strong><\/p>\n\n\n\n<p><a rel=\"noreferrer noopener\" href=\"https:\/\/iescapayanch-cat.infd.edu.ar\/sitio\/wp-content\/uploads\/2022\/04\/WhatsApp-Image-2022-04-29-at-10.50.51-PM-e1651290070272.jpeg\" target=\"_blank\">Pr\u00e1ctica<\/a> (Generalista) <\/p>\n\n\n\n<p><a href=\"https:\/\/iescapayanch-cat.infd.edu.ar\/sitio\/wp-content\/uploads\/2022\/04\/PLANILLA-ORDEN-DE-MERITO_TIC_INGLES_ULTIMA_page-0001.jpg\" target=\"_blank\" rel=\"noreferrer noopener\">T.I.C Aplicada a la Educaci\u00f3<\/a><a rel=\"noreferrer noopener\" href=\"https:\/\/iescapayanch-cat.infd.edu.ar\/sitio\/wp-content\/uploads\/2022\/04\/PLANILLA-ORDEN-DE-MERITO_TIC_INGLES_-con-NOTA-aclaratoria.pdf\" target=\"_blank\">n<\/a> (Planilla modificada) <a href=\"https:\/\/iescapayanch-cat.infd.edu.ar\/sitio\/wp-content\/uploads\/2022\/04\/PLANILLA-ORDEN-DE-MERITO_TIC_INGLES_ULTIMA_page-0002.jpg\" target=\"_blank\" rel=\"noreferrer noopener\">Nota aclaratoria<\/a><\/p>\n\n\n\n<p><strong><span class=\"has-inline-color has-vivid-red-color\">Profesorado de Teatro<\/span><\/strong><\/p>\n\n\n\n<p><a href=\"https:\/\/iescapayanch-cat.infd.edu.ar\/sitio\/wp-content\/uploads\/2022\/04\/WhatsApp-Image-2022-04-29-at-6.27.08-AM-2.jpeg\" target=\"_blank\" rel=\"noreferrer noopener\">T.I.C<\/a><\/p>\n\n\n\n<p><\/p>\n\n\n\n<p><\/p>\n\n\n\n<p class=\"has-text-align-center\"><strong><span class=\"has-inline-color has-vivid-red-color\"><em>Entrevistas<\/em><\/span><\/strong><\/p>\n\n\n\n<p><strong>M\u00fasica y Danza Generalista<\/strong><\/p>\n\n\n\n<p><strong><span class=\"has-inline-color has-vivid-green-cyan-color\">Martes 03\/05 a las 17 hs. Sede Huillapima<\/span><\/strong><\/p>\n\n\n\n<p>Espacios curriculares: Psicolog\u00eda Educacional<\/p>\n\n\n\n<p>Filosof\u00eda de la Educaci\u00f3n<\/p>\n\n\n\n<p>Historia y Pol\u00edtica de la Ense\u00f1anza (Generalista) Practica de la Ense\u00f1anza (Generalista) Practica Docente y Residencia (Generalista)<\/p>\n\n\n\n<p><strong>Danza Especifica<\/strong><\/p>\n\n\n\n<p><strong><span class=\"has-inline-color has-vivid-green-cyan-color\">Mi\u00e9rcoles 04\/05 a las 17 hs. Sede Huillapima<\/span><\/strong> <span class=\"has-inline-color has-vivid-red-color\"><strong>FECHA MODIFICADA<\/strong><\/span><\/p>\n\n\n\n<p>Espacios curriculares: Elemento y C\u00f3digo de la Danza<\/p>\n\n\n\n<p>Genero, Estilos y Tendencias de las Artes del Mov.<\/p>\n\n\n\n<p>Pr\u00e1ctica de la Ense\u00f1anza (Especifica)<\/p>\n\n\n\n<p><strong>M\u00fasica Especifico<\/strong><\/p>\n\n\n\n<p><strong><span class=\"has-inline-color has-vivid-green-cyan-color\">Entrevista Jueves 05\/05 a las 17 hs Sede Huillapima<\/span><\/strong><\/p>\n\n\n\n<p>Espacios curriculares:<\/p>\n\n\n\n<p>Practica de Producci\u00f3n Musical I, II y III<\/p>\n\n\n\n<p>Practica de la Ense\u00f1anza (Especifico)<\/p>\n\n\n\n<p>Did\u00e1ctica de la M\u00fasica II<\/p>\n\n\n\n<p><strong>M\u00fasica Espec\u00edfico<\/strong><\/p>\n\n\n\n<p><strong><span class=\"has-inline-color has-vivid-green-cyan-color\">Martes 03\/05 a las 17 hs. Sede Huillapima<\/span><\/strong><\/p>\n\n\n\n<p>Espacios curriculares<\/p>\n\n\n\n<p>Instrumento Principal: Piano, Guitarra y Viol\u00edn<\/p>\n\n\n\n<p>Instrumento Complementario III: Piano, Guitarra y Viol\u00edn<\/p>\n\n\n\n<p>M\u00fasica Vocal I<\/p>\n\n\n\n<p>M\u00fasica y Contexto<\/p>\n\n\n\n<p><strong>Entrevista: Tecnolog\u00eda de la Informaci\u00f3n y Comunicaci\u00f3n y TIC Aplicada a la Educaci\u00f3n<\/strong><\/p>\n\n\n\n<p><span class=\"has-inline-color has-vivid-green-cyan-color\"><strong>D\u00eda jueves 05\/05 a las 17 hs. Sede Huillapima<\/strong><\/span><\/p>\n","protected":false},"excerpt":{"rendered":"<p>AVISO IMPORTANTE SE MODIFICO LA FECHA DE ENTREVISTA DE DANZA ESPECIFICO Profesorado de M\u00fasica Pr\u00e1ctica de Producci\u00f3n &nbsp;Musical III &#8211; Sede Huillapima Pr\u00e1ctica y Producci\u00f3n Musical II- Sede Chumbicha Did\u00e1ctica de La M\u00fasica II &#8211; Sede Huillapima Did\u00e1ctica de La M\u00fasica II &#8211; Sede Chumbicha M\u00fasica y Contexto III (An\u00e1lisis) M\u00fasica y Contexto III (Armon\u00eda) &#8230; <a title=\"1er llamado a concurso interinatos y suplencias 2022 &#8211; Listados de Orden de M\u00e9ritos provisorios\" class=\"read-more\" href=\"https:\/\/iescapayanch-cat.infd.edu.ar\/sitio\/1er-llamado-a-concurso-interinatos-y-suplencias-2022-listados-de-orden-de-meritos-provisorios\/\" aria-label=\"More on 1er llamado a concurso interinatos y suplencias 2022 &#8211; Listados de Orden de M\u00e9ritos provisorios\">[+]<\/a><\/p>\n","protected":false},"author":16,"featured_media":0,"parent":0,"menu_order":0,"comment_status":"closed","ping_status":"closed","template":"","meta":[],"acf":[],"_links":{"self":[{"href":"https:\/\/iescapayanch-cat.infd.edu.ar\/sitio\/wp-json\/wp\/v2\/pages\/3189"}],"collection":[{"href":"https:\/\/iescapayanch-cat.infd.edu.ar\/sitio\/wp-json\/wp\/v2\/pages"}],"about":[{"href":"https:\/\/iescapayanch-cat.infd.edu.ar\/sitio\/wp-json\/wp\/v2\/types\/page"}],"author":[{"embeddable":true,"href":"https:\/\/iescapayanch-cat.infd.edu.ar\/sitio\/wp-json\/wp\/v2\/users\/16"}],"replies":[{"embeddable":true,"href":"https:\/\/iescapayanch-cat.infd.edu.ar\/sitio\/wp-json\/wp\/v2\/comments?post=3189"}],"version-history":[{"count":18,"href":"https:\/\/iescapayanch-cat.infd.edu.ar\/sitio\/wp-json\/wp\/v2\/pages\/3189\/revisions"}],"predecessor-version":[{"id":3247,"href":"https:\/\/iescapayanch-cat.infd.edu.ar\/sitio\/wp-json\/wp\/v2\/pages\/3189\/revisions\/3247"}],"wp:attachment":[{"href":"https:\/\/iescapayanch-cat.infd.edu.ar\/sitio\/wp-json\/wp\/v2\/media?parent=3189"}],"curies":[{"name":"wp","href":"https:\/\/api.w.org\/{rel}","templated":true}]}}