{"id":3103,"date":"2021-12-14T18:02:59","date_gmt":"2021-12-14T21:02:59","guid":{"rendered":"https:\/\/iescapayanch-cat.infd.edu.ar\/sitio\/?page_id=3103"},"modified":"2021-12-17T19:53:20","modified_gmt":"2021-12-17T22:53:20","slug":"listado-definitivos-de-orden-de-merito-3-llamado-a-concurso-2021","status":"publish","type":"page","link":"https:\/\/iescapayanch-cat.infd.edu.ar\/sitio\/listado-definitivos-de-orden-de-merito-3-llamado-a-concurso-2021\/","title":{"rendered":"Listado definitivos de Orden de Merito- 3\u00b0 llamado a concurso 2021"},"content":{"rendered":"\n<p><strong><span class=\"has-inline-color has-vivid-red-color\">Profesorado de Ingl\u00e9s<\/span><\/strong><\/p>\n\n\n\n<p><a rel=\"noreferrer noopener\" href=\"https:\/\/iescapayanch-cat.infd.edu.ar\/sitio\/wp-content\/uploads\/2021\/12\/LOM-Gramatica-Inglesa-I.pdf\" data-type=\"URL\" data-id=\"https:\/\/iescapayanch-cat.infd.edu.ar\/sitio\/wp-content\/uploads\/2021\/12\/LOM-Gramatica-Inglesa-I.pdf\" target=\"_blank\"><strong>Gram\u00e1tica Inglesa I<\/strong><\/a><\/p>\n\n\n\n<p><strong><span class=\"has-inline-color has-vivid-red-color\">Profesorado de Danza<\/span><\/strong><\/p>\n\n\n\n<p><strong><a href=\"https:\/\/iescapayanch-cat.infd.edu.ar\/sitio\/wp-content\/uploads\/2021\/12\/WhatsApp-Image-2021-12-16-at-21.35.03-2-e1639703103157.jpeg\" data-type=\"URL\" data-id=\"https:\/\/iescapayanch-cat.infd.edu.ar\/sitio\/wp-content\/uploads\/2021\/12\/WhatsApp-Image-2021-12-16-at-21.35.03-2-e1639703103157.jpeg\" target=\"_blank\" rel=\"noreferrer noopener\">Psicolog\u00eda Educacional<\/a><\/strong><\/p>\n\n\n\n<p><strong><a href=\"https:\/\/iescapayanch-cat.infd.edu.ar\/sitio\/wp-content\/uploads\/2021\/12\/WhatsApp-Image-2021-12-16-at-21.35.03-1-e1639703612522.jpeg\" data-type=\"URL\" data-id=\"https:\/\/iescapayanch-cat.infd.edu.ar\/sitio\/wp-content\/uploads\/2021\/12\/WhatsApp-Image-2021-12-16-at-21.35.03-1-e1639703612522.jpeg\" target=\"_blank\" rel=\"noreferrer noopener\">Practica III (Especifico)<\/a><\/strong><\/p>\n\n\n\n<p><strong><a href=\"https:\/\/iescapayanch-cat.infd.edu.ar\/sitio\/wp-content\/uploads\/2021\/12\/WhatsApp-Image-2021-12-16-at-21.35.02-2-e1639703770861.jpeg\" data-type=\"URL\" data-id=\"https:\/\/iescapayanch-cat.infd.edu.ar\/sitio\/wp-content\/uploads\/2021\/12\/WhatsApp-Image-2021-12-16-at-21.35.02-2-e1639703770861.jpeg\" target=\"_blank\" rel=\"noreferrer noopener\">Escuela y Comunidad<\/a><\/strong><\/p>\n\n\n\n<p><strong><a href=\"https:\/\/iescapayanch-cat.infd.edu.ar\/sitio\/wp-content\/uploads\/2021\/12\/WhatsApp-Image-2021-12-16-at-21.35.03-e1639703559745.jpeg\" data-type=\"URL\" data-id=\"https:\/\/iescapayanch-cat.infd.edu.ar\/sitio\/wp-content\/uploads\/2021\/12\/WhatsApp-Image-2021-12-16-at-21.35.03-e1639703559745.jpeg\" target=\"_blank\" rel=\"noreferrer noopener\">Pedagog\u00eda<\/a><\/strong><\/p>\n\n\n\n<p><strong>I<a href=\"https:\/\/iescapayanch-cat.infd.edu.ar\/sitio\/wp-content\/uploads\/2021\/12\/WhatsApp-Image-2021-12-16-at-21.35.02-e1639703693642.jpeg\" data-type=\"URL\" data-id=\"https:\/\/iescapayanch-cat.infd.edu.ar\/sitio\/wp-content\/uploads\/2021\/12\/WhatsApp-Image-2021-12-16-at-21.35.02-e1639703693642.jpeg\" target=\"_blank\" rel=\"noreferrer noopener\">ntervenci\u00f3n Comunitaria en Danza<\/a><\/strong><\/p>\n\n\n\n<p><strong><a rel=\"noreferrer noopener\" href=\"https:\/\/iescapayanch-cat.infd.edu.ar\/sitio\/wp-content\/uploads\/2021\/12\/WhatsApp-Image-2021-12-16-at-21.35.02-1-e1639703874791.jpeg\" data-type=\"URL\" data-id=\"https:\/\/iescapayanch-cat.infd.edu.ar\/sitio\/wp-content\/uploads\/2021\/12\/WhatsApp-Image-2021-12-16-at-21.35.02-1-e1639703874791.jpeg\" target=\"_blank\">EDI<\/a><\/strong><\/p>\n\n\n\n<p><strong><a href=\"https:\/\/iescapayanch-cat.infd.edu.ar\/sitio\/wp-content\/uploads\/2021\/12\/LISTADO-DE-ORDEN-DE-MERITO-SENSOPERCEPCION-1.pdf\" data-type=\"URL\" data-id=\"https:\/\/iescapayanch-cat.infd.edu.ar\/sitio\/wp-content\/uploads\/2021\/12\/LISTADO-DE-ORDEN-DE-MERITO-SENSOPERCEPCION-1.pdf\" target=\"_blank\" rel=\"noreferrer noopener\">Sensopercepci\u00f3n<\/a><\/strong><\/p>\n\n\n\n<p><strong><a href=\"https:\/\/iescapayanch-cat.infd.edu.ar\/sitio\/wp-content\/uploads\/2021\/12\/LISTADO-DE-ORDEN-DE-MERITO-GENERO-ESTILO-Y-TENDENCIAS-1.pdf\" data-type=\"URL\" data-id=\"https:\/\/iescapayanch-cat.infd.edu.ar\/sitio\/wp-content\/uploads\/2021\/12\/LISTADO-DE-ORDEN-DE-MERITO-GENERO-ESTILO-Y-TENDENCIAS-1.pdf\" target=\"_blank\" rel=\"noreferrer noopener\">G\u00e9neros, Estilos y Tendencia de Las Artes del Movimiento<\/a><\/strong><\/p>\n\n\n\n<p><strong><a href=\"https:\/\/iescapayanch-cat.infd.edu.ar\/sitio\/wp-content\/uploads\/2021\/12\/LISTADO-DE-ORDEN-DE-MERITO-DANZAS-CLASICAS-1.pdf\" data-type=\"URL\" data-id=\"https:\/\/iescapayanch-cat.infd.edu.ar\/sitio\/wp-content\/uploads\/2021\/12\/LISTADO-DE-ORDEN-DE-MERITO-DANZAS-CLASICAS-1.pdf\" target=\"_blank\" rel=\"noreferrer noopener\">Danzas Cl\u00e1sicas<\/a><\/strong><\/p>\n\n\n\n<p><strong><a href=\"https:\/\/iescapayanch-cat.infd.edu.ar\/sitio\/wp-content\/uploads\/2021\/12\/LISTADO-DE-ORDEN-DE-MERITO-DANZAS-FOLKLORICAS-1.pdf\" data-type=\"URL\" data-id=\"https:\/\/iescapayanch-cat.infd.edu.ar\/sitio\/wp-content\/uploads\/2021\/12\/LISTADO-DE-ORDEN-DE-MERITO-DANZAS-FOLKLORICAS-1.pdf\" target=\"_blank\" rel=\"noreferrer noopener\">Danzas Folkl\u00f3ricas I<\/a><\/strong><\/p>\n\n\n\n<p><strong><a href=\"https:\/\/iescapayanch-cat.infd.edu.ar\/sitio\/wp-content\/uploads\/2021\/12\/LISTADO-DE-ORDEN-DE-MERITO-EDI-CON-EJE-EN-LA-TECNICA-1.pdf\" data-type=\"URL\" data-id=\"https:\/\/iescapayanch-cat.infd.edu.ar\/sitio\/wp-content\/uploads\/2021\/12\/LISTADO-DE-ORDEN-DE-MERITO-EDI-CON-EJE-EN-LA-TECNICA-1.pdf\" target=\"_blank\" rel=\"noreferrer noopener\">EDI (Danza con Eje en La T\u00e9cnica)<\/a><\/strong><\/p>\n\n\n\n<p><strong><a href=\"https:\/\/iescapayanch-cat.infd.edu.ar\/sitio\/wp-content\/uploads\/2021\/12\/LISTADO-DE-ORDEN-DE-MERITO-HISTORIA-DE-LAS-ARTES-EN-MOVIMIENTO-I-1.pdf\" data-type=\"URL\" data-id=\"https:\/\/iescapayanch-cat.infd.edu.ar\/sitio\/wp-content\/uploads\/2021\/12\/LISTADO-DE-ORDEN-DE-MERITO-HISTORIA-DE-LAS-ARTES-EN-MOVIMIENTO-I-1.pdf\" target=\"_blank\" rel=\"noreferrer noopener\">Historia Social y Cultural de las Artes en Movimiento I<\/a><\/strong><\/p>\n\n\n\n<p><strong><span class=\"has-inline-color has-vivid-red-color\">Tecnicatura en Administraci\u00f3n Publica Orientada al Desarrollo Local<\/span><\/strong><\/p>\n\n\n\n<p><strong><a rel=\"noreferrer noopener\" href=\"https:\/\/iescapayanch-cat.infd.edu.ar\/sitio\/wp-content\/uploads\/2021\/12\/WhatsApp-Image-2021-12-16-at-21.35.00-e1639704198622.jpeg\" data-type=\"URL\" data-id=\"https:\/\/iescapayanch-cat.infd.edu.ar\/sitio\/wp-content\/uploads\/2021\/12\/WhatsApp-Image-2021-12-16-at-21.35.00-e1639704198622.jpeg\" target=\"_blank\">Pr\u00e1ctica Profesionalizante III<\/a><\/strong><\/p>\n\n\n\n<p><a href=\"https:\/\/iescapayanch-cat.infd.edu.ar\/sitio\/wp-content\/uploads\/2021\/12\/WhatsApp-Image-2021-12-16-at-22.23.41-e1639706552569.jpeg\" data-type=\"URL\" data-id=\"https:\/\/iescapayanch-cat.infd.edu.ar\/sitio\/wp-content\/uploads\/2021\/12\/WhatsApp-Image-2021-12-16-at-22.23.41-e1639706552569.jpeg\" target=\"_blank\" rel=\"noreferrer noopener\"><strong>Seminario de \u00c9tica Profesional y Construcci\u00f3n de Ciudadan\u00eda<\/strong><\/a><\/p>\n\n\n\n<p><a href=\"https:\/\/iescapayanch-cat.infd.edu.ar\/sitio\/wp-content\/uploads\/2021\/12\/WhatsApp-Image-2021-12-16-at-22.23.42-e1639706369353.jpeg\" data-type=\"URL\" data-id=\"https:\/\/iescapayanch-cat.infd.edu.ar\/sitio\/wp-content\/uploads\/2021\/12\/WhatsApp-Image-2021-12-16-at-22.23.42-e1639706369353.jpeg\" target=\"_blank\" rel=\"noreferrer noopener\"><strong>Sistema de Informaci\u00f3n y Comunicaci\u00f3n Aplicados a La Gesti\u00f3n Estatal II<\/strong><\/a><\/p>\n\n\n\n<p><a href=\"https:\/\/iescapayanch-cat.infd.edu.ar\/sitio\/wp-content\/uploads\/2021\/12\/WhatsApp-Image-2021-12-16-at-22.24.32-e1639704852201.jpeg\" data-type=\"URL\" data-id=\"https:\/\/iescapayanch-cat.infd.edu.ar\/sitio\/wp-content\/uploads\/2021\/12\/WhatsApp-Image-2021-12-16-at-22.24.32-e1639704852201.jpeg\" target=\"_blank\" rel=\"noreferrer noopener\"><strong>Taller de Gesti\u00f3n P\u00fablica y Desarrollo de Programas y Proyectos II<\/strong>&nbsp;<\/a><\/p>\n\n\n\n<p><a rel=\"noreferrer noopener\" href=\"https:\/\/iescapayanch-cat.infd.edu.ar\/sitio\/wp-content\/uploads\/2021\/12\/WhatsApp-Image-2021-12-16-at-22.23.42-1-e1639706497850.jpeg\" data-type=\"URL\" data-id=\"https:\/\/iescapayanch-cat.infd.edu.ar\/sitio\/wp-content\/uploads\/2021\/12\/WhatsApp-Image-2021-12-16-at-22.23.42-1-e1639706497850.jpeg\" target=\"_blank\">Taller De Procesos de Part. Ciud. Y Tec. Part.<\/a><\/p>\n\n\n\n<p><\/p>\n\n\n\n<p><\/p>\n","protected":false},"excerpt":{"rendered":"<p>Profesorado de Ingl\u00e9s Gram\u00e1tica Inglesa I Profesorado de Danza Psicolog\u00eda Educacional Practica III (Especifico) Escuela y Comunidad Pedagog\u00eda Intervenci\u00f3n Comunitaria en Danza EDI Sensopercepci\u00f3n G\u00e9neros, Estilos y Tendencia de Las Artes del Movimiento Danzas Cl\u00e1sicas Danzas Folkl\u00f3ricas I EDI (Danza con Eje en La T\u00e9cnica) Historia Social y Cultural de las Artes en Movimiento I &#8230; <a title=\"Listado definitivos de Orden de Merito- 3\u00b0 llamado a concurso 2021\" class=\"read-more\" href=\"https:\/\/iescapayanch-cat.infd.edu.ar\/sitio\/listado-definitivos-de-orden-de-merito-3-llamado-a-concurso-2021\/\" aria-label=\"More on Listado definitivos de Orden de Merito- 3\u00b0 llamado a concurso 2021\">[+]<\/a><\/p>\n","protected":false},"author":16,"featured_media":0,"parent":0,"menu_order":0,"comment_status":"closed","ping_status":"closed","template":"","meta":[],"acf":[],"_links":{"self":[{"href":"https:\/\/iescapayanch-cat.infd.edu.ar\/sitio\/wp-json\/wp\/v2\/pages\/3103"}],"collection":[{"href":"https:\/\/iescapayanch-cat.infd.edu.ar\/sitio\/wp-json\/wp\/v2\/pages"}],"about":[{"href":"https:\/\/iescapayanch-cat.infd.edu.ar\/sitio\/wp-json\/wp\/v2\/types\/page"}],"author":[{"embeddable":true,"href":"https:\/\/iescapayanch-cat.infd.edu.ar\/sitio\/wp-json\/wp\/v2\/users\/16"}],"replies":[{"embeddable":true,"href":"https:\/\/iescapayanch-cat.infd.edu.ar\/sitio\/wp-json\/wp\/v2\/comments?post=3103"}],"version-history":[{"count":7,"href":"https:\/\/iescapayanch-cat.infd.edu.ar\/sitio\/wp-json\/wp\/v2\/pages\/3103\/revisions"}],"predecessor-version":[{"id":3139,"href":"https:\/\/iescapayanch-cat.infd.edu.ar\/sitio\/wp-json\/wp\/v2\/pages\/3103\/revisions\/3139"}],"wp:attachment":[{"href":"https:\/\/iescapayanch-cat.infd.edu.ar\/sitio\/wp-json\/wp\/v2\/media?parent=3103"}],"curies":[{"name":"wp","href":"https:\/\/api.w.org\/{rel}","templated":true}]}}