{"id":2802,"date":"2021-06-10T23:12:20","date_gmt":"2021-06-11T02:12:20","guid":{"rendered":"https:\/\/iescapayanch-cat.infd.edu.ar\/sitio\/?page_id=2802"},"modified":"2021-06-10T23:12:20","modified_gmt":"2021-06-11T02:12:20","slug":"cronograma-de-entrevistas-catedras-especificas-de-musica","status":"publish","type":"page","link":"https:\/\/iescapayanch-cat.infd.edu.ar\/sitio\/cronograma-de-entrevistas-catedras-especificas-de-musica\/","title":{"rendered":"CRONOGRAMA DE ENTREVISTAS: C\u00e1tedras espec\u00edficas de M\u00fasica"},"content":{"rendered":"<p style=\"text-align: center;\"><span style=\"color: #ff6600;\"><strong>Cronograma: C\u00e1tedras espec\u00edficas de M\u00fasica<\/strong><\/span><\/p>\n<table>\n<tbody>\n<tr>\n<td width=\"329\">\n<p style=\"text-align: center;\"><strong><u>MATERIA<\/u><\/strong><\/p>\n<\/td>\n<td style=\"text-align: center;\" width=\"85\"><strong><u>DIA<\/u><\/strong><\/td>\n<td width=\"123\">\n<p style=\"text-align: center;\"><strong><u>HORA<\/u><\/strong><\/p>\n<\/td>\n<\/tr>\n<tr>\n<td width=\"329\"><strong>Instrumento Principal Guitarra<\/strong><\/td>\n<td width=\"85\"><strong><u>Viernes<\/u><\/strong><\/td>\n<td width=\"123\"><strong><u>15 a 16;40 <\/u><\/strong><\/td>\n<\/tr>\n<tr>\n<td width=\"329\"><strong>Instrumento Compl. Guitarra<\/strong><\/td>\n<td width=\"85\"><strong><u>Viernes<\/u><\/strong><\/td>\n<td width=\"123\"><strong><u>16:45 a 18:00 <\/u><\/strong><\/td>\n<\/tr>\n<tr>\n<td width=\"329\"><strong>Instrumento Principal Piano<\/strong><\/td>\n<td width=\"85\"><strong><u>Viernes<\/u><\/strong><\/td>\n<td width=\"123\"><strong><u>18:00 a 18:40 <\/u><\/strong><\/td>\n<\/tr>\n<tr>\n<td width=\"329\"><strong>Instrumento Compl. Piano<\/strong><\/td>\n<td width=\"85\"><strong><u>Viernes <\/u><\/strong><\/td>\n<td width=\"123\"><strong><u>1850 a 20:10 <\/u><\/strong><\/td>\n<\/tr>\n<tr>\n<td width=\"329\"><strong>Instrumento Principal Cuerdas <\/strong><\/td>\n<td width=\"85\"><strong><u>Lunes<\/u><\/strong><\/td>\n<td width=\"123\"><strong><u>9 a 9:20<\/u><\/strong><\/td>\n<\/tr>\n<tr>\n<td width=\"329\"><strong>Instrumento Compl. Cuerdas<\/strong><\/td>\n<td width=\"85\"><strong><u>Lunes <\/u><\/strong><\/td>\n<td width=\"123\"><strong><u>9 a 9:20<\/u><\/strong><\/td>\n<\/tr>\n<tr>\n<td width=\"329\"><strong>Pr\u00e1ctic. De Prod. Musical<\/strong><\/td>\n<td width=\"85\"><strong><u>Lunes<\/u><\/strong><\/td>\n<td width=\"123\"><strong><u>9:30 a 10:30<\/u><\/strong><\/td>\n<\/tr>\n<tr>\n<td width=\"329\"><strong>Conjunto Vocal<\/strong><\/td>\n<td width=\"85\"><strong><u>Lunes<\/u><\/strong><\/td>\n<td width=\"123\"><strong><u>10:30 a 11:30<\/u><\/strong><\/td>\n<\/tr>\n<tr>\n<td width=\"329\"><strong>Conjunto Instrumental<\/strong><\/td>\n<td width=\"85\"><strong><u>Lunes<\/u><\/strong><\/td>\n<td width=\"123\"><strong><u>10:30 a 11:30<\/u><\/strong><\/td>\n<\/tr>\n<tr>\n<td width=\"329\"><strong>M\u00fasica y Cont. (Socio Hist.)<\/strong><\/td>\n<td width=\"85\"><strong><u>Martes<\/u><\/strong><\/td>\n<td width=\"123\"><strong><u>9 a 9:40<\/u><\/strong><\/td>\n<\/tr>\n<tr>\n<td width=\"329\"><strong>M\u00fasica y Cont. (Armon\u00eda)<\/strong><\/td>\n<td width=\"85\"><strong><u>Martes<\/u><\/strong><\/td>\n<td width=\"123\"><strong><u>9:40 a 11<\/u><\/strong><\/td>\n<\/tr>\n<tr>\n<td width=\"329\"><strong>M\u00fasica y Cont. (An\u00e1lisis)<\/strong><\/td>\n<td width=\"85\"><strong><u>Martes<\/u><\/strong><\/td>\n<td width=\"123\"><strong><u>11 a 12:20<\/u><\/strong><\/td>\n<\/tr>\n<tr>\n<td width=\"329\"><strong>Did\u00e1ctica de la M\u00fasica<\/strong><\/td>\n<td width=\"85\"><strong><u>Martes<\/u><\/strong><\/td>\n<td width=\"123\"><strong><u>15 a 15:40<\/u><\/strong><\/td>\n<\/tr>\n<\/tbody>\n<\/table>\n","protected":false},"excerpt":{"rendered":"<p>Cronograma: C\u00e1tedras espec\u00edficas de M\u00fasica MATERIA DIA HORA Instrumento Principal Guitarra Viernes 15 a 16;40 Instrumento Compl. Guitarra Viernes 16:45 a 18:00 Instrumento Principal Piano Viernes 18:00 a 18:40 Instrumento Compl. Piano Viernes 1850 a 20:10 Instrumento Principal Cuerdas Lunes 9 a 9:20 Instrumento Compl. Cuerdas Lunes 9 a 9:20 Pr\u00e1ctic. De Prod. Musical Lunes &#8230; <a title=\"CRONOGRAMA DE ENTREVISTAS: C\u00e1tedras espec\u00edficas de M\u00fasica\" class=\"read-more\" href=\"https:\/\/iescapayanch-cat.infd.edu.ar\/sitio\/cronograma-de-entrevistas-catedras-especificas-de-musica\/\" aria-label=\"More on CRONOGRAMA DE ENTREVISTAS: C\u00e1tedras espec\u00edficas de M\u00fasica\">[+]<\/a><\/p>\n","protected":false},"author":16,"featured_media":0,"parent":0,"menu_order":0,"comment_status":"closed","ping_status":"closed","template":"","meta":[],"acf":[],"_links":{"self":[{"href":"https:\/\/iescapayanch-cat.infd.edu.ar\/sitio\/wp-json\/wp\/v2\/pages\/2802"}],"collection":[{"href":"https:\/\/iescapayanch-cat.infd.edu.ar\/sitio\/wp-json\/wp\/v2\/pages"}],"about":[{"href":"https:\/\/iescapayanch-cat.infd.edu.ar\/sitio\/wp-json\/wp\/v2\/types\/page"}],"author":[{"embeddable":true,"href":"https:\/\/iescapayanch-cat.infd.edu.ar\/sitio\/wp-json\/wp\/v2\/users\/16"}],"replies":[{"embeddable":true,"href":"https:\/\/iescapayanch-cat.infd.edu.ar\/sitio\/wp-json\/wp\/v2\/comments?post=2802"}],"version-history":[{"count":1,"href":"https:\/\/iescapayanch-cat.infd.edu.ar\/sitio\/wp-json\/wp\/v2\/pages\/2802\/revisions"}],"predecessor-version":[{"id":2803,"href":"https:\/\/iescapayanch-cat.infd.edu.ar\/sitio\/wp-json\/wp\/v2\/pages\/2802\/revisions\/2803"}],"wp:attachment":[{"href":"https:\/\/iescapayanch-cat.infd.edu.ar\/sitio\/wp-json\/wp\/v2\/media?parent=2802"}],"curies":[{"name":"wp","href":"https:\/\/api.w.org\/{rel}","templated":true}]}}