{"id":2782,"date":"2021-06-08T22:28:41","date_gmt":"2021-06-09T01:28:41","guid":{"rendered":"https:\/\/iescapayanch-cat.infd.edu.ar\/sitio\/?page_id=2782"},"modified":"2021-06-16T17:25:14","modified_gmt":"2021-06-16T20:25:14","slug":"concurso-docente-2021-listado-de-orden-de-merito-definitivo","status":"publish","type":"page","link":"https:\/\/iescapayanch-cat.infd.edu.ar\/sitio\/concurso-docente-2021-listado-de-orden-de-merito-definitivo\/","title":{"rendered":"Concurso docente 2021-Listado de orden de m\u00e9rito DEFINITIVO"},"content":{"rendered":"<p><strong>Profesorado de M\u00fasica<\/strong><\/p>\n<p><a href=\"https:\/\/iescapayanch-cat.infd.edu.ar\/sitio\/wp-content\/uploads\/2021\/06\/WhatsApp-Image-2021-06-08-at-8.31.16-PM-e1623198994875.jpeg\" target=\"_blank\" rel=\"noopener\">Sociolog\u00eda de la Educaci\u00f3n<\/a><\/p>\n<p><a href=\"https:\/\/iescapayanch-cat.infd.edu.ar\/sitio\/wp-content\/uploads\/2021\/06\/WhatsApp-Image-2021-06-08-at-8.31.18-PM-e1623201315570.jpeg\" target=\"_blank\" rel=\"noopener\">Instituci\u00f3n Educativa<\/a><\/p>\n<p><a href=\"https:\/\/iescapayanch-cat.infd.edu.ar\/sitio\/wp-content\/uploads\/2021\/06\/orden-de-merito-sujeto20210608_20392289.pdf\" target=\"_blank\" rel=\"noopener\">Sujeto de la Educaci\u00f3n: Inicial, Primaria y Secundaria \u2013 Sede Chumbicha<\/a><\/p>\n<p><a href=\"https:\/\/iescapayanch-cat.infd.edu.ar\/sitio\/wp-content\/uploads\/2021\/06\/orden-de-merito-curriculum-musica20210608_20510538.pdf\" target=\"_blank\" rel=\"noopener\">Programaci\u00f3n Curricular<\/a><\/p>\n<p><a href=\"https:\/\/iescapayanch-cat.infd.edu.ar\/sitio\/wp-content\/uploads\/2021\/06\/WhatsApp-Image-2021-06-11-at-8.19.40-PM-e1623457139746.jpeg\" target=\"_blank\" rel=\"noopener\">Sujeto de la Educaci\u00f3n: Inicial, Primaria y Secundaria- Sede Huillapima<\/a><\/p>\n<p><a href=\"https:\/\/iescapayanch-cat.infd.edu.ar\/sitio\/wp-content\/uploads\/2021\/06\/PLANILLA-ORDEN-DE-MERITO-MUSICA-HUILLAPIMA-DIDACTICA.pdf\" target=\"_blank\" rel=\"noopener\">Did\u00e1ctica General &#8211; Sede Huillapima<\/a><\/p>\n<p><a href=\"https:\/\/iescapayanch-cat.infd.edu.ar\/sitio\/wp-content\/uploads\/2021\/06\/PLANILLA-ORDEN-DE-MERITO-MUSICA-CHUMBICHA-DIDACTICA-GENERAL.pdf\" target=\"_blank\" rel=\"noopener\">Did\u00e1ctica General &#8211; Sede Chumbicha<\/a><\/p>\n<p><a href=\"https:\/\/iescapayanch-cat.infd.edu.ar\/sitio\/wp-content\/uploads\/2021\/06\/WhatsApp-Image-2021-06-16-at-12.23.39-PM-1-e1623866832380.jpeg\" target=\"_blank\" rel=\"noopener\">Instrumento Complementario II. Guitarra. 2B. Sede Huillapima<\/a><\/p>\n<p><a href=\"https:\/\/iescapayanch-cat.infd.edu.ar\/sitio\/wp-content\/uploads\/2021\/06\/WhatsApp-Image-2021-06-16-at-12.23.39-PM-e1623867019680.jpeg\" target=\"_blank\" rel=\"noopener\">Instrumento Principal II. Guitarra. 2B. Sede Huillapima<\/a><\/p>\n<p><a href=\"https:\/\/iescapayanch-cat.infd.edu.ar\/sitio\/wp-content\/uploads\/2021\/06\/WhatsApp-Image-2021-06-16-at-12.23.40-PM-1-e1623867091863.jpeg\" target=\"_blank\" rel=\"noopener\">Instrumento Principal II. Cuerdas. 2B. Sede Huillapima<\/a><\/p>\n<p><a href=\"https:\/\/iescapayanch-cat.infd.edu.ar\/sitio\/wp-content\/uploads\/2021\/06\/WhatsApp-Image-2021-06-16-at-12.23.40-PM-2-e1623867150228.jpeg\" target=\"_blank\" rel=\"noopener\">Instrumento Principal II. Cuerdas. 2A. Sede Chumbicha<\/a><\/p>\n<p><a href=\"https:\/\/iescapayanch-cat.infd.edu.ar\/sitio\/wp-content\/uploads\/2021\/06\/WhatsApp-Image-2021-06-16-at-12.23.40-PM-e1623867227571.jpeg\" target=\"_blank\" rel=\"noopener\">Instrumento Complementario II. Guitarra. 2A. Sede Chumbicha<\/a><\/p>\n<p><a href=\"https:\/\/iescapayanch-cat.infd.edu.ar\/sitio\/wp-content\/uploads\/2021\/06\/WhatsApp-Image-2021-06-16-at-12.23.41-PM-1-e1623867296221.jpeg\" target=\"_blank\" rel=\"noopener\">M\u00fasica y Contexto II. (Socio Hist\u00f3rico) \u2013 2A. Chumbicha<\/a><\/p>\n<p><a href=\"https:\/\/iescapayanch-cat.infd.edu.ar\/sitio\/wp-content\/uploads\/2021\/06\/WhatsApp-Image-2021-06-16-at-12.23.41-PM-2-e1623867363847.jpeg\" target=\"_blank\" rel=\"noopener\">M\u00fasica y Contexto II. (Armon\u00eda) 2A- Sede Chumbicha<\/a><\/p>\n<p><a href=\"https:\/\/iescapayanch-cat.infd.edu.ar\/sitio\/wp-content\/uploads\/2021\/06\/WhatsApp-Image-2021-06-16-at-12.23.41-PM-e1623867468178.jpeg\" target=\"_blank\" rel=\"noopener\">Instrumento Complementario II. Cuerdas. 2B. Sede Huillapima<\/a><\/p>\n<p><a href=\"https:\/\/iescapayanch-cat.infd.edu.ar\/sitio\/wp-content\/uploads\/2021\/06\/WhatsApp-Image-2021-06-16-at-12.23.42-PM-e1623867536213.jpeg\" target=\"_blank\" rel=\"noopener\">M\u00fasica y Contexto II. (An\u00e1lisis) \u2013 2B. Huillapima<\/a><\/p>\n<p><a href=\"https:\/\/iescapayanch-cat.infd.edu.ar\/sitio\/wp-content\/uploads\/2021\/06\/WhatsApp-Image-2021-06-16-at-3.50.30-PM-e1623874929934.jpeg\" target=\"_blank\" rel=\"noopener\">Did\u00e1ctica de la M\u00fasica I \u2013 2 B. Sede Huillapima<\/a><\/p>\n<p><a href=\"https:\/\/iescapayanch-cat.infd.edu.ar\/sitio\/wp-content\/uploads\/2021\/06\/WhatsApp-Image-2021-06-16-at-12.23.43-PM-2-e1623867650462.jpeg\" target=\"_blank\" rel=\"noopener\">Instrumento Principal II. Piano. 2 A Sede Huillapima<\/a><\/p>\n<p><a href=\"https:\/\/iescapayanch-cat.infd.edu.ar\/sitio\/wp-content\/uploads\/2021\/06\/WhatsApp-Image-2021-06-16-at-12.23.43-PM-3-e1623867711300.jpeg\" target=\"_blank\" rel=\"noopener\">Instrumento Principal II. Piano. 2 A Sede Chumbicha<\/a><\/p>\n<p><a href=\"https:\/\/iescapayanch-cat.infd.edu.ar\/sitio\/wp-content\/uploads\/2021\/06\/WhatsApp-Image-2021-06-16-at-12.23.43-PM-e1623867774838.jpeg\" target=\"_blank\" rel=\"noopener\">M\u00fasica y Contexto II. (An\u00e1lisis) \u2013 2A- Sede Chumbicha<\/a><\/p>\n<p><a href=\"https:\/\/iescapayanch-cat.infd.edu.ar\/sitio\/wp-content\/uploads\/2021\/06\/WhatsApp-Image-2021-06-16-at-12.23.44-PM-1-e1623867851827.jpeg\" target=\"_blank\" rel=\"noopener\">Instrumento Complementario II. Piano. 2 A. Sede Chumbicha<\/a><\/p>\n<p><a href=\"https:\/\/iescapayanch-cat.infd.edu.ar\/sitio\/wp-content\/uploads\/2021\/06\/WhatsApp-Image-2021-06-16-at-12.23.44-PM-2-e1623867918838.jpeg\" target=\"_blank\" rel=\"noopener\">Instrumento Principal II. Guitarra. 2A. Sede Chumbicha<\/a><\/p>\n<p><a href=\"https:\/\/iescapayanch-cat.infd.edu.ar\/sitio\/wp-content\/uploads\/2021\/06\/WhatsApp-Image-2021-06-16-at-12.23.44-PM-e1623867983732.jpeg\" target=\"_blank\" rel=\"noopener\">Instrumento Complementario II. Piano. 2 A. Sede Huillapima<\/a><\/p>\n<p><a href=\"https:\/\/iescapayanch-cat.infd.edu.ar\/sitio\/wp-content\/uploads\/2021\/06\/WhatsApp-Image-2021-06-16-at-12.23.45-PM-1-e1623868051784.jpeg\" target=\"_blank\" rel=\"noopener\">M\u00fasica y Contexto II. (Armon\u00eda) 2B- Sede Huillapima<\/a><\/p>\n<p><a href=\"https:\/\/iescapayanch-cat.infd.edu.ar\/sitio\/wp-content\/uploads\/2021\/06\/WhatsApp-Image-2021-06-16-at-12.23.45-PM-2-e1623868103465.jpeg\" target=\"_blank\" rel=\"noopener\">M\u00fasica y Contexto II. (Socio Hist\u00f3rico) 2B.Sede Huillapima<\/a><\/p>\n<p><a href=\"https:\/\/iescapayanch-cat.infd.edu.ar\/sitio\/wp-content\/uploads\/2021\/06\/WhatsApp-Image-2021-06-16-at-12.23.45-PM-e1623868250869.jpeg\" target=\"_blank\" rel=\"noopener\">Instrumento Complementario II. Cuerdas. 2A. Sede Chumbicha<\/a><\/p>\n<p><a href=\"https:\/\/iescapayanch-cat.infd.edu.ar\/sitio\/wp-content\/uploads\/2021\/06\/WhatsApp-Image-2021-06-16-at-12.23.46-PM-e1623868309489.jpeg\" target=\"_blank\" rel=\"noopener\">Pr\u00e1ctica de Producci\u00f3n Musical. 2B. Sede Huillapima<\/a><\/p>\n<p><a href=\"https:\/\/iescapayanch-cat.infd.edu.ar\/sitio\/wp-content\/uploads\/2021\/06\/WhatsApp-Image-2021-06-16-at-12.23.47-PM-1-e1623868382856.jpeg\" target=\"_blank\" rel=\"noopener\">Conjunto Vocal. \u2013 Conjunto Instrumental.\u00a0 2B- Sede Huillapima<\/a><\/p>\n<p><a href=\"https:\/\/iescapayanch-cat.infd.edu.ar\/sitio\/wp-content\/uploads\/2021\/06\/WhatsApp-Image-2021-06-16-at-12.23.47-PM-e1623868434943.jpeg\" target=\"_blank\" rel=\"noopener\">Did\u00e1ctica de la M\u00fasica I \u2013 2 A Sede Chumbicha<\/a><\/p>\n<p><a href=\"https:\/\/iescapayanch-cat.infd.edu.ar\/sitio\/wp-content\/uploads\/2021\/06\/WhatsApp-Image-2021-06-16-at-12.23.48-PM-e1623868503603.jpeg\" target=\"_blank\" rel=\"noopener\">Conjunto Vocal. \u2013 Conjunto Instrumental.\u00a0 2A- Sede Chumbicha<\/a><\/p>\n<p>&nbsp;<\/p>\n<p><strong>Profesorado de Danza<\/strong><\/p>\n<p><a href=\"https:\/\/iescapayanch-cat.infd.edu.ar\/sitio\/wp-content\/uploads\/2021\/06\/WhatsApp-Image-2021-06-08-at-8.31.17-PM-e1623201224414.jpeg\" target=\"_blank\" rel=\"noopener\">Instituci\u00f3n Educativa<\/a><\/p>\n<p>&nbsp;<\/p>\n<p><strong>Profesorado en Ingl\u00e9s<\/strong><\/p>\n<p><a href=\"https:\/\/iescapayanch-cat.infd.edu.ar\/sitio\/wp-content\/uploads\/2021\/06\/WhatsApp-Image-2021-06-08-at-8.31.19-PM-e1623201369696.jpeg\" target=\"_blank\" rel=\"noopener\">Problemas Educativos Contempor\u00e1neos<\/a><\/p>\n<p><a href=\"https:\/\/iescapayanch-cat.infd.edu.ar\/sitio\/wp-content\/uploads\/2021\/06\/orden-de-merito-curriculum20210608_20453778.pdf\" target=\"_blank\" rel=\"noopener\">Practica II: Curruculum y Programaci\u00f3n de la Ense\u00f1anza<\/a><\/p>\n<p style=\"text-align: left;\" align=\"right\"><a href=\"https:\/\/iescapayanch-cat.infd.edu.ar\/sitio\/wp-content\/uploads\/2021\/06\/WhatsApp-Image-2021-06-09-at-7.10.32-PM-1-e1623279699639.jpeg\" target=\"_blank\" rel=\"noopener\">Gram\u00e1tica Inglesa I<\/a><\/p>\n<p style=\"text-align: left;\" align=\"right\"><a href=\"https:\/\/iescapayanch-cat.infd.edu.ar\/sitio\/wp-content\/uploads\/2021\/06\/WhatsApp-Image-2021-06-09-at-7.10.32-PM-e1623279801880.jpeg\" target=\"_blank\" rel=\"noopener\">Ingl\u00e9s t\u00e9cnico<\/a><\/p>\n<p><a href=\"https:\/\/iescapayanch-cat.infd.edu.ar\/sitio\/wp-content\/uploads\/2021\/06\/PLANILLA-ORDEN-DE-MERITO-DIDACTICA-INGLES.pdf\" target=\"_blank\" rel=\"noopener\">Did\u00e1ctica General- Sede Huillapima<\/a><\/p>\n<p><strong>Tecnicatura Superior en Enfermer\u00eda<\/strong><\/p>\n<p><a href=\"https:\/\/iescapayanch-cat.infd.edu.ar\/sitio\/wp-content\/uploads\/2021\/06\/WhatsApp-Image-2021-06-14-at-9.43.52-AM-1-e1623682591407.jpeg\" target=\"_blank\" rel=\"noopener\">Cuidados Enfermeros en la comunidad. Sede Huillapima y Extensi\u00f3n \u00c1ulica Miraflores<\/a><\/p>\n<p><a href=\"https:\/\/iescapayanch-cat.infd.edu.ar\/sitio\/wp-content\/uploads\/2021\/06\/WhatsApp-Image-2021-06-14-at-9.55.55-AM-e1623682780492.jpeg\" target=\"_blank\" rel=\"noopener\">Bioestad\u00edstica- Sede Chumbicha<\/a><\/p>\n<p><a href=\"https:\/\/iescapayanch-cat.infd.edu.ar\/sitio\/wp-content\/uploads\/2021\/06\/WhatsApp-Image-2021-06-14-at-9.43.54-AM-1-e1623683024890.jpeg\" target=\"_blank\" rel=\"noopener\">Farmacolog\u00eda II- Anexo Huillapima y Extensi\u00f3n \u00c1ulica Miraflores<\/a><\/p>\n<p><a href=\"https:\/\/iescapayanch-cat.infd.edu.ar\/sitio\/wp-content\/uploads\/2021\/06\/WhatsApp-Image-2021-06-14-at-5.25.05-PM-e1623707436770.jpeg\" target=\"_blank\" rel=\"noopener\">Enfermer\u00eda Cl\u00ednica y Medica \u2013 Sede Chumbicha y Anexo Huillapima y extensi\u00f3n A\u00falica Miraflores<\/a><\/p>\n","protected":false},"excerpt":{"rendered":"<p>Profesorado de M\u00fasica Sociolog\u00eda de la Educaci\u00f3n Instituci\u00f3n Educativa Sujeto de la Educaci\u00f3n: Inicial, Primaria y Secundaria \u2013 Sede Chumbicha Programaci\u00f3n Curricular Sujeto de la Educaci\u00f3n: Inicial, Primaria y Secundaria- Sede Huillapima Did\u00e1ctica General &#8211; Sede Huillapima Did\u00e1ctica General &#8211; Sede Chumbicha Instrumento Complementario II. Guitarra. 2B. Sede Huillapima Instrumento Principal II. Guitarra. 2B. Sede &#8230; <a title=\"Concurso docente 2021-Listado de orden de m\u00e9rito DEFINITIVO\" class=\"read-more\" href=\"https:\/\/iescapayanch-cat.infd.edu.ar\/sitio\/concurso-docente-2021-listado-de-orden-de-merito-definitivo\/\" aria-label=\"More on Concurso docente 2021-Listado de orden de m\u00e9rito DEFINITIVO\">[+]<\/a><\/p>\n","protected":false},"author":16,"featured_media":0,"parent":0,"menu_order":0,"comment_status":"closed","ping_status":"closed","template":"","meta":[],"acf":[],"_links":{"self":[{"href":"https:\/\/iescapayanch-cat.infd.edu.ar\/sitio\/wp-json\/wp\/v2\/pages\/2782"}],"collection":[{"href":"https:\/\/iescapayanch-cat.infd.edu.ar\/sitio\/wp-json\/wp\/v2\/pages"}],"about":[{"href":"https:\/\/iescapayanch-cat.infd.edu.ar\/sitio\/wp-json\/wp\/v2\/types\/page"}],"author":[{"embeddable":true,"href":"https:\/\/iescapayanch-cat.infd.edu.ar\/sitio\/wp-json\/wp\/v2\/users\/16"}],"replies":[{"embeddable":true,"href":"https:\/\/iescapayanch-cat.infd.edu.ar\/sitio\/wp-json\/wp\/v2\/comments?post=2782"}],"version-history":[{"count":13,"href":"https:\/\/iescapayanch-cat.infd.edu.ar\/sitio\/wp-json\/wp\/v2\/pages\/2782\/revisions"}],"predecessor-version":[{"id":2848,"href":"https:\/\/iescapayanch-cat.infd.edu.ar\/sitio\/wp-json\/wp\/v2\/pages\/2782\/revisions\/2848"}],"wp:attachment":[{"href":"https:\/\/iescapayanch-cat.infd.edu.ar\/sitio\/wp-json\/wp\/v2\/media?parent=2782"}],"curies":[{"name":"wp","href":"https:\/\/api.w.org\/{rel}","templated":true}]}}