{"id":2727,"date":"2021-06-07T20:35:30","date_gmt":"2021-06-07T23:35:30","guid":{"rendered":"https:\/\/iescapayanch-cat.infd.edu.ar\/sitio\/?page_id=2727"},"modified":"2021-06-09T19:57:29","modified_gmt":"2021-06-09T22:57:29","slug":"espacios-especificos-profesorado-de-musica","status":"publish","type":"page","link":"https:\/\/iescapayanch-cat.infd.edu.ar\/sitio\/espacios-especificos-profesorado-de-musica\/","title":{"rendered":"Espacios espec\u00edficos Profesorado  de M\u00fasica"},"content":{"rendered":"<p><strong>Profesorado de M\u00fasica<\/strong><\/p>\n<p><strong>Sede Huillapima<\/strong><\/p>\n<p><a href=\"https:\/\/iescapayanch-cat.infd.edu.ar\/sitio\/wp-content\/uploads\/2021\/06\/PLANILLA-ORDEN-DE-MERITO-MYC-II-AN\u00c1LISIS-.2B.pdf\" target=\"_blank\" rel=\"noopener\">M\u00fasica y Contexto II. (An\u00e1lisis) \u2013 2B. Huillapima<\/a><\/p>\n<p><a href=\"https:\/\/iescapayanch-cat.infd.edu.ar\/sitio\/wp-content\/uploads\/2021\/06\/PLANILLA-ORDEN-DE-MERITO-M-YC-II-ARMON\u00cdA-.2B.pdf\" target=\"_blank\" rel=\"noopener\">M\u00fasica y Contexto II. (Armon\u00eda) 2B- Sede Huillapima<\/a><\/p>\n<p><a href=\"https:\/\/iescapayanch-cat.infd.edu.ar\/sitio\/wp-content\/uploads\/2021\/06\/PLANILLA-ORDEN-DE-MERITO-MYC-SOCIO-HIST\u00d3RICO-.2B.pdf\" target=\"_blank\" rel=\"noopener\">M\u00fasica y Contexto II. (Socio Hist\u00f3rico) 2B.Sede Huillapima<\/a><\/p>\n<p><a href=\"https:\/\/iescapayanch-cat.infd.edu.ar\/sitio\/wp-content\/uploads\/2021\/06\/PLANILLA-ORDEN-DE-MERITO-CONJ.-VOCAL-CONJ-INSTRUM.2B.pdf\" target=\"_blank\" rel=\"noopener\">Conjunto Vocal. &#8211; Conjunto Instrumental.\u00a0 2B- Sede Huillapima<\/a><\/p>\n<p><a href=\"https:\/\/iescapayanch-cat.infd.edu.ar\/sitio\/wp-content\/uploads\/2021\/06\/PLANILLA-ORDEN-DE-MERITO-CUERDAS-COMPLEMENTARIO-2B.pdf\" target=\"_blank\" rel=\"noopener\">Instrumento Complementario II. Cuerdas. 2B. Sede Huillapima<\/a><\/p>\n<p><a href=\"https:\/\/iescapayanch-cat.infd.edu.ar\/sitio\/wp-content\/uploads\/2021\/06\/PLANILLA-ORDEN-DE-MERITO-CUERDAS-PRINCIPAL-2B.pdf\" target=\"_blank\" rel=\"noopener\">Instrumento Principal II. Cuerdas. 2B. Sede Huillapima<\/a><\/p>\n<p><a href=\"https:\/\/iescapayanch-cat.infd.edu.ar\/sitio\/wp-content\/uploads\/2021\/06\/PLANILLA-ORDEN-DE-MERITO-DIDACTICA-DE-LA-MUSICA-2B.pdf\" target=\"_blank\" rel=\"noopener\">Did\u00e1ctica de la M\u00fasica I \u2013 2 B. Sede Huillapima<\/a><\/p>\n<p><a href=\"https:\/\/iescapayanch-cat.infd.edu.ar\/sitio\/wp-content\/uploads\/2021\/06\/PLANILLA-ORDEN-DE-MERITO-GUIT-PRINCIPAL-2B.pdf\" target=\"_blank\" rel=\"noopener\">Instrumento Principal II. Guitarra. 2B. Sede Huillapima<\/a><\/p>\n<p><a href=\"https:\/\/iescapayanch-cat.infd.edu.ar\/sitio\/wp-content\/uploads\/2021\/06\/PLANILLA-ORDEN-DE-MERITO-GUIT-COMPLEM-2B.pdf\" target=\"_blank\" rel=\"noopener\">Instrumento Complementario II. Guitarra. 2B. Sede Huillapima<\/a><\/p>\n<p><a href=\"https:\/\/iescapayanch-cat.infd.edu.ar\/sitio\/wp-content\/uploads\/2021\/06\/PLANILLA-ORDEN-DE-MERITO-PIANO-COMPLEMENTARIO-2B-1.pdf\" target=\"_blank\" rel=\"noopener\">Instrumento Complementario II. Piano. 2 A. Sede Huillapima<\/a><\/p>\n<p><a href=\"https:\/\/iescapayanch-cat.infd.edu.ar\/sitio\/wp-content\/uploads\/2021\/06\/PLANILLA-ORDEN-DE-MERITO-PIANO-PRINCIPAL-2B.pdf\" target=\"_blank\" rel=\"noopener\">Instrumento Principal II. Piano. 2 A Sede Huillapima<\/a><\/p>\n<p><a href=\"https:\/\/iescapayanch-cat.infd.edu.ar\/sitio\/wp-content\/uploads\/2021\/06\/PLANILLA-ORDEN-DE-MERITO-PRACTICA-DE-PRODUCCI\u00d3N-MUSICAL-2B.pdf\" target=\"_blank\" rel=\"noopener\">Pr\u00e1ctica de producci\u00f3n Musical. 2B. Sede Huillapima<\/a><\/p>\n<p>&nbsp;<\/p>\n<p><strong>Sede Chummbicha<\/strong><\/p>\n<p><a href=\"https:\/\/iescapayanch-cat.infd.edu.ar\/sitio\/wp-content\/uploads\/2021\/06\/PLANILLA-ORDEN-DE-MERITO-PIANO-PRINCIPAL-2A.pdf\" target=\"_blank\" rel=\"noopener\">Instrumento Principal II. Piano. 2 A Sede Chumbicha<\/a><\/p>\n<p><a href=\"https:\/\/iescapayanch-cat.infd.edu.ar\/sitio\/wp-content\/uploads\/2021\/06\/PLANILLA-ORDEN-DE-MERITO-PIANO-COMPLEMENTARIO-2A.pdf\" target=\"_blank\" rel=\"noopener\">Instrumento Complementario II. Piano. 2 A. Sede Chumbicha<\/a><\/p>\n<p><a href=\"https:\/\/iescapayanch-cat.infd.edu.ar\/sitio\/wp-content\/uploads\/2021\/06\/PLANILLA-ORDEN-DE-MERITO-GUIT-COMPLEM-2A.pdf\" target=\"_blank\" rel=\"noopener\">Instrumento Complementario II. Guitarra. 2A. Sede Chumbicha\u2026<\/a><\/p>\n<p><a href=\"https:\/\/iescapayanch-cat.infd.edu.ar\/sitio\/wp-content\/uploads\/2021\/06\/PLANILLA-ORDEN-DE-MERITO-GUIT-PRINCIPAL-2A.pdf\" target=\"_blank\" rel=\"noopener\">Instrumento Principal II. Guitarra. 2A. Sede Chumbicha\u2026<\/a><\/p>\n<p><a href=\"https:\/\/iescapayanch-cat.infd.edu.ar\/sitio\/wp-content\/uploads\/2021\/06\/PLANILLA-ORDEN-DE-MERITO-DIDACTICA-DE-LA-MUSICA-2A.pdf\" target=\"_blank\" rel=\"noopener\">Did\u00e1ctica de la M\u00fasica I \u2013 2 A Sede Chumbicha\u2026<\/a><\/p>\n<p><a href=\"https:\/\/iescapayanch-cat.infd.edu.ar\/sitio\/wp-content\/uploads\/2021\/06\/PLANILLA-ORDEN-DE-MERITO-CUERDAS-COMPLEMENTARIO-2A.pdf\" target=\"_blank\" rel=\"noopener\">Instrumento Complementario II. Cuerdas. 2A. Sede Chumbicha\u2026<\/a><\/p>\n<p><a href=\"https:\/\/iescapayanch-cat.infd.edu.ar\/sitio\/wp-content\/uploads\/2021\/06\/PLANILLA-ORDEN-DE-MERITO-MYC-SOCIO-HIST\u00d3RICO-.2A.pdf\" target=\"_blank\" rel=\"noopener\">M\u00fasica y Contexto II. (Socio Hist\u00f3rico) \u2013 2A. Chumbicha\u2026<\/a><\/p>\n<p><a href=\"https:\/\/iescapayanch-cat.infd.edu.ar\/sitio\/wp-content\/uploads\/2021\/06\/PLANILLA-ORDEN-DE-MERITO-CUERDAS-PRINCIPAL-2A.pdf\" target=\"_blank\" rel=\"noopener\">Instrumento Principal II. Cuerdas. 2A. Sede Chumbicha\u2026<\/a><\/p>\n<p><a href=\"https:\/\/iescapayanch-cat.infd.edu.ar\/sitio\/wp-content\/uploads\/2021\/06\/PLANILLA-ORDEN-DE-MERITO-MYC-II-ARMON\u00cdA-.2A.pdf\" target=\"_blank\" rel=\"noopener\">M\u00fasica y Contexto II. (Armon\u00eda) 2A- Sede Chumbicha.<\/a><\/p>\n<p><a href=\"https:\/\/iescapayanch-cat.infd.edu.ar\/sitio\/wp-content\/uploads\/2021\/06\/PLANILLA-ORDEN-DE-MERITO-CONJ.-VOCAL-CONJ-INSTRUM.2A.pdf\" target=\"_blank\" rel=\"noopener\">Conjunto Vocal. &#8211; Conjunto Instrumental.\u00a0 2A- Sede Chumbicha.<\/a><\/p>\n<p><a href=\"https:\/\/iescapayanch-cat.infd.edu.ar\/sitio\/wp-content\/uploads\/2021\/06\/PLANILLA-ORDEN-DE-MERITO-MYC-II-AN\u00c1LISIS-.2A.pdf\" target=\"_blank\" rel=\"noopener\">M\u00fasica y Contexto II. (An\u00e1lisis) \u2013 2A- Sede Chumbicha.<\/a><\/p>\n<p>&nbsp;<\/p>\n<p>&nbsp;<\/p>\n","protected":false},"excerpt":{"rendered":"<p>Profesorado de M\u00fasica Sede Huillapima M\u00fasica y Contexto II. (An\u00e1lisis) \u2013 2B. Huillapima M\u00fasica y Contexto II. (Armon\u00eda) 2B- Sede Huillapima M\u00fasica y Contexto II. (Socio Hist\u00f3rico) 2B.Sede Huillapima Conjunto Vocal. &#8211; Conjunto Instrumental.\u00a0 2B- Sede Huillapima Instrumento Complementario II. Cuerdas. 2B. Sede Huillapima Instrumento Principal II. Cuerdas. 2B. Sede Huillapima Did\u00e1ctica de la M\u00fasica &#8230; <a title=\"Espacios espec\u00edficos Profesorado  de M\u00fasica\" class=\"read-more\" href=\"https:\/\/iescapayanch-cat.infd.edu.ar\/sitio\/espacios-especificos-profesorado-de-musica\/\" aria-label=\"More on Espacios espec\u00edficos Profesorado  de M\u00fasica\">[+]<\/a><\/p>\n","protected":false},"author":16,"featured_media":0,"parent":0,"menu_order":0,"comment_status":"closed","ping_status":"closed","template":"","meta":[],"acf":[],"_links":{"self":[{"href":"https:\/\/iescapayanch-cat.infd.edu.ar\/sitio\/wp-json\/wp\/v2\/pages\/2727"}],"collection":[{"href":"https:\/\/iescapayanch-cat.infd.edu.ar\/sitio\/wp-json\/wp\/v2\/pages"}],"about":[{"href":"https:\/\/iescapayanch-cat.infd.edu.ar\/sitio\/wp-json\/wp\/v2\/types\/page"}],"author":[{"embeddable":true,"href":"https:\/\/iescapayanch-cat.infd.edu.ar\/sitio\/wp-json\/wp\/v2\/users\/16"}],"replies":[{"embeddable":true,"href":"https:\/\/iescapayanch-cat.infd.edu.ar\/sitio\/wp-json\/wp\/v2\/comments?post=2727"}],"version-history":[{"count":9,"href":"https:\/\/iescapayanch-cat.infd.edu.ar\/sitio\/wp-json\/wp\/v2\/pages\/2727\/revisions"}],"predecessor-version":[{"id":2792,"href":"https:\/\/iescapayanch-cat.infd.edu.ar\/sitio\/wp-json\/wp\/v2\/pages\/2727\/revisions\/2792"}],"wp:attachment":[{"href":"https:\/\/iescapayanch-cat.infd.edu.ar\/sitio\/wp-json\/wp\/v2\/media?parent=2727"}],"curies":[{"name":"wp","href":"https:\/\/api.w.org\/{rel}","templated":true}]}}