{"id":2654,"date":"2021-06-01T16:07:26","date_gmt":"2021-06-01T19:07:26","guid":{"rendered":"https:\/\/iescapayanch-cat.infd.edu.ar\/sitio\/?page_id=2654"},"modified":"2021-06-04T21:05:43","modified_gmt":"2021-06-05T00:05:43","slug":"concurso-docente-2021-listado-de-orden-de-merito-evaluacion-de-antecedentes","status":"publish","type":"page","link":"https:\/\/iescapayanch-cat.infd.edu.ar\/sitio\/concurso-docente-2021-listado-de-orden-de-merito-evaluacion-de-antecedentes\/","title":{"rendered":"Concurso Docente 2021- Listado de orden de M\u00e9rito"},"content":{"rendered":"<p><strong>Profesorado de M\u00fasica<\/strong><\/p>\n<p><a href=\"https:\/\/iescapayanch-cat.infd.edu.ar\/sitio\/wp-content\/uploads\/2021\/06\/ORDEN-DE-MERITO-sociolog\u00eda-de-la-educaci\u00f3n.-prof.-m\u00fasica-4.pdf\" target=\"_blank\" rel=\"noopener\">Sociolog\u00eda de la Educaci\u00f3n<\/a><\/p>\n<p><a href=\"https:\/\/iescapayanch-cat.infd.edu.ar\/sitio\/wp-content\/uploads\/2021\/06\/ORDEN-DE-MERITO-Instituci\u00f3n-Escolar1.pdf\" target=\"_blank\" rel=\"noopener\">Instituci\u00f3n Educativa<\/a><\/p>\n<p><a href=\"https:\/\/iescapayanch-cat.infd.edu.ar\/sitio\/wp-content\/uploads\/2021\/06\/Sujeto-de-la-Educaci\u00f3n-Nivel-Inicial-primaria-y-secundaria.-Prof.-M\u00fasica-Chumbicha.jpeg\" target=\"_blank\" rel=\"noopener\">Sujeto de la Educaci\u00f3n Nivel Inicial, primaria y secundaria. Prof. M\u00fasica- Sede Chumbicha Chumbicha<\/a><\/p>\n<p><a href=\"https:\/\/iescapayanch-cat.infd.edu.ar\/sitio\/wp-content\/uploads\/2021\/06\/Sujeto-de-la-Educ.-Prof.-M\u00fasica.-Sede-Huillapima.jpeg\" target=\"_blank\" rel=\"noopener\">Sujeto de la Educaci\u00f3n Nivel inicial, primaria y secundario Prof. M\u00fasica. Sede Huillapima<\/a><\/p>\n<p><a href=\"https:\/\/iescapayanch-cat.infd.edu.ar\/sitio\/wp-content\/uploads\/2021\/06\/Programaci\u00f3n-curricular.-Prof.-M\u00fasica.-Sede-Huillapima.jpeg\" target=\"_blank\" rel=\"noopener\">Programaci\u00f3n curricular. Prof. M\u00fasica. Sede Huillapima<\/a><\/p>\n<p><a href=\"https:\/\/iescapayanch-cat.infd.edu.ar\/sitio\/wp-content\/uploads\/2021\/06\/Didactica-General.-Prof.-M\u00fasica-Sede-Huillap.-2-planilla.jpeg\" target=\"_blank\" rel=\"noopener\">Didactica General. Prof. M\u00fasica Sede Huillapima. Segunda planilla<\/a><\/p>\n<p><a href=\"https:\/\/iescapayanch-cat.infd.edu.ar\/sitio\/wp-content\/uploads\/2021\/06\/Didactica-General.-prof.-M\u00fasica.-Sede-Huillap..jpeg\" target=\"_blank\" rel=\"noopener\">Did\u00e1ctica General. Prof. M\u00fasica. Sede Huillap.<\/a><\/p>\n<p><a href=\"https:\/\/iescapayanch-cat.infd.edu.ar\/sitio\/wp-content\/uploads\/2021\/06\/Didactica-General.-Prof.-M\u00fasica.-Sede-Chumbicha.jpeg\" target=\"_blank\" rel=\"noopener\">Did\u00e1ctica General. Prof. M\u00fasica. Sede Chumbicha<\/a><\/p>\n<p><a href=\"https:\/\/iescapayanch-cat.infd.edu.ar\/sitio\/wp-content\/uploads\/2021\/06\/ORDEN-DE-MERITO-Problemas-Educativos-Contempor\u00e1neos.-1....pdf\" target=\"_blank\" rel=\"noopener\">Problemas Educativos Contempor\u00e1neos<\/a><\/p>\n<p>&nbsp;<\/p>\n<p><strong>Profesorado de ingl\u00e9s<\/strong><\/p>\n<p><a href=\"https:\/\/iescapayanch-cat.infd.edu.ar\/sitio\/wp-content\/uploads\/2021\/06\/Practica-II-Programaci\u00f3n-y-Curriculum-de-la-Ense\u00f1anza-\u2013-Prof.-De-ingl\u00e9s.jpeg\" target=\"_blank\" rel=\"noopener\">Practica II Programaci\u00f3n y Curriculum de la Ense\u00f1anza \u2013 Prof. De ingl\u00e9s<\/a><\/p>\n<p><a href=\"https:\/\/iescapayanch-cat.infd.edu.ar\/sitio\/wp-content\/uploads\/2021\/06\/Did\u00e1ctica-General-Prof.-Ingl\u00e9s-\u2013-Sede-Huillapima.jpeg\" target=\"_blank\" rel=\"noopener\">Did\u00e1ctica General- Prof. Ingl\u00e9s \u2013 Sede Huillapima<\/a><\/p>\n<p><a href=\"https:\/\/iescapayanch-cat.infd.edu.ar\/sitio\/wp-content\/uploads\/2021\/06\/Gram\u00e1tica-Inglesa-I.jpeg\" target=\"_blank\" rel=\"noopener\">Gram\u00e1tica Inglesa<\/a><\/p>\n<p>&nbsp;<\/p>\n<p><strong>Tecnicatura Superior en Enfermer\u00eda<\/strong><\/p>\n<p><a href=\"https:\/\/iescapayanch-cat.infd.edu.ar\/sitio\/wp-content\/uploads\/2021\/06\/Farmacolog\u00eda-II.jpeg\" target=\"_blank\" rel=\"noopener\">Farmacolog\u00eda II Extensi\u00f3n \u00c1ulica Miraflores sede Huillapima<\/a><\/p>\n<p><a href=\"https:\/\/iescapayanch-cat.infd.edu.ar\/sitio\/wp-content\/uploads\/2021\/06\/Enfermer\u00eda-Clinica-y-M\u00e9dica.jpeg\" target=\"_blank\" rel=\"noopener\">Enfermer\u00eda Cl\u00ednica y Medica Sede Chumbicha y Huillapima<\/a><\/p>\n<p><a href=\"https:\/\/iescapayanch-cat.infd.edu.ar\/sitio\/wp-content\/uploads\/2021\/06\/Cuidados-Enfermeros-en-la-Comunidad.jpeg\" target=\"_blank\" rel=\"noopener\">Cuidados Enfermeros en la Comunidad sede Huillapima y extensi\u00f3n \u00e1ulica Miraflores<\/a><\/p>\n<p><a href=\"https:\/\/iescapayanch-cat.infd.edu.ar\/sitio\/wp-content\/uploads\/2021\/06\/Bioestad\u00edstica.jpeg\" target=\"_blank\" rel=\"noopener\">Bioestad\u00edstica Sede Chumbicha<\/a><\/p>\n<p><a href=\"https:\/\/iescapayanch-cat.infd.edu.ar\/sitio\/wp-content\/uploads\/2021\/06\/Ingl\u00e9s-T\u00e9cnico.jpeg\" target=\"_blank\" rel=\"noopener\">Ingl\u00e9s\u00a0T\u00e9cnico<\/a><\/p>\n<p>&nbsp;<\/p>\n<p><strong>Profesorado en Danza<\/strong><\/p>\n<p><a href=\"https:\/\/iescapayanch-cat.infd.edu.ar\/sitio\/wp-content\/uploads\/2021\/06\/ORDEN-DE-MERITO-Instituci\u00f3n-educat\u00edva-Danza-1..pdf\" target=\"_blank\" rel=\"noopener\">Instituci\u00f3n Educativa.<\/a><\/p>\n","protected":false},"excerpt":{"rendered":"<p>Profesorado de M\u00fasica Sociolog\u00eda de la Educaci\u00f3n Instituci\u00f3n Educativa Sujeto de la Educaci\u00f3n Nivel Inicial, primaria y secundaria. Prof. M\u00fasica- Sede Chumbicha Chumbicha Sujeto de la Educaci\u00f3n Nivel inicial, primaria y secundario Prof. M\u00fasica. Sede Huillapima Programaci\u00f3n curricular. Prof. M\u00fasica. Sede Huillapima Didactica General. Prof. M\u00fasica Sede Huillapima. Segunda planilla Did\u00e1ctica General. Prof. M\u00fasica. Sede &#8230; <a title=\"Concurso Docente 2021- Listado de orden de M\u00e9rito\" class=\"read-more\" href=\"https:\/\/iescapayanch-cat.infd.edu.ar\/sitio\/concurso-docente-2021-listado-de-orden-de-merito-evaluacion-de-antecedentes\/\" aria-label=\"More on Concurso Docente 2021- Listado de orden de M\u00e9rito\">[+]<\/a><\/p>\n","protected":false},"author":16,"featured_media":0,"parent":0,"menu_order":0,"comment_status":"closed","ping_status":"closed","template":"","meta":[],"acf":[],"_links":{"self":[{"href":"https:\/\/iescapayanch-cat.infd.edu.ar\/sitio\/wp-json\/wp\/v2\/pages\/2654"}],"collection":[{"href":"https:\/\/iescapayanch-cat.infd.edu.ar\/sitio\/wp-json\/wp\/v2\/pages"}],"about":[{"href":"https:\/\/iescapayanch-cat.infd.edu.ar\/sitio\/wp-json\/wp\/v2\/types\/page"}],"author":[{"embeddable":true,"href":"https:\/\/iescapayanch-cat.infd.edu.ar\/sitio\/wp-json\/wp\/v2\/users\/16"}],"replies":[{"embeddable":true,"href":"https:\/\/iescapayanch-cat.infd.edu.ar\/sitio\/wp-json\/wp\/v2\/comments?post=2654"}],"version-history":[{"count":9,"href":"https:\/\/iescapayanch-cat.infd.edu.ar\/sitio\/wp-json\/wp\/v2\/pages\/2654\/revisions"}],"predecessor-version":[{"id":2726,"href":"https:\/\/iescapayanch-cat.infd.edu.ar\/sitio\/wp-json\/wp\/v2\/pages\/2654\/revisions\/2726"}],"wp:attachment":[{"href":"https:\/\/iescapayanch-cat.infd.edu.ar\/sitio\/wp-json\/wp\/v2\/media?parent=2654"}],"curies":[{"name":"wp","href":"https:\/\/api.w.org\/{rel}","templated":true}]}}