{"id":1957,"date":"2019-09-10T20:33:28","date_gmt":"2019-09-10T23:33:28","guid":{"rendered":"https:\/\/iescapayanch-cat.infd.edu.ar\/sitio\/?page_id=1957"},"modified":"2019-09-10T20:33:28","modified_gmt":"2019-09-10T23:33:28","slug":"resultados-finales-5-llamado-concurso-docente","status":"publish","type":"page","link":"https:\/\/iescapayanch-cat.infd.edu.ar\/sitio\/resultados-finales-5-llamado-concurso-docente\/","title":{"rendered":"Resultados finales 5\u00b0 llamado concurso docente"},"content":{"rendered":"<p>PROFESORADO DE TEATRO<\/p>\n<p><a href=\"https:\/\/iescapayanch-cat.infd.edu.ar\/sitio\/wp-content\/uploads\/2019\/09\/WhatsApp-Image-2019-09-10-at-8.20.32-PM-e1568158376221.jpeg\" target=\"_blank\" rel=\"noopener\">OPCI\u00d3N ESTUDIANTE: ACTUACI\u00d3N ORIENTADA AL LENGUAJE AUDIOVISUAL<\/a><\/p>\n<p><a href=\"https:\/\/iescapayanch-cat.infd.edu.ar\/sitio\/wp-content\/uploads\/2019\/09\/WhatsApp-Image-2019-09-10-at-8.20.33-PM-e1568158312636.jpeg\" target=\"_blank\" rel=\"noopener\">\u00c9TICA PROFESIONAL<\/a><\/p>\n<p>&nbsp;<\/p>\n<p><u>PROFESORADO DE INGLES<\/u><\/p>\n<p><a href=\"https:\/\/iescapayanch-cat.infd.edu.ar\/sitio\/wp-content\/uploads\/2019\/09\/WhatsApp-Image-2019-09-10-at-8.20.34-PM-e1568158198445.jpeg\" target=\"_blank\" rel=\"noopener\">LITERATURA EN INGLESA I<\/a><\/p>\n<p>&nbsp;<\/p>\n<p>TECNICATURA SUPERIOR EN ENFERMER\u00cdA<\/p>\n<p><a href=\"https:\/\/iescapayanch-cat.infd.edu.ar\/sitio\/wp-content\/uploads\/2019\/09\/WhatsApp-Image-2019-09-10-at-8.20.34-PM-1-e1568158278897.jpeg\" target=\"_blank\" rel=\"noopener\">CUIDADOS EN ENFERMER\u00cdA CL\u00cdNICA Y QUIR\u00daRGICA<\/a><\/p>\n<p>&nbsp;<\/p>\n<p><u>PROFESORADO DE DANZAS<\/u><\/p>\n<p><a href=\"https:\/\/iescapayanch-cat.infd.edu.ar\/sitio\/wp-content\/uploads\/2019\/09\/WhatsApp-Image-2019-09-10-at-8.20.33-PM-1-e1568158342644.jpeg\" target=\"_blank\" rel=\"noopener\">HISTORIA SOCIAL Y CULTURAL DE LAS ARTES DEL MOVIMIENTO II<\/a><\/p>\n<p>&nbsp;<\/p>\n","protected":false},"excerpt":{"rendered":"<p>PROFESORADO DE TEATRO OPCI\u00d3N ESTUDIANTE: ACTUACI\u00d3N ORIENTADA AL LENGUAJE AUDIOVISUAL \u00c9TICA PROFESIONAL &nbsp; PROFESORADO DE INGLES LITERATURA EN INGLESA I &nbsp; TECNICATURA SUPERIOR EN ENFERMER\u00cdA CUIDADOS EN ENFERMER\u00cdA CL\u00cdNICA Y QUIR\u00daRGICA &nbsp; PROFESORADO DE DANZAS HISTORIA SOCIAL Y CULTURAL DE LAS ARTES DEL MOVIMIENTO II &nbsp;<\/p>\n","protected":false},"author":16,"featured_media":0,"parent":0,"menu_order":0,"comment_status":"closed","ping_status":"closed","template":"","meta":[],"acf":[],"_links":{"self":[{"href":"https:\/\/iescapayanch-cat.infd.edu.ar\/sitio\/wp-json\/wp\/v2\/pages\/1957"}],"collection":[{"href":"https:\/\/iescapayanch-cat.infd.edu.ar\/sitio\/wp-json\/wp\/v2\/pages"}],"about":[{"href":"https:\/\/iescapayanch-cat.infd.edu.ar\/sitio\/wp-json\/wp\/v2\/types\/page"}],"author":[{"embeddable":true,"href":"https:\/\/iescapayanch-cat.infd.edu.ar\/sitio\/wp-json\/wp\/v2\/users\/16"}],"replies":[{"embeddable":true,"href":"https:\/\/iescapayanch-cat.infd.edu.ar\/sitio\/wp-json\/wp\/v2\/comments?post=1957"}],"version-history":[{"count":1,"href":"https:\/\/iescapayanch-cat.infd.edu.ar\/sitio\/wp-json\/wp\/v2\/pages\/1957\/revisions"}],"predecessor-version":[{"id":1958,"href":"https:\/\/iescapayanch-cat.infd.edu.ar\/sitio\/wp-json\/wp\/v2\/pages\/1957\/revisions\/1958"}],"wp:attachment":[{"href":"https:\/\/iescapayanch-cat.infd.edu.ar\/sitio\/wp-json\/wp\/v2\/media?parent=1957"}],"curies":[{"name":"wp","href":"https:\/\/api.w.org\/{rel}","templated":true}]}}