{"id":1935,"date":"2019-09-01T01:11:34","date_gmt":"2019-09-01T04:11:34","guid":{"rendered":"https:\/\/iescapayanch-cat.infd.edu.ar\/sitio\/?page_id=1935"},"modified":"2019-09-01T01:18:46","modified_gmt":"2019-09-01T04:18:46","slug":"cronograma-4-llamado-concurso-docente-2-019","status":"publish","type":"page","link":"https:\/\/iescapayanch-cat.infd.edu.ar\/sitio\/cronograma-4-llamado-concurso-docente-2-019\/","title":{"rendered":"Cronograma 5\u00b0 Llamado concurso docente 2.019"},"content":{"rendered":"<p style=\"text-align: center;\"><strong><u>CRONOGRAMA DE LLAMADO A CONCURSO 2.019<\/u><\/strong><\/p>\n<p style=\"text-align: center;\"><strong><u>I.E.S. \u201cSEBASTIAN ALEJANDRO CORPACCI\u201d<\/u><\/strong><\/p>\n<p><u>PUBLICACI\u00d3N\u00a0DEL CONCURSO<\/u>: 30 DE AGOSTO DE 2.019<\/p>\n<p><u>INSCRIPCI\u00d3N, PRESENTACI\u00d3N\u00a0DE CURRICULUM VITAE Y PROYECTO<\/u>: DESDE EL DIA LUNES 02, MARTES 03 Y MI\u00c9RCOLES 04 DE SEPTIEMBRE DE 2.019\u00a0 DESDE\u00a0 LAS 15 HASTA LAS 19 HS., INDEFECTIBLEMENTE. (SEDE CHUMBICHA). PRESENTACI\u00d3N DE UN CURRICULO VITAE POR CADA MATERIA A CONCURSAR. (CONCURRIR CON ORIGINALES PARA AUTENTICAR). PROYECTO POR TRIPLICADO.<\/p>\n<p><u>VALORACI\u00d3N\u00a0DE T\u00cdTULOS\u00a0Y ANTECEDENTES<\/u>: 05 Y 06 DE SEPTIEMBRE<\/p>\n<p>PUBLICACI\u00d3N DE RESULTADOS PARCIALES: LUNES 09 DE SEPTIEMBRE<\/p>\n<p><u>PERIODO DE TACHAS<\/u>: DESDE EL LUNES 09 AL MARTES 10 DE SEPTIEMBRE, HASTA LAS 17 HS. (ANEXO HUILLAPIMA).<\/p>\n<p><u>ENTREVISTAS A CONCURSANTES<\/u>: D\u00cdA 10 DE SEPTIEMBRE A PARTIR DE LAS 17:OO HS. (ANEXO Huillapima)<\/p>\n<p style=\"text-align: center;\"><strong><u>C\u00c1TEDRAS\u00a0A CONCURSAR<\/u><\/strong><\/p>\n<p><u>PROFESORADO DE DANZAS <\/u><\/p>\n<table width=\"669\">\n<tbody>\n<tr>\n<td width=\"251\">\n<p style=\"text-align: center;\"><strong>M\u00d3DULOS<\/strong><\/p>\n<\/td>\n<td style=\"text-align: center;\" width=\"77\"><strong>HS. C\u00c1TEDRAS<\/strong><\/td>\n<td style=\"text-align: center;\" width=\"85\"><strong>R\u00c9GIMEN<\/strong><\/td>\n<td style=\"text-align: center;\" width=\"85\"><strong>CURSO<\/strong><\/td>\n<td style=\"text-align: center;\" width=\"85\"><strong>SITUACI\u00d3N DE REVISTA<\/strong><\/td>\n<td width=\"85\">\n<p style=\"text-align: center;\"><strong>SEDE<\/strong><\/p>\n<\/td>\n<\/tr>\n<tr>\n<td width=\"251\">HISTORIA SOCIAL Y CULTURAL DE LAS ARTES DEL MOVIMIENTO II. Perfil docente. Prof. De Historia<\/td>\n<td width=\"77\">3<\/td>\n<td width=\"85\">ANUAL<\/td>\n<td width=\"85\">2\u00b0 A\u00f1o \u201cA\u201d<\/td>\n<td width=\"85\">INTERINO<\/td>\n<td width=\"85\">Chumbicha<\/td>\n<\/tr>\n<tr>\n<td width=\"251\">HISTORIA SOCIAL Y CULTURAL DE LAS ARTES DEL MOVIMIENTO II. Perfil docente. Prof. De Historia<\/td>\n<td width=\"77\">3<\/td>\n<td width=\"85\">ANUAL<\/td>\n<td width=\"85\">2\u00b0 A\u00f1o \u201cB\u201d<\/td>\n<td width=\"85\">INTERINO<\/td>\n<td width=\"85\">Huillapima<\/td>\n<\/tr>\n<tr>\n<td width=\"251\">INTERVENCI\u00d3N COMUNITARIA EN DANZA, SEG\u00daN MODALIDADES Y SUJETOS.<\/td>\n<td width=\"77\">3<\/td>\n<td width=\"85\">ANUAL<\/td>\n<td width=\"85\">4\u00b0 A\u00f1o<\/td>\n<td width=\"85\">INTERINO<\/td>\n<td width=\"85\">Huillapima<\/td>\n<\/tr>\n<\/tbody>\n<\/table>\n<p>PROFESORADO DE TEATRO<\/p>\n<table width=\"669\">\n<tbody>\n<tr>\n<td width=\"255\">\n<p style=\"text-align: center;\"><strong>M\u00d3DULOS<\/strong><\/p>\n<\/td>\n<td style=\"text-align: center;\" width=\"77\"><strong>HS. C\u00c1TEDRAS<\/strong><\/td>\n<td style=\"text-align: center;\" width=\"84\"><strong>R\u00c9GIMEN<\/strong><\/td>\n<td style=\"text-align: center;\" width=\"83\"><strong>CURSO<\/strong><\/td>\n<td style=\"text-align: center;\" width=\"85\"><strong>SITUACI\u00d3N DE REVISTA<\/strong><\/td>\n<td width=\"85\">\n<p style=\"text-align: center;\"><strong>SEDE<\/strong><\/p>\n<\/td>\n<\/tr>\n<tr>\n<td width=\"255\">OPCI\u00d3N ESTUDIANTE: TEATRO POPULAR<\/td>\n<td width=\"77\">4<\/td>\n<td width=\"84\">2\u00b0 CUATR.<\/td>\n<td width=\"83\">3\u00b0 A\u00d1O \u201cA\u201d<\/td>\n<td width=\"85\">INTERINAS<\/td>\n<td width=\"85\">Chumbicha<\/td>\n<\/tr>\n<tr>\n<td width=\"255\">OPCI\u00d3N ESTUDIANTE: ACTUACI\u00d3N ORIENTADA AL LENGUAJE AUDIOVISUAL<\/td>\n<td width=\"77\">4<\/td>\n<td width=\"84\">2\u00b0 CUATR.<\/td>\n<td width=\"83\">3\u00b0 A\u00d1O<\/td>\n<td width=\"85\">INTERINAS<\/td>\n<td width=\"85\">Chumbicha<\/td>\n<\/tr>\n<tr>\n<td width=\"255\">\u00c9TICA PROFESIONAL<\/td>\n<td width=\"77\">4<\/td>\n<td width=\"84\">2\u00b0 CUATR.<\/td>\n<td width=\"83\">4\u00b0 A\u00d1O \u201cA\u201d<\/td>\n<td width=\"85\">SUPLENTES<\/td>\n<td width=\"85\">Chumbicha<\/td>\n<\/tr>\n<\/tbody>\n<\/table>\n<p><u>PROFESORADO DE INGLES<\/u><\/p>\n<table width=\"669\">\n<tbody>\n<tr>\n<td width=\"251\">\n<p style=\"text-align: center;\"><strong>M\u00d3DULOS<\/strong><\/p>\n<\/td>\n<td style=\"text-align: center;\" width=\"77\"><strong>HS. C\u00c1TEDRAS<\/strong><\/td>\n<td style=\"text-align: center;\" width=\"85\"><strong>R\u00c9GIMEN<\/strong><\/td>\n<td style=\"text-align: center;\" width=\"85\"><strong>CURSO<\/strong><\/td>\n<td style=\"text-align: center;\" width=\"85\"><strong>SITUACI\u00d3N DE REVISTA<\/strong><\/td>\n<td width=\"85\">\n<p style=\"text-align: center;\"><strong>SEDE<\/strong><\/p>\n<\/td>\n<\/tr>\n<tr>\n<td width=\"251\">LITERATURA EN INGLESA I<\/td>\n<td width=\"77\">6<\/td>\n<td width=\"85\">2\u00b0 CUATR.<\/td>\n<td width=\"85\">2\u00b0 A\u00f1o \u201cA\u201d<\/td>\n<td width=\"85\">INTERINO<\/td>\n<td width=\"85\">CHUMBICHA<\/td>\n<\/tr>\n<tr>\n<td width=\"251\">LITERATURA EN INGLESA I<\/td>\n<td width=\"77\">6<\/td>\n<td width=\"85\">2\u00b0 CUATR.<\/td>\n<td width=\"85\">2\u00b0 A\u00d1O \u201cB\u201d<\/td>\n<td width=\"85\">INTERINO<\/td>\n<td width=\"85\">HUILLAPIMA<\/td>\n<\/tr>\n<\/tbody>\n<\/table>\n<p><u>PROFESORADO DE M\u00daSICA<\/u><\/p>\n<table>\n<tbody>\n<tr>\n<td width=\"193\">\n<p style=\"text-align: center;\"><strong>M\u00d3DULOS<\/strong><\/p>\n<\/td>\n<td style=\"text-align: center;\" width=\"77\"><strong>HS. C\u00c1TEDRAS<\/strong><\/td>\n<td style=\"text-align: center;\" width=\"81\"><strong>R\u00c9GIMEN<\/strong><\/td>\n<td style=\"text-align: center;\" width=\"73\"><strong>CURSO<\/strong><\/td>\n<td style=\"text-align: center;\" width=\"83\"><strong>SITUACI\u00d3N DE REVISTA<\/strong><\/td>\n<td width=\"81\">\n<p style=\"text-align: center;\"><strong>SEDE<\/strong><\/p>\n<\/td>\n<\/tr>\n<tr>\n<td width=\"193\">PRACTICAS DE PRODUCCI\u00d3N MUSICAL I<\/td>\n<td width=\"77\">6<\/td>\n<td width=\"81\">\u00a02 CUATR.<\/td>\n<td width=\"73\">1\u00b0 A\u00d1O A<\/td>\n<td width=\"83\">INTERINAS<\/td>\n<td width=\"81\">CHUMBICHA<\/td>\n<\/tr>\n<\/tbody>\n<\/table>\n<p>TECNICATURA SUPERIOR EN ENFERMER\u00cdA<\/p>\n<table>\n<tbody>\n<tr>\n<td width=\"193\">\n<p style=\"text-align: center;\"><strong>M\u00d3DULOS<\/strong><\/p>\n<\/td>\n<td style=\"text-align: center;\" width=\"77\"><strong>HS. C\u00c1TEDRAS<\/strong><\/td>\n<td style=\"text-align: center;\" width=\"81\"><strong>R\u00c9GIMEN<\/strong><\/td>\n<td style=\"text-align: center;\" width=\"73\"><strong>CURSO<\/strong><\/td>\n<td style=\"text-align: center;\" width=\"83\"><strong>SITUACI\u00d3N DE REVISTA<\/strong><\/td>\n<td width=\"81\">\n<p style=\"text-align: center;\"><strong>SEDE<\/strong><\/p>\n<\/td>\n<\/tr>\n<tr>\n<td width=\"193\">CUIDADOS EN ENFERMER\u00cdA CL\u00cdNICA Y QUIR\u00daRGICA<\/td>\n<td width=\"77\">6<\/td>\n<td width=\"81\">\u00a02\u00b0 CUATR.<\/td>\n<td width=\"73\">2\u00b0 A\u00d1O<\/td>\n<td width=\"83\">INTERINAS<\/td>\n<td width=\"81\">HUILLAPIMA<\/td>\n<\/tr>\n<tr>\n<td width=\"193\">PRACTICA HOSPITALARIA EN OBSTETRICIA PEDI\u00c1TRICA Y PSIQUI\u00c1TRICA<\/td>\n<td width=\"77\">13<\/td>\n<td width=\"81\">ANUAL<\/td>\n<td width=\"73\">3\u00b0 A\u00d1O<\/td>\n<td width=\"83\">SUPLENTES<\/td>\n<td width=\"81\">HUILLAPIMA<\/td>\n<\/tr>\n<\/tbody>\n<\/table>\n<p>&nbsp;<\/p>\n<p>&nbsp;<\/p>\n<p>&nbsp;<\/p>\n<p>&nbsp;<\/p>\n<p>&nbsp;<\/p>\n<p>&nbsp;<\/p>\n<p>&nbsp;<\/p>\n<p>&nbsp;<\/p>\n<p>&nbsp;<\/p>\n<p>&nbsp;<\/p>\n<p>&nbsp;<\/p>\n","protected":false},"excerpt":{"rendered":"<p>CRONOGRAMA DE LLAMADO A CONCURSO 2.019 I.E.S. \u201cSEBASTIAN ALEJANDRO CORPACCI\u201d PUBLICACI\u00d3N\u00a0DEL CONCURSO: 30 DE AGOSTO DE 2.019 INSCRIPCI\u00d3N, PRESENTACI\u00d3N\u00a0DE CURRICULUM VITAE Y PROYECTO: DESDE EL DIA LUNES 02, MARTES 03 Y MI\u00c9RCOLES 04 DE SEPTIEMBRE DE 2.019\u00a0 DESDE\u00a0 LAS 15 HASTA LAS 19 HS., INDEFECTIBLEMENTE. (SEDE CHUMBICHA). PRESENTACI\u00d3N DE UN CURRICULO VITAE POR CADA MATERIA &#8230; <a title=\"Cronograma 5\u00b0 Llamado concurso docente 2.019\" class=\"read-more\" href=\"https:\/\/iescapayanch-cat.infd.edu.ar\/sitio\/cronograma-4-llamado-concurso-docente-2-019\/\" aria-label=\"More on Cronograma 5\u00b0 Llamado concurso docente 2.019\">[+]<\/a><\/p>\n","protected":false},"author":16,"featured_media":0,"parent":0,"menu_order":0,"comment_status":"closed","ping_status":"closed","template":"","meta":[],"acf":[],"_links":{"self":[{"href":"https:\/\/iescapayanch-cat.infd.edu.ar\/sitio\/wp-json\/wp\/v2\/pages\/1935"}],"collection":[{"href":"https:\/\/iescapayanch-cat.infd.edu.ar\/sitio\/wp-json\/wp\/v2\/pages"}],"about":[{"href":"https:\/\/iescapayanch-cat.infd.edu.ar\/sitio\/wp-json\/wp\/v2\/types\/page"}],"author":[{"embeddable":true,"href":"https:\/\/iescapayanch-cat.infd.edu.ar\/sitio\/wp-json\/wp\/v2\/users\/16"}],"replies":[{"embeddable":true,"href":"https:\/\/iescapayanch-cat.infd.edu.ar\/sitio\/wp-json\/wp\/v2\/comments?post=1935"}],"version-history":[{"count":3,"href":"https:\/\/iescapayanch-cat.infd.edu.ar\/sitio\/wp-json\/wp\/v2\/pages\/1935\/revisions"}],"predecessor-version":[{"id":1939,"href":"https:\/\/iescapayanch-cat.infd.edu.ar\/sitio\/wp-json\/wp\/v2\/pages\/1935\/revisions\/1939"}],"wp:attachment":[{"href":"https:\/\/iescapayanch-cat.infd.edu.ar\/sitio\/wp-json\/wp\/v2\/media?parent=1935"}],"curies":[{"name":"wp","href":"https:\/\/api.w.org\/{rel}","templated":true}]}}