{"id":1932,"date":"2019-08-13T23:58:25","date_gmt":"2019-08-14T02:58:25","guid":{"rendered":"https:\/\/iescapayanch-cat.infd.edu.ar\/sitio\/?page_id=1932"},"modified":"2019-08-13T23:58:25","modified_gmt":"2019-08-14T02:58:25","slug":"resultados-finales-4-llamado-a-concurso-docente","status":"publish","type":"page","link":"https:\/\/iescapayanch-cat.infd.edu.ar\/sitio\/resultados-finales-4-llamado-a-concurso-docente\/","title":{"rendered":"Resultados finales 4\u00b0 llamado a concurso docente"},"content":{"rendered":"<p><strong><u>Profesorado\u00a0 de M\u00fasica<\/u><\/strong><\/p>\n<p><a href=\"https:\/\/iescapayanch-cat.infd.edu.ar\/sitio\/wp-content\/uploads\/2019\/08\/WhatsApp-Image-2019-08-13-at-11.16.42-PM.jpeg\" target=\"_blank\" rel=\"noopener\">PSICOLOG\u00cdA EDUCACIONAL<\/a><\/p>\n<p><a href=\"https:\/\/iescapayanch-cat.infd.edu.ar\/sitio\/wp-content\/uploads\/2019\/08\/WhatsApp-Image-2019-08-13-at-9.44.42-PM.jpeg\" target=\"_blank\" rel=\"noopener\">PRACTICA DE PRODUCCI\u00d3N MUSICAL I<\/a><\/p>\n<p>&nbsp;<\/p>\n<p><strong><u>Tecnicatura Superior en Enfermer\u00eda<\/u><\/strong><\/p>\n<p><a href=\"https:\/\/iescapayanch-cat.infd.edu.ar\/sitio\/wp-content\/uploads\/2019\/08\/WhatsApp-Image-2019-08-13-at-11.14.02-PM-e1565751157879.jpeg\" target=\"_blank\" rel=\"noopener\">SEMINARIO \u00c9TICA Y ODONTOLOG\u00cdA<\/a><\/p>\n<p>&nbsp;<\/p>\n<p><strong><u>Profesorado de Danzas<\/u><\/strong><\/p>\n<p><a href=\"https:\/\/iescapayanch-cat.infd.edu.ar\/sitio\/wp-content\/uploads\/2019\/08\/WhatsApp-Image-2019-08-13-at-11.03.27-PM.jpeg\" target=\"_blank\" rel=\"noopener\">\u00c9TICA PROFESIONAL<\/a><\/p>\n<p>&nbsp;<\/p>\n<p><strong><u>\u00a0<\/u><\/strong><strong><u>Tecnicatura Superior en Administraci\u00f3n Publica Orientada al Desarrollo Local<\/u><\/strong><\/p>\n<p><a href=\"https:\/\/iescapayanch-cat.infd.edu.ar\/sitio\/wp-content\/uploads\/2019\/08\/WhatsApp-Image-2019-08-13-at-9.44.43-PM.jpeg\" target=\"_blank\" rel=\"noopener\">SEMINARIO DE DESARROLLO LOCAL Y PLANIFICACI\u00d3N ESTRAT\u00c9GICA\u00a0<\/a><\/p>\n<p><a href=\"https:\/\/iescapayanch-cat.infd.edu.ar\/sitio\/wp-content\/uploads\/2019\/08\/WhatsApp-Image-2019-08-13-at-9.44.43-PM-3.jpeg\" target=\"_blank\" rel=\"noopener\">SISTEMA DE INFORMACI\u00d3N Y COMUNICACI\u00d3N APLICADOS A LA GESTI\u00d3N ESTATAL I<\/a><\/p>\n<p><a href=\"https:\/\/iescapayanch-cat.infd.edu.ar\/sitio\/wp-content\/uploads\/2019\/08\/WhatsApp-Image-2019-08-13-at-9.44.43-PM-2.jpeg\" target=\"_blank\" rel=\"noopener\">PROYECTO DE PRACTICA PROFESIONALIZANTE DE INTERVENCI\u00d3N COMUNITARIA<\/a><\/p>\n<p>&nbsp;<\/p>\n","protected":false},"excerpt":{"rendered":"<p>Profesorado\u00a0 de M\u00fasica PSICOLOG\u00cdA EDUCACIONAL PRACTICA DE PRODUCCI\u00d3N MUSICAL I &nbsp; Tecnicatura Superior en Enfermer\u00eda SEMINARIO \u00c9TICA Y ODONTOLOG\u00cdA &nbsp; Profesorado de Danzas \u00c9TICA PROFESIONAL &nbsp; \u00a0Tecnicatura Superior en Administraci\u00f3n Publica Orientada al Desarrollo Local SEMINARIO DE DESARROLLO LOCAL Y PLANIFICACI\u00d3N ESTRAT\u00c9GICA\u00a0 SISTEMA DE INFORMACI\u00d3N Y COMUNICACI\u00d3N APLICADOS A LA GESTI\u00d3N ESTATAL I PROYECTO DE &#8230; <a title=\"Resultados finales 4\u00b0 llamado a concurso docente\" class=\"read-more\" href=\"https:\/\/iescapayanch-cat.infd.edu.ar\/sitio\/resultados-finales-4-llamado-a-concurso-docente\/\" aria-label=\"More on Resultados finales 4\u00b0 llamado a concurso docente\">[+]<\/a><\/p>\n","protected":false},"author":16,"featured_media":0,"parent":0,"menu_order":0,"comment_status":"closed","ping_status":"closed","template":"","meta":[],"acf":[],"_links":{"self":[{"href":"https:\/\/iescapayanch-cat.infd.edu.ar\/sitio\/wp-json\/wp\/v2\/pages\/1932"}],"collection":[{"href":"https:\/\/iescapayanch-cat.infd.edu.ar\/sitio\/wp-json\/wp\/v2\/pages"}],"about":[{"href":"https:\/\/iescapayanch-cat.infd.edu.ar\/sitio\/wp-json\/wp\/v2\/types\/page"}],"author":[{"embeddable":true,"href":"https:\/\/iescapayanch-cat.infd.edu.ar\/sitio\/wp-json\/wp\/v2\/users\/16"}],"replies":[{"embeddable":true,"href":"https:\/\/iescapayanch-cat.infd.edu.ar\/sitio\/wp-json\/wp\/v2\/comments?post=1932"}],"version-history":[{"count":1,"href":"https:\/\/iescapayanch-cat.infd.edu.ar\/sitio\/wp-json\/wp\/v2\/pages\/1932\/revisions"}],"predecessor-version":[{"id":1933,"href":"https:\/\/iescapayanch-cat.infd.edu.ar\/sitio\/wp-json\/wp\/v2\/pages\/1932\/revisions\/1933"}],"wp:attachment":[{"href":"https:\/\/iescapayanch-cat.infd.edu.ar\/sitio\/wp-json\/wp\/v2\/media?parent=1932"}],"curies":[{"name":"wp","href":"https:\/\/api.w.org\/{rel}","templated":true}]}}