{"id":1914,"date":"2019-08-10T17:04:52","date_gmt":"2019-08-10T20:04:52","guid":{"rendered":"https:\/\/iescapayanch-cat.infd.edu.ar\/sitio\/?page_id=1914"},"modified":"2019-08-10T17:04:52","modified_gmt":"2019-08-10T20:04:52","slug":"resultados-parciales-4-llamado-concurso-docente","status":"publish","type":"page","link":"https:\/\/iescapayanch-cat.infd.edu.ar\/sitio\/resultados-parciales-4-llamado-concurso-docente\/","title":{"rendered":"Resultados Parciales 4\u00b0 llamado concurso docente"},"content":{"rendered":"<p><strong><u>Profesorado de Danzas<\/u><\/strong><\/p>\n<p><a href=\"https:\/\/iescapayanch-cat.infd.edu.ar\/sitio\/wp-content\/uploads\/2019\/08\/WhatsApp-Image-2019-08-10-at-11.25.13-AM.jpeg\" target=\"_blank\" rel=\"noopener\">HISTORIA SOCIAL Y CULTURAL DE LAS ARTES DEL MOVIMIENTO II<\/a><\/p>\n<p><a href=\"https:\/\/iescapayanch-cat.infd.edu.ar\/sitio\/wp-content\/uploads\/2019\/08\/WhatsApp-Image-2019-08-10-at-3.08.44-PM-e1565467431367.jpeg\" target=\"_blank\" rel=\"noopener\">\u00c9TICA PROFESIONAL<\/a><\/p>\n<p>&nbsp;<\/p>\n<p><strong><u>Profesorado\u00a0 de M\u00fasica<\/u><\/strong><\/p>\n<p><a href=\"https:\/\/iescapayanch-cat.infd.edu.ar\/sitio\/wp-content\/uploads\/2019\/08\/WhatsApp-Image-2019-08-10-at-11.25.12-AM.jpeg\" target=\"_blank\" rel=\"noopener\">PRACTICA DE PRODUCCI\u00d3N MUSICAL I<\/a><\/p>\n<p><a href=\"https:\/\/iescapayanch-cat.infd.edu.ar\/sitio\/wp-content\/uploads\/2019\/08\/WhatsApp-Image-2019-08-10-at-3.08.45-PM-e1565467295221.jpeg\" target=\"_blank\" rel=\"noopener\">PSICOLOG\u00cdA EDUCACIONAL<\/a><\/p>\n<p>&nbsp;<\/p>\n<p><strong><u>\u00a0<\/u><\/strong><strong><u>Tecnicatura Superior en Administraci\u00f3n Publica Orientada al Desarrollo Local<\/u><\/strong><\/p>\n<p><a href=\"https:\/\/iescapayanch-cat.infd.edu.ar\/sitio\/wp-content\/uploads\/2019\/08\/WhatsApp-Image-2019-08-10-at-11.24.52-AM-e1565467006673.jpeg\" target=\"_blank\" rel=\"noopener\">SEMINARIO DE DESARROLLO LOCAL Y PLANIFICACI\u00d3N ESTRAT\u00c9GICA\u00a0<\/a><\/p>\n<p><a href=\"https:\/\/iescapayanch-cat.infd.edu.ar\/sitio\/wp-content\/uploads\/2019\/08\/WhatsApp-Image-2019-08-10-at-11.24.51-AM-e1565467144481.jpeg\" target=\"_blank\" rel=\"noopener\">SISTEMA DE INFORMACI\u00d3N Y COMUNICACI\u00d3N APLICADOS A LA GESTI\u00d3N ESTATAL I<\/a><\/p>\n<p><a href=\"https:\/\/iescapayanch-cat.infd.edu.ar\/sitio\/wp-content\/uploads\/2019\/08\/WhatsApp-Image-2019-08-10-at-11.24.51-AM-1-e1565467200263.jpeg\" target=\"_blank\" rel=\"noopener\">PROYECTO DE PRACTICA PROFESIONALIZANTE DE INTERVENCI\u00d3N COMUNITARIA<\/a><\/p>\n<p>&nbsp;<\/p>\n<p><strong><u>Tecnicatura Superior en Enfermer\u00eda<\/u><\/strong><\/p>\n<p><a href=\"https:\/\/iescapayanch-cat.infd.edu.ar\/sitio\/wp-content\/uploads\/2019\/08\/WhatsApp-Image-2019-08-10-at-3.08.45-PM-1-e1565467359460.jpeg\" target=\"_blank\" rel=\"noopener\">SEMINARIO \u00c9TICA Y ODONTOLOG\u00cdA<\/a><\/p>\n<p>&nbsp;<\/p>\n","protected":false},"excerpt":{"rendered":"<p>Profesorado de Danzas HISTORIA SOCIAL Y CULTURAL DE LAS ARTES DEL MOVIMIENTO II \u00c9TICA PROFESIONAL &nbsp; Profesorado\u00a0 de M\u00fasica PRACTICA DE PRODUCCI\u00d3N MUSICAL I PSICOLOG\u00cdA EDUCACIONAL &nbsp; \u00a0Tecnicatura Superior en Administraci\u00f3n Publica Orientada al Desarrollo Local SEMINARIO DE DESARROLLO LOCAL Y PLANIFICACI\u00d3N ESTRAT\u00c9GICA\u00a0 SISTEMA DE INFORMACI\u00d3N Y COMUNICACI\u00d3N APLICADOS A LA GESTI\u00d3N ESTATAL I PROYECTO &#8230; <a title=\"Resultados Parciales 4\u00b0 llamado concurso docente\" class=\"read-more\" href=\"https:\/\/iescapayanch-cat.infd.edu.ar\/sitio\/resultados-parciales-4-llamado-concurso-docente\/\" aria-label=\"More on Resultados Parciales 4\u00b0 llamado concurso docente\">[+]<\/a><\/p>\n","protected":false},"author":16,"featured_media":0,"parent":0,"menu_order":0,"comment_status":"closed","ping_status":"closed","template":"","meta":[],"acf":[],"_links":{"self":[{"href":"https:\/\/iescapayanch-cat.infd.edu.ar\/sitio\/wp-json\/wp\/v2\/pages\/1914"}],"collection":[{"href":"https:\/\/iescapayanch-cat.infd.edu.ar\/sitio\/wp-json\/wp\/v2\/pages"}],"about":[{"href":"https:\/\/iescapayanch-cat.infd.edu.ar\/sitio\/wp-json\/wp\/v2\/types\/page"}],"author":[{"embeddable":true,"href":"https:\/\/iescapayanch-cat.infd.edu.ar\/sitio\/wp-json\/wp\/v2\/users\/16"}],"replies":[{"embeddable":true,"href":"https:\/\/iescapayanch-cat.infd.edu.ar\/sitio\/wp-json\/wp\/v2\/comments?post=1914"}],"version-history":[{"count":1,"href":"https:\/\/iescapayanch-cat.infd.edu.ar\/sitio\/wp-json\/wp\/v2\/pages\/1914\/revisions"}],"predecessor-version":[{"id":1915,"href":"https:\/\/iescapayanch-cat.infd.edu.ar\/sitio\/wp-json\/wp\/v2\/pages\/1914\/revisions\/1915"}],"wp:attachment":[{"href":"https:\/\/iescapayanch-cat.infd.edu.ar\/sitio\/wp-json\/wp\/v2\/media?parent=1914"}],"curies":[{"name":"wp","href":"https:\/\/api.w.org\/{rel}","templated":true}]}}