{"id":1902,"date":"2019-08-03T18:20:10","date_gmt":"2019-08-03T21:20:10","guid":{"rendered":"https:\/\/iescapayanch-cat.infd.edu.ar\/sitio\/?page_id=1902"},"modified":"2019-08-12T10:23:00","modified_gmt":"2019-08-12T13:23:00","slug":"concurso-docente-agosto-2-019","status":"publish","type":"page","link":"https:\/\/iescapayanch-cat.infd.edu.ar\/sitio\/concurso-docente-agosto-2-019\/","title":{"rendered":"Concurso Docente Agosto 2.019"},"content":{"rendered":"<p style=\"text-align: center;\"><strong><u>CRONOGRAMA DE LLAMADO A CONCURSO 2.019<\/u><\/strong><\/p>\n<p style=\"text-align: center;\"><strong><u>I.E.S. \u201cSEBASTIAN ALEJANDRO CORPACCI\u201d<\/u><\/strong><\/p>\n<p><u>PUBLICACI\u00d3N\u00a0DEL CONCURSO<\/u>: 06 DE AGOSTO 2.019<\/p>\n<p><u>INSCRIPCI\u00d3N, PRESENTACI\u00d3N\u00a0DE CURRICULUM VITAE Y PROYECTO<\/u>: LOS D\u00cdAS 07-08 DE AGOSTO DE 2.019 DESDE LAS 15 HASTA LAS 19 HS. \u00a0INDEFECTIBLEMENTE. (Sede Chumbicha). Presentaci\u00f3n de un Curr\u00edculum Vitae por cada materia a concursar. (Concurrir con originales para autenticar). Proyectos por triplicado.<\/p>\n<p><u>VALORACI\u00d3N\u00a0DE T\u00cdTULOS\u00a0Y ANTECEDENTES<\/u>: 09 DE AGOSTO<\/p>\n<p><u>PERIODO DE TACHAS<\/u>: <span style=\"color: #ff0000;\">MARTES 13 DE AGOSTO DE 16 A 17 HS.\u00a0 (Anexo Huillapima).<\/span><\/p>\n<p><u>\u00a0ENTREVISTAS A CONCURSANTES<\/u>: <span style=\"color: #ff0000;\">MARTES 13 DE AGOSTO A PARTIR DE LAS 17:OO HS. (ANEXO Huillapima)<\/span><\/p>\n<p><u>PUBLICACION DE RESULTADOS<\/u>: <span style=\"color: #ff0000;\">14 DE AGOSTO A PARTIR DE LAS 16 HS.<\/span><\/p>\n<p style=\"text-align: center;\"><u>C\u00c1TEDRAS\u00a0A CONCURSAR<\/u><\/p>\n<p><strong><u>Profesorado de Danzas <\/u><\/strong><\/p>\n<table width=\"669\">\n<tbody>\n<tr>\n<td width=\"251\">\n<p style=\"text-align: center;\">M\u00d3DULOS<\/p>\n<\/td>\n<td style=\"text-align: center;\" width=\"77\">HS. C\u00c1TEDRAS<\/td>\n<td style=\"text-align: center;\" width=\"85\">R\u00c9GIMEN<\/td>\n<td style=\"text-align: center;\" width=\"85\">CURSO<\/td>\n<td style=\"text-align: center;\" width=\"85\">SITUACI\u00d3N DE REVISTA<\/td>\n<td width=\"85\">\n<p style=\"text-align: center;\">SEDE<\/p>\n<\/td>\n<\/tr>\n<tr>\n<td width=\"251\">HISTORIA SOCIAL Y CULTURAL DE LAS ARTES DEL MOVIMIENTO II<\/td>\n<td width=\"77\">3<\/td>\n<td width=\"85\">ANUAL<\/td>\n<td width=\"85\">2\u00b0 A\u00f1o \u201cA\u201d<\/td>\n<td width=\"85\">INTERINAS<\/td>\n<td width=\"85\">Chumbicha<\/td>\n<\/tr>\n<tr>\n<td width=\"251\">\u00c9TICA PROFESIONAL (mi\u00e9rcoles de 18 a 20:40 hs)<\/td>\n<td width=\"77\">4<\/td>\n<td width=\"85\">2\u00b0 CUATR.<\/td>\n<td width=\"85\">4\u00b0 A\u00d1O<\/td>\n<td width=\"85\">INTERINAS<\/td>\n<td width=\"85\">Huillapima<\/td>\n<\/tr>\n<tr>\n<td width=\"251\">INTERVENCI\u00d3N COMUNITARIA EN DANZA SEG\u00daN MODALIDADES Y SUJETOS (jueves de 18\u00a0 a 20 hs.)<\/td>\n<td width=\"77\">3<\/td>\n<td width=\"85\">ANUAL<\/td>\n<td width=\"85\">4\u00b0 A\u00d1O<\/td>\n<td width=\"85\">INTERINAS<\/td>\n<td width=\"85\">Huillapima<\/td>\n<\/tr>\n<\/tbody>\n<\/table>\n<p>&nbsp;<\/p>\n<p><strong><u>Profesorado\u00a0 \u00a0M\u00fasica<\/u><\/strong><\/p>\n<table>\n<tbody>\n<tr>\n<td width=\"228\">\n<p style=\"text-align: center;\">M\u00d3DULOS<\/p>\n<\/td>\n<td style=\"text-align: center;\" width=\"77\">HS. C\u00c1TEDRAS<\/td>\n<td style=\"text-align: center;\" width=\"82\">R\u00c9GIMEN<\/td>\n<td style=\"text-align: center;\" width=\"79\">CURSO<\/td>\n<td style=\"text-align: center;\" width=\"84\">SITUACI\u00d3N DE REVISTA<\/td>\n<td width=\"90\">\n<p style=\"text-align: center;\">SEDE<\/p>\n<\/td>\n<\/tr>\n<tr>\n<td width=\"228\">PSICOLOG\u00cdA EDUCACIONAL<\/td>\n<td width=\"77\">8<\/td>\n<td width=\"82\">2\u00b0 CUATR.<\/td>\n<td width=\"79\">1\u00b0 A\u00d1O<\/td>\n<td width=\"84\">INTERINA<\/td>\n<td width=\"90\">CHUMBICHA<\/td>\n<\/tr>\n<tr>\n<td width=\"228\">PRACTICA DE PRODUCCI\u00d3N MUSICAL I<\/td>\n<td width=\"77\">6<\/td>\n<td width=\"82\">2\u00b0 CUATR.<\/td>\n<td width=\"79\">1\u00b0 A\u00d1O<\/td>\n<td width=\"84\">INTERINA<\/td>\n<td width=\"90\">CHUMBICHA<\/td>\n<\/tr>\n<tr>\n<td width=\"228\">PSICOLOG\u00cdA EDUCACIONAL (jueves de 18 a 20 hs. Viernes de 18 a 21:20 hs)<\/td>\n<td width=\"77\">8<\/td>\n<td width=\"82\">2\u00b0 CUATR.<\/td>\n<td width=\"79\">1\u00b0 A\u00d1O<\/td>\n<td width=\"84\">INTERINA<\/td>\n<td width=\"90\">HUILLAPIMA<\/td>\n<\/tr>\n<tr>\n<td width=\"228\">PRACTICA DE PRODUCCI\u00d3N MUSICAL (jueves de 18 a 22 hs.)<\/td>\n<td width=\"77\">6<\/td>\n<td width=\"82\">2\u00b0 CUATR.<\/td>\n<td width=\"79\">1\u00b0 A\u00d1O<\/td>\n<td width=\"84\">INTERINA<\/td>\n<td width=\"90\">HUILLAPIMA<\/td>\n<\/tr>\n<\/tbody>\n<\/table>\n<p>&nbsp;<\/p>\n<p><strong><u>Tecnicatura Superior en Enfermer\u00eda <\/u><\/strong><\/p>\n<table>\n<tbody>\n<tr>\n<td width=\"228\">\n<p style=\"text-align: center;\">M\u00d3DULOS<\/p>\n<\/td>\n<td style=\"text-align: center;\" width=\"77\">HS. C\u00c1TEDRAS<\/td>\n<td style=\"text-align: center;\" width=\"82\">R\u00c9GIMEN<\/td>\n<td style=\"text-align: center;\" width=\"79\">CURSO<\/td>\n<td style=\"text-align: center;\" width=\"84\">SITUACI\u00d3N DE REVISTA<\/td>\n<td width=\"90\">\n<p style=\"text-align: center;\">SEDE<\/p>\n<\/td>\n<\/tr>\n<tr>\n<td width=\"228\">SEMINARIO \u00c9TICA Y ODONTOLOG\u00cdA<\/td>\n<td width=\"77\">4<\/td>\n<td width=\"82\">2\u00b0 CUATR.<\/td>\n<td width=\"79\">2\u00b0 A\u00d1O A<\/td>\n<td width=\"84\">SUPLENTES<\/td>\n<td width=\"90\">CHUMBICHA<\/td>\n<\/tr>\n<\/tbody>\n<\/table>\n<p>&nbsp;<\/p>\n<p><strong><u>\u00a0<\/u><\/strong><strong><u>Tecnicatura Superior en Administraci\u00f3n Publica Orientada al Desarrollo Local<\/u><\/strong><\/p>\n<table>\n<tbody>\n<tr>\n<td width=\"228\">\n<p style=\"text-align: center;\">M\u00d3DULOS<\/p>\n<\/td>\n<td style=\"text-align: center;\" width=\"77\">HS. C\u00c1TEDRAS<\/td>\n<td style=\"text-align: center;\" width=\"82\">R\u00c9GIMEN<\/td>\n<td style=\"text-align: center;\" width=\"79\">CURSO<\/td>\n<td style=\"text-align: center;\" width=\"84\">SITUACI\u00d3N DE REVISTA<\/td>\n<td width=\"90\">\n<p style=\"text-align: center;\">SEDE<\/p>\n<\/td>\n<\/tr>\n<tr>\n<td width=\"228\">SEMINARIO DE DESARROLLO LOCAL Y PLANIFICACI\u00d3N ESTRAT\u00c9GICA (mi\u00e9rcoles de 16 a 18 hs- lunes de 20 a 22 hs.)<\/td>\n<td width=\"77\">6<\/td>\n<td width=\"82\">2\u00b0 CUATR.<\/td>\n<td width=\"79\">2\u00b0 A\u00d1O<\/td>\n<td width=\"84\">INTERINA<\/td>\n<td width=\"90\">HUILLAPIMA<\/td>\n<\/tr>\n<tr>\n<td width=\"228\">SISTEMA DE INFORMACI\u00d3N Y COMUNICACI\u00d3N APLICADOS A LA GESTI\u00d3N ESTATAL I (mi\u00e9rcoles de 18 a 20: 40 hs. )<\/td>\n<td width=\"77\">4<\/td>\n<td width=\"82\">2\u00b0 CUATR.<\/td>\n<td width=\"79\">2\u00b0 A\u00d1O<\/td>\n<td width=\"84\">INTERINA<\/td>\n<td width=\"90\">HUILLAPIMA<\/td>\n<\/tr>\n<tr>\n<td width=\"228\">PROYECTO DE PRACTICA PROFESIONALIZANTE DE INTERVENCI\u00d3N COMUNITARIA (viernes de 16 a 20 hs. )<\/td>\n<td width=\"77\">6<\/td>\n<td width=\"82\">2\u00b0 CUATR.<\/td>\n<td width=\"79\">2\u00b0 A\u00d1O<\/td>\n<td width=\"84\">INTERINA<\/td>\n<td width=\"90\">HUILLAPIMA<\/td>\n<\/tr>\n<\/tbody>\n<\/table>\n<p>&nbsp;<\/p>\n","protected":false},"excerpt":{"rendered":"<p>CRONOGRAMA DE LLAMADO A CONCURSO 2.019 I.E.S. \u201cSEBASTIAN ALEJANDRO CORPACCI\u201d PUBLICACI\u00d3N\u00a0DEL CONCURSO: 06 DE AGOSTO 2.019 INSCRIPCI\u00d3N, PRESENTACI\u00d3N\u00a0DE CURRICULUM VITAE Y PROYECTO: LOS D\u00cdAS 07-08 DE AGOSTO DE 2.019 DESDE LAS 15 HASTA LAS 19 HS. \u00a0INDEFECTIBLEMENTE. (Sede Chumbicha). Presentaci\u00f3n de un Curr\u00edculum Vitae por cada materia a concursar. (Concurrir con originales para autenticar). Proyectos &#8230; <a title=\"Concurso Docente Agosto 2.019\" class=\"read-more\" href=\"https:\/\/iescapayanch-cat.infd.edu.ar\/sitio\/concurso-docente-agosto-2-019\/\" aria-label=\"More on Concurso Docente Agosto 2.019\">[+]<\/a><\/p>\n","protected":false},"author":16,"featured_media":0,"parent":0,"menu_order":0,"comment_status":"closed","ping_status":"closed","template":"","meta":[],"acf":[],"_links":{"self":[{"href":"https:\/\/iescapayanch-cat.infd.edu.ar\/sitio\/wp-json\/wp\/v2\/pages\/1902"}],"collection":[{"href":"https:\/\/iescapayanch-cat.infd.edu.ar\/sitio\/wp-json\/wp\/v2\/pages"}],"about":[{"href":"https:\/\/iescapayanch-cat.infd.edu.ar\/sitio\/wp-json\/wp\/v2\/types\/page"}],"author":[{"embeddable":true,"href":"https:\/\/iescapayanch-cat.infd.edu.ar\/sitio\/wp-json\/wp\/v2\/users\/16"}],"replies":[{"embeddable":true,"href":"https:\/\/iescapayanch-cat.infd.edu.ar\/sitio\/wp-json\/wp\/v2\/comments?post=1902"}],"version-history":[{"count":3,"href":"https:\/\/iescapayanch-cat.infd.edu.ar\/sitio\/wp-json\/wp\/v2\/pages\/1902\/revisions"}],"predecessor-version":[{"id":1922,"href":"https:\/\/iescapayanch-cat.infd.edu.ar\/sitio\/wp-json\/wp\/v2\/pages\/1902\/revisions\/1922"}],"wp:attachment":[{"href":"https:\/\/iescapayanch-cat.infd.edu.ar\/sitio\/wp-json\/wp\/v2\/media?parent=1902"}],"curies":[{"name":"wp","href":"https:\/\/api.w.org\/{rel}","templated":true}]}}