{"id":1881,"date":"2019-06-15T00:47:58","date_gmt":"2019-06-15T03:47:58","guid":{"rendered":"https:\/\/iescapayanch-cat.infd.edu.ar\/sitio\/?page_id=1881"},"modified":"2019-06-18T21:16:00","modified_gmt":"2019-06-19T00:16:00","slug":"resultados-definitivos-3er-llamado-a-concurso-docente","status":"publish","type":"page","link":"https:\/\/iescapayanch-cat.infd.edu.ar\/sitio\/resultados-definitivos-3er-llamado-a-concurso-docente\/","title":{"rendered":"Resultados definitivos 3er llamado a concurso docente"},"content":{"rendered":"<p>Profesorado de Danzas<\/p>\n<p><a href=\"https:\/\/iescapayanch-cat.infd.edu.ar\/sitio\/wp-content\/uploads\/2019\/06\/WhatsApp-Image-2019-06-18-at-8.52.21-PM-e1560902715528.jpeg\" target=\"_blank\" rel=\"noopener\">INVESTIGACI\u00d3N EDUCATIVA EN LAS ARTES DEL MOVIMIENTO<\/a><\/p>\n<p><a href=\"https:\/\/iescapayanch-cat.infd.edu.ar\/sitio\/wp-content\/uploads\/2019\/06\/WhatsApp-Image-2019-06-18-at-8.52.21-PM-1-e1560902786452.jpeg\" target=\"_blank\" rel=\"noopener\">HISTORIA SOCIAL Y CULTURAL DE LAS ARTES DEL MOVIMIENTO II<\/a><\/p>\n<p><a href=\"https:\/\/iescapayanch-cat.infd.edu.ar\/sitio\/wp-content\/uploads\/2019\/06\/WhatsApp-Image-2019-06-18-at-8.52.20-PM-e1560902840382.jpeg\" target=\"_blank\" rel=\"noopener\">EDI (Danza con eje en el Lenguaje)<\/a><\/p>\n<p><a href=\"https:\/\/iescapayanch-cat.infd.edu.ar\/sitio\/wp-content\/uploads\/2019\/06\/WhatsApp-Image-2019-06-18-at-8.52.20-PM-1-e1560902893567.jpeg\" target=\"_blank\" rel=\"noopener\">DIRECCI\u00d3N Y COMPOSICI\u00d3N\u00a0 COREOGR\u00c1FICA EN DANZA<\/a><\/p>\n<p>Profesorado de Teatro<\/p>\n<p><a href=\"https:\/\/iescapayanch-cat.infd.edu.ar\/sitio\/wp-content\/uploads\/2019\/06\/WhatsApp-Image-2019-06-14-at-11.39.47-PM-e1560569636692.jpeg\" target=\"_blank\" rel=\"noopener\">PRACTICAS DE LA ENSE\u00d1ANZA\u00a0 (Pareja Pedag\u00f3gica) GENERALISTA<\/a><\/p>\n<p><a href=\"https:\/\/iescapayanch-cat.infd.edu.ar\/sitio\/wp-content\/uploads\/2019\/06\/WhatsApp-Image-2019-06-14-at-11.38.56-PM-e1560569755702.jpeg\" target=\"_blank\" rel=\"noopener\">SOCIOLOG\u00cdA DE LA EDUCACI\u00d3N<\/a><\/p>\n<p><a href=\"https:\/\/iescapayanch-cat.infd.edu.ar\/sitio\/wp-content\/uploads\/2019\/06\/WhatsApp-Image-2019-06-15-at-2.13.52-PM-e1560899562573.jpeg\" target=\"_blank\" rel=\"noopener\">PR\u00c1CTICA DOCENTE Y RESIDENCIA<\/a><\/p>\n<p><u>Profesorado de Ingl\u00e9s<\/u><\/p>\n<p><a href=\"https:\/\/iescapayanch-cat.infd.edu.ar\/sitio\/wp-content\/uploads\/2019\/06\/WhatsApp-Image-2019-06-14-at-11.36.43-PM-e1560569817383.jpeg\" target=\"_blank\" rel=\"noopener\">SOCIOLOG\u00cdA DE LA EDUCACI\u00d3N<\/a><\/p>\n<p><a href=\"https:\/\/iescapayanch-cat.infd.edu.ar\/sitio\/wp-content\/uploads\/2019\/06\/WhatsApp-Image-2019-06-14-at-10.18.04-PM-e1560570091184.jpeg\" target=\"_blank\" rel=\"noopener\">LENGUA INGLESA IV<\/a><\/p>\n<p><a href=\"https:\/\/iescapayanch-cat.infd.edu.ar\/sitio\/wp-content\/uploads\/2019\/06\/WhatsApp-Image-2019-06-14-at-10.18.04-PM-2-e1560570163448.jpeg\" target=\"_blank\" rel=\"noopener\">GRAM\u00c1TICA INGLESA I<\/a><\/p>\n<p><a href=\"https:\/\/iescapayanch-cat.infd.edu.ar\/sitio\/wp-content\/uploads\/2019\/06\/WhatsApp-Image-2019-06-15-at-2.14.30-PM-e1560899469934.jpeg\" target=\"_blank\" rel=\"noopener\">SUJETO DE LA EDUCACI\u00d3N<\/a><\/p>\n<p>&nbsp;<\/p>\n<p>&nbsp;<\/p>\n","protected":false},"excerpt":{"rendered":"<p>Profesorado de Danzas INVESTIGACI\u00d3N EDUCATIVA EN LAS ARTES DEL MOVIMIENTO HISTORIA SOCIAL Y CULTURAL DE LAS ARTES DEL MOVIMIENTO II EDI (Danza con eje en el Lenguaje) DIRECCI\u00d3N Y COMPOSICI\u00d3N\u00a0 COREOGR\u00c1FICA EN DANZA Profesorado de Teatro PRACTICAS DE LA ENSE\u00d1ANZA\u00a0 (Pareja Pedag\u00f3gica) GENERALISTA SOCIOLOG\u00cdA DE LA EDUCACI\u00d3N PR\u00c1CTICA DOCENTE Y RESIDENCIA Profesorado de Ingl\u00e9s SOCIOLOG\u00cdA &#8230; <a title=\"Resultados definitivos 3er llamado a concurso docente\" class=\"read-more\" href=\"https:\/\/iescapayanch-cat.infd.edu.ar\/sitio\/resultados-definitivos-3er-llamado-a-concurso-docente\/\" aria-label=\"More on Resultados definitivos 3er llamado a concurso docente\">[+]<\/a><\/p>\n","protected":false},"author":16,"featured_media":0,"parent":0,"menu_order":0,"comment_status":"closed","ping_status":"closed","template":"","meta":[],"acf":[],"_links":{"self":[{"href":"https:\/\/iescapayanch-cat.infd.edu.ar\/sitio\/wp-json\/wp\/v2\/pages\/1881"}],"collection":[{"href":"https:\/\/iescapayanch-cat.infd.edu.ar\/sitio\/wp-json\/wp\/v2\/pages"}],"about":[{"href":"https:\/\/iescapayanch-cat.infd.edu.ar\/sitio\/wp-json\/wp\/v2\/types\/page"}],"author":[{"embeddable":true,"href":"https:\/\/iescapayanch-cat.infd.edu.ar\/sitio\/wp-json\/wp\/v2\/users\/16"}],"replies":[{"embeddable":true,"href":"https:\/\/iescapayanch-cat.infd.edu.ar\/sitio\/wp-json\/wp\/v2\/comments?post=1881"}],"version-history":[{"count":5,"href":"https:\/\/iescapayanch-cat.infd.edu.ar\/sitio\/wp-json\/wp\/v2\/pages\/1881\/revisions"}],"predecessor-version":[{"id":1894,"href":"https:\/\/iescapayanch-cat.infd.edu.ar\/sitio\/wp-json\/wp\/v2\/pages\/1881\/revisions\/1894"}],"wp:attachment":[{"href":"https:\/\/iescapayanch-cat.infd.edu.ar\/sitio\/wp-json\/wp\/v2\/media?parent=1881"}],"curies":[{"name":"wp","href":"https:\/\/api.w.org\/{rel}","templated":true}]}}