{"id":1858,"date":"2019-06-13T21:21:51","date_gmt":"2019-06-14T00:21:51","guid":{"rendered":"https:\/\/iescapayanch-cat.infd.edu.ar\/sitio\/?page_id=1858"},"modified":"2019-06-14T00:18:18","modified_gmt":"2019-06-14T03:18:18","slug":"resultados-parciales-3er-llamado-a-concurso-docente","status":"publish","type":"page","link":"https:\/\/iescapayanch-cat.infd.edu.ar\/sitio\/resultados-parciales-3er-llamado-a-concurso-docente\/","title":{"rendered":"Resultados parciales 3er llamado a concurso docente"},"content":{"rendered":"<p><u>Profesorado de Danzas<\/u><\/p>\n<p><a href=\"http:\/\/INVESTIGACI\u00d3N EDUCATIVA EN LAS ARTES DEL MOVIMIENTO\" target=\"_blank\" rel=\"noopener\">I<\/a><a href=\"https:\/\/iescapayanch-cat.infd.edu.ar\/sitio\/wp-content\/uploads\/2019\/06\/WhatsApp-Image-2019-06-13-at-8.03.18-PM-e1560470895401.jpeg\" target=\"_blank\" rel=\"noopener\">NVESTIGACI\u00d3N EDUCATIVA EN LAS ARTES DEL MOVIMIENTO<\/a><\/p>\n<p><a href=\"https:\/\/iescapayanch-cat.infd.edu.ar\/sitio\/wp-content\/uploads\/2019\/06\/WhatsApp-Image-2019-06-13-at-8.03.18-PM-2-e1560470984503.jpeg\" target=\"_blank\" rel=\"noopener\">DIRECCI\u00d3N Y COMPOSICI\u00d3N\u00a0 COREOGR\u00c1FICA EN DANZA<\/a><\/p>\n<p><a href=\"https:\/\/iescapayanch-cat.infd.edu.ar\/sitio\/wp-content\/uploads\/2019\/06\/WhatsApp-Image-2019-06-13-at-8.03.18-PM-1-e1560471044370.jpeg\" target=\"_blank\" rel=\"noopener\">HISTORIA SOCIAL Y CULTURAL DE LAS ARTES DEL MOVIMIENTO II<\/a><\/p>\n<p><a href=\"https:\/\/iescapayanch-cat.infd.edu.ar\/sitio\/wp-content\/uploads\/2019\/06\/WhatsApp-Image-2019-06-13-at-8.03.17-PM-2-e1560471213177.jpeg\" target=\"_blank\" rel=\"noopener\">EDI (Danza con eje en el Lenguaje)<\/a><\/p>\n<p><u>Profesorado de Ingl\u00e9s<\/u><\/p>\n<p><a href=\"https:\/\/iescapayanch-cat.infd.edu.ar\/sitio\/wp-content\/uploads\/2019\/06\/WhatsApp-Image-2019-06-13-at-5.58.25-PM-e1560471368456.jpeg\" target=\"_blank\" rel=\"noopener\">GRAM\u00c1TICA INGLESA I<\/a><\/p>\n<p><a href=\"https:\/\/iescapayanch-cat.infd.edu.ar\/sitio\/wp-content\/uploads\/2019\/06\/WhatsApp-Image-2019-06-13-at-5.58.25-PM-1-e1560471471953.jpeg\" target=\"_blank\" rel=\"noopener\">LENGUA INGLESA IV<\/a><\/p>\n<p><a href=\"https:\/\/iescapayanch-cat.infd.edu.ar\/sitio\/wp-content\/uploads\/2019\/06\/WhatsApp-Image-2019-06-13-at-11.13.34-PM-1-e1560480212169.jpeg\" target=\"_blank\" rel=\"noopener\">SUJETO DE LA EDUCACI\u00d3N II: N.\u00a0 SECUND. Y MOD.<\/a><\/p>\n<p><a href=\"https:\/\/iescapayanch-cat.infd.edu.ar\/sitio\/wp-content\/uploads\/2019\/06\/WhatsApp-Image-2019-06-13-at-11.13.33-PM-2-e1560480330992.jpeg\" target=\"_blank\" rel=\"noopener\">SOCIOLOG\u00cdA DE LA EDUCACI\u00d3N<\/a><\/p>\n<p>Profesorado de Teatro<\/p>\n<p><a href=\"https:\/\/iescapayanch-cat.infd.edu.ar\/sitio\/wp-content\/uploads\/2019\/06\/WhatsApp-Image-2019-06-13-at-11.13.34-PM-e1560480129416.jpeg\" target=\"_blank\" rel=\"noopener\">PRACTICA DOCENTE Y RESIDENCIA (Pareja Pedag\u00f3gica) GENERALISTA<\/a><\/p>\n<p><a href=\"https:\/\/iescapayanch-cat.infd.edu.ar\/sitio\/wp-content\/uploads\/2019\/06\/WhatsApp-Image-2019-06-13-at-11.13.33-PM-e1560480272442.jpeg\" target=\"_blank\" rel=\"noopener\">PRACTICAS DE LA ENSE\u00d1ANZA\u00a0 (Pareja Pedag\u00f3gica) GENERALISTA<\/a><\/p>\n<p><a href=\"https:\/\/iescapayanch-cat.infd.edu.ar\/sitio\/wp-content\/uploads\/2019\/06\/WhatsApp-Image-2019-06-13-at-11.53.10-PM-e1560482109653.jpeg\" target=\"_blank\" rel=\"noopener\">SOCIOLOG\u00cdA DE LA EDUCACI\u00d3N<\/a><\/p>\n<p><a href=\"https:\/\/iescapayanch-cat.infd.edu.ar\/sitio\/wp-content\/uploads\/2019\/06\/WhatsApp-Image-2019-06-13-at-11.13.33-PM-1-e1560480392201.jpeg\" target=\"_blank\" rel=\"noopener\">FORMACI\u00d3N CORPORAL II (Con eje en las t\u00e9cnicas y Danzas)(Pareja Pedag\u00f3gica<\/a><\/p>\n<p>&nbsp;<\/p>\n","protected":false},"excerpt":{"rendered":"<p>Profesorado de Danzas INVESTIGACI\u00d3N EDUCATIVA EN LAS ARTES DEL MOVIMIENTO DIRECCI\u00d3N Y COMPOSICI\u00d3N\u00a0 COREOGR\u00c1FICA EN DANZA HISTORIA SOCIAL Y CULTURAL DE LAS ARTES DEL MOVIMIENTO II EDI (Danza con eje en el Lenguaje) Profesorado de Ingl\u00e9s GRAM\u00c1TICA INGLESA I LENGUA INGLESA IV SUJETO DE LA EDUCACI\u00d3N II: N.\u00a0 SECUND. Y MOD. SOCIOLOG\u00cdA DE LA EDUCACI\u00d3N &#8230; <a title=\"Resultados parciales 3er llamado a concurso docente\" class=\"read-more\" href=\"https:\/\/iescapayanch-cat.infd.edu.ar\/sitio\/resultados-parciales-3er-llamado-a-concurso-docente\/\" aria-label=\"More on Resultados parciales 3er llamado a concurso docente\">[+]<\/a><\/p>\n","protected":false},"author":16,"featured_media":0,"parent":0,"menu_order":0,"comment_status":"closed","ping_status":"closed","template":"","meta":[],"acf":[],"_links":{"self":[{"href":"https:\/\/iescapayanch-cat.infd.edu.ar\/sitio\/wp-json\/wp\/v2\/pages\/1858"}],"collection":[{"href":"https:\/\/iescapayanch-cat.infd.edu.ar\/sitio\/wp-json\/wp\/v2\/pages"}],"about":[{"href":"https:\/\/iescapayanch-cat.infd.edu.ar\/sitio\/wp-json\/wp\/v2\/types\/page"}],"author":[{"embeddable":true,"href":"https:\/\/iescapayanch-cat.infd.edu.ar\/sitio\/wp-json\/wp\/v2\/users\/16"}],"replies":[{"embeddable":true,"href":"https:\/\/iescapayanch-cat.infd.edu.ar\/sitio\/wp-json\/wp\/v2\/comments?post=1858"}],"version-history":[{"count":7,"href":"https:\/\/iescapayanch-cat.infd.edu.ar\/sitio\/wp-json\/wp\/v2\/pages\/1858\/revisions"}],"predecessor-version":[{"id":1872,"href":"https:\/\/iescapayanch-cat.infd.edu.ar\/sitio\/wp-json\/wp\/v2\/pages\/1858\/revisions\/1872"}],"wp:attachment":[{"href":"https:\/\/iescapayanch-cat.infd.edu.ar\/sitio\/wp-json\/wp\/v2\/media?parent=1858"}],"curies":[{"name":"wp","href":"https:\/\/api.w.org\/{rel}","templated":true}]}}