{"id":1763,"date":"2019-04-16T20:10:27","date_gmt":"2019-04-16T23:10:27","guid":{"rendered":"https:\/\/iescapayanch-cat.infd.edu.ar\/sitio\/?page_id=1763"},"modified":"2019-04-17T00:28:24","modified_gmt":"2019-04-17T03:28:24","slug":"resultados-parciales-proyecto-de-trabajo-y-antecedentes","status":"publish","type":"page","link":"https:\/\/iescapayanch-cat.infd.edu.ar\/sitio\/resultados-parciales-proyecto-de-trabajo-y-antecedentes\/","title":{"rendered":"Resultados parciales, proyecto de trabajo y antecedentes"},"content":{"rendered":"<p><strong>Profesorado de Ingl\u00e9s<\/strong><\/p>\n<p><a href=\"https:\/\/iescapayanch-cat.infd.edu.ar\/sitio\/wp-content\/uploads\/2019\/04\/WhatsApp-Image-2019-04-16-at-12.40.10-PM-e1555455900751.jpeg\" target=\"_blank\" rel=\"noopener\">Sujeto de la Educaci\u00f3n II: Nivel Secundario y M.\u00a0\u00a0<\/a><\/p>\n<p><a href=\"https:\/\/iescapayanch-cat.infd.edu.ar\/sitio\/wp-content\/uploads\/2019\/04\/WhatsApp-Image-2019-04-16-at-7.55.54-PM-1.jpeg\" target=\"_blank\" rel=\"noopener\">Gram\u00e1tica Inglesa I<\/a><\/p>\n<p><a href=\"https:\/\/iescapayanch-cat.infd.edu.ar\/sitio\/wp-content\/uploads\/2019\/04\/WhatsApp-Image-2019-04-16-at-7.55.54-PM.jpeg\" target=\"_blank\" rel=\"noopener\">Gram\u00e1tica Inglesa II<\/a><\/p>\n<p>&nbsp;<\/p>\n<p><strong>Profesorado de Danza<\/strong><\/p>\n<p><a href=\"https:\/\/iescapayanch-cat.infd.edu.ar\/sitio\/wp-content\/uploads\/2019\/04\/WhatsApp-Image-2019-04-16-at-12.40.10-PM-1-e1555455996363.jpeg\" target=\"_blank\" rel=\"noopener\">Did\u00e1ctica General I<\/a><\/p>\n<p>&nbsp;<\/p>\n<p><strong>Profesorado de Teatro<\/strong><\/p>\n<p><a href=\"https:\/\/iescapayanch-cat.infd.edu.ar\/sitio\/wp-content\/uploads\/2019\/04\/WhatsApp-Image-2019-04-16-at-10.28.43-PM.jpeg\" target=\"_blank\" rel=\"noopener\">Formaci\u00f3n Corporal I<\/a><\/p>\n<p><a href=\"https:\/\/iescapayanch-cat.infd.edu.ar\/sitio\/wp-content\/uploads\/2019\/04\/WhatsApp-Image-2019-04-16-at-10.29.02-PM.jpeg\" target=\"_blank\" rel=\"noopener\">Formaci\u00f3n Corporal\u00a0 II\u00a0 (con eje en las t\u00e9cnicas, m\u00fasica y danzas)<\/a><\/p>\n<p><a href=\"https:\/\/iescapayanch-cat.infd.edu.ar\/sitio\/wp-content\/uploads\/2019\/04\/WhatsApp-Image-2019-04-16-at-10.29.24-PM.jpeg\" target=\"_blank\" rel=\"noopener\">Formaci\u00f3n Corporal III\u00a0 ( con eje en g\u00e9neros y estilos teatrales)\u00a0<\/a><\/p>\n<p>&nbsp;<\/p>\n<p><strong>Profesorado de M\u00fasica<\/strong><\/p>\n<p><a href=\"https:\/\/iescapayanch-cat.infd.edu.ar\/sitio\/wp-content\/uploads\/2019\/04\/WhatsApp-Image-2019-04-16-at-11.18.57-PM-2-e1555470267960.jpeg\" target=\"_blank\" rel=\"noopener\">I.P. Cuerdas<\/a><\/p>\n<p><a href=\"https:\/\/iescapayanch-cat.infd.edu.ar\/sitio\/wp-content\/uploads\/2019\/04\/WhatsApp-Image-2019-04-16-at-11.18.56-PM-1-e1555470370999.jpeg\" target=\"_blank\" rel=\"noopener\">Instrumento Principal (Viento)<\/a><\/p>\n<p><a href=\"https:\/\/iescapayanch-cat.infd.edu.ar\/sitio\/wp-content\/uploads\/2019\/04\/WhatsApp-Image-2019-04-16-at-11.18.55-PM-5-e1555470460984.jpeg\" target=\"_blank\" rel=\"noopener\">Instrumento Complementario I (Viento)<\/a><\/p>\n<p><a href=\"https:\/\/iescapayanch-cat.infd.edu.ar\/sitio\/wp-content\/uploads\/2019\/04\/WhatsApp-Image-2019-04-16-at-11.18.55-PM-4-e1555470518740.jpeg\" target=\"_blank\" rel=\"noopener\">Instrumento Complemetario I (Piano)<\/a><\/p>\n<p>&nbsp;<\/p>\n","protected":false},"excerpt":{"rendered":"<p>Profesorado de Ingl\u00e9s Sujeto de la Educaci\u00f3n II: Nivel Secundario y M.\u00a0\u00a0 Gram\u00e1tica Inglesa I Gram\u00e1tica Inglesa II &nbsp; Profesorado de Danza Did\u00e1ctica General I &nbsp; Profesorado de Teatro Formaci\u00f3n Corporal I Formaci\u00f3n Corporal\u00a0 II\u00a0 (con eje en las t\u00e9cnicas, m\u00fasica y danzas) Formaci\u00f3n Corporal III\u00a0 ( con eje en g\u00e9neros y estilos teatrales)\u00a0 &nbsp; &#8230; <a title=\"Resultados parciales, proyecto de trabajo y antecedentes\" class=\"read-more\" href=\"https:\/\/iescapayanch-cat.infd.edu.ar\/sitio\/resultados-parciales-proyecto-de-trabajo-y-antecedentes\/\" aria-label=\"More on Resultados parciales, proyecto de trabajo y antecedentes\">[+]<\/a><\/p>\n","protected":false},"author":16,"featured_media":0,"parent":0,"menu_order":0,"comment_status":"closed","ping_status":"closed","template":"","meta":[],"acf":[],"_links":{"self":[{"href":"https:\/\/iescapayanch-cat.infd.edu.ar\/sitio\/wp-json\/wp\/v2\/pages\/1763"}],"collection":[{"href":"https:\/\/iescapayanch-cat.infd.edu.ar\/sitio\/wp-json\/wp\/v2\/pages"}],"about":[{"href":"https:\/\/iescapayanch-cat.infd.edu.ar\/sitio\/wp-json\/wp\/v2\/types\/page"}],"author":[{"embeddable":true,"href":"https:\/\/iescapayanch-cat.infd.edu.ar\/sitio\/wp-json\/wp\/v2\/users\/16"}],"replies":[{"embeddable":true,"href":"https:\/\/iescapayanch-cat.infd.edu.ar\/sitio\/wp-json\/wp\/v2\/comments?post=1763"}],"version-history":[{"count":6,"href":"https:\/\/iescapayanch-cat.infd.edu.ar\/sitio\/wp-json\/wp\/v2\/pages\/1763\/revisions"}],"predecessor-version":[{"id":1785,"href":"https:\/\/iescapayanch-cat.infd.edu.ar\/sitio\/wp-json\/wp\/v2\/pages\/1763\/revisions\/1785"}],"wp:attachment":[{"href":"https:\/\/iescapayanch-cat.infd.edu.ar\/sitio\/wp-json\/wp\/v2\/media?parent=1763"}],"curies":[{"name":"wp","href":"https:\/\/api.w.org\/{rel}","templated":true}]}}