{"id":1676,"date":"2019-03-18T21:36:07","date_gmt":"2019-03-19T00:36:07","guid":{"rendered":"https:\/\/iescapayanch-cat.infd.edu.ar\/sitio\/?page_id=1676"},"modified":"2019-03-22T10:56:11","modified_gmt":"2019-03-22T13:56:11","slug":"resultados-finales-1concurso-docente-2019","status":"publish","type":"page","link":"https:\/\/iescapayanch-cat.infd.edu.ar\/sitio\/resultados-finales-1concurso-docente-2019\/","title":{"rendered":"Resultados Finales 1\u00b0Concurso Docente 2019"},"content":{"rendered":"<h4>Profesorado de M\u00fasica<\/h4>\n<p><a href=\"https:\/\/iescapayanch-cat.infd.edu.ar\/sitio\/wp-content\/uploads\/2019\/03\/WhatsApp-Image-2019-03-21-at-11.43.33-PM-e1553223023439.jpeg\" target=\"_blank\" rel=\"noopener\">Formaci\u00f3n Vocal y Canto<\/a><\/p>\n<p><a href=\"https:\/\/iescapayanch-cat.infd.edu.ar\/sitio\/wp-content\/uploads\/2019\/03\/WhatsApp-Image-2019-03-21-at-11.43.32-PM-e1553223088433.jpeg\" target=\"_blank\" rel=\"noopener\">Pedagog\u00eda\u00a0<\/a><\/p>\n<p><a href=\"https:\/\/iescapayanch-cat.infd.edu.ar\/sitio\/wp-content\/uploads\/2019\/03\/WhatsApp-Image-2019-03-21-at-11.43.32-PM-1-e1553223219834.jpeg\" target=\"_blank\" rel=\"noopener\">Escuela y Comunidad<\/a><\/p>\n<p><a href=\"https:\/\/iescapayanch-cat.infd.edu.ar\/sitio\/wp-content\/uploads\/2019\/03\/WhatsApp-Image-2019-03-21-at-11.23.24-PM-e1553223267630.jpeg\" target=\"_blank\" rel=\"noopener\">Instrumento Principal I Viento<\/a><\/p>\n<p><a href=\"https:\/\/iescapayanch-cat.infd.edu.ar\/sitio\/wp-content\/uploads\/2019\/03\/WhatsApp-Image-2019-03-21-at-11.23.24-PM-1-e1553223324959.jpeg\" target=\"_blank\" rel=\"noopener\">Instrumento Complementario I Viento<\/a><\/p>\n<p><a href=\"https:\/\/iescapayanch-cat.infd.edu.ar\/sitio\/wp-content\/uploads\/2019\/03\/WhatsApp-Image-2019-03-21-at-11.23.23-PM-e1553223408610.jpeg\" target=\"_blank\" rel=\"noopener\">Instrumento Principal I Cuerdas<\/a><\/p>\n<p><a href=\"https:\/\/iescapayanch-cat.infd.edu.ar\/sitio\/wp-content\/uploads\/2019\/03\/WhatsApp-Image-2019-03-21-at-11.23.23-PM-1-e1553223476887.jpeg\" target=\"_blank\" rel=\"noopener\">Instrumento Complementario I: Cuerdas<\/a><\/p>\n<p><a href=\"https:\/\/iescapayanch-cat.infd.edu.ar\/sitio\/wp-content\/uploads\/2019\/03\/WhatsApp-Image-2019-03-21-at-10.43.49-PM-e1553224769755.jpeg\" target=\"_blank\" rel=\"noopener\">M\u00fasica y Contexto I<\/a><\/p>\n<p><a href=\"https:\/\/iescapayanch-cat.infd.edu.ar\/sitio\/wp-content\/uploads\/2019\/03\/WhatsApp-Image-2019-03-21-at-10.43.49-PM-1-e1553224819441.jpeg\" target=\"_blank\" rel=\"noopener\">Lenguaje Musical\u00a0<\/a><\/p>\n<p><a href=\"https:\/\/iescapayanch-cat.infd.edu.ar\/sitio\/wp-content\/uploads\/2019\/03\/WhatsApp-Image-2019-03-21-at-10.43.48-PM-e1553224861696.jpeg\" target=\"_blank\" rel=\"noopener\">Practicas Instrumentales En Conjuntos Convencionales Y No Convencionales<\/a><\/p>\n<p><a href=\"https:\/\/iescapayanch-cat.infd.edu.ar\/sitio\/wp-content\/uploads\/2019\/03\/WhatsApp-Image-2019-03-22-at-1.20.16-AM-e1553262686909.jpeg\" target=\"_blank\" rel=\"noopener\">Instrumento Complementario I: Guitarra<\/a><\/p>\n<p><a href=\"https:\/\/iescapayanch-cat.infd.edu.ar\/sitio\/wp-content\/uploads\/2019\/03\/WhatsApp-Image-2019-03-22-at-1.20.15-AM-e1553262862604.jpeg\" target=\"_blank\" rel=\"noopener\">Instrumento Principal I: Piano<\/a><\/p>\n<p><a href=\"https:\/\/iescapayanch-cat.infd.edu.ar\/sitio\/wp-content\/uploads\/2019\/03\/WhatsApp-Image-2019-03-22-at-1.20.15-AM-1-e1553262927977.jpeg\" target=\"_blank\" rel=\"noopener\">Instrumento Principal I: Guitarra<\/a><\/p>\n<p>&nbsp;<\/p>\n<h4>Tecnicatura Superior en Administraci\u00f3n P\u00fablica, Orientada al Desarrollo Local<\/h4>\n<p><a href=\"https:\/\/iescapayanch-cat.infd.edu.ar\/sitio\/wp-content\/uploads\/2019\/03\/WhatsApp-Image-2019-03-21-at-10.42.24-PM-e1553222336374.jpeg\" target=\"_blank\" rel=\"noopener\">Estructura y Funcionamiento de Los Organismos del Estado<\/a><\/p>\n<p><a href=\"https:\/\/iescapayanch-cat.infd.edu.ar\/sitio\/wp-content\/uploads\/2019\/03\/WhatsApp-Image-2019-03-21-at-10.42.24-PM-1-e1553222469648.jpeg\" target=\"_blank\" rel=\"noopener\">Introducci\u00f3n al Derecho y Derecho Administrativo\u00a0<\/a><\/p>\n<p><a href=\"https:\/\/iescapayanch-cat.infd.edu.ar\/sitio\/wp-content\/uploads\/2019\/03\/WhatsApp-Image-2019-03-21-at-10.42.23-PM-e1553222533500.jpeg\" target=\"_blank\" rel=\"noopener\">Contabilidad P\u00fablica<\/a><\/p>\n<p><a href=\"https:\/\/iescapayanch-cat.infd.edu.ar\/sitio\/wp-content\/uploads\/2019\/03\/WhatsApp-Image-2019-03-21-at-10.42.23-PM-1-e1553222586443.jpeg\" target=\"_blank\" rel=\"noopener\">Taller de Gesti\u00f3n P\u00fablica y Desarrollo de Programas y Proyectos<\/a><\/p>\n<p><a href=\"https:\/\/iescapayanch-cat.infd.edu.ar\/sitio\/wp-content\/uploads\/2019\/03\/WhatsApp-Image-2019-03-21-at-10.42.22-PM-e1553222682252.jpeg\" target=\"_blank\" rel=\"noopener\">Liderazgo y Din\u00e1mica Grupal<\/a><\/p>\n<p><a href=\"https:\/\/iescapayanch-cat.infd.edu.ar\/sitio\/wp-content\/uploads\/2019\/03\/WhatsApp-Image-2019-03-21-at-10.41.27-PM-e1553222745748.jpeg\" target=\"_blank\" rel=\"noopener\">Administraci\u00f3n P\u00fablica II<\/a><\/p>\n<h4><\/h4>\n<h4><strong>Profesorado de Danzas<\/strong><\/h4>\n<p><a href=\"https:\/\/iescapayanch-cat.infd.edu.ar\/sitio\/wp-content\/uploads\/2019\/03\/WhatsApp-Image-2019-03-18-at-5.34.35-PM-e1552953244912.jpeg\" target=\"_blank\" rel=\"noopener\">Pr\u00e1ctica Docente y Residencia (Generalista)<\/a><\/p>\n<p><a href=\"https:\/\/iescapayanch-cat.infd.edu.ar\/sitio\/wp-content\/uploads\/2019\/03\/WhatsApp-Image-2019-03-18-at-5.34.23-PM-e1552953495124.jpeg\" target=\"_blank\" rel=\"noopener\">Pr\u00e1ctica Docente y Residencia (Espec\u00edfico)<\/a><\/p>\n<p><a href=\"https:\/\/iescapayanch-cat.infd.edu.ar\/sitio\/wp-content\/uploads\/2019\/03\/WhatsApp-Image-2019-03-18-at-5.34.09-PM-e1552953606852.jpeg\" target=\"_blank\" rel=\"noopener\">Tecnolog\u00eda de la Informaci\u00f3n y Comunicaci\u00f3n<\/a><\/p>\n<p><a href=\"https:\/\/iescapayanch-cat.infd.edu.ar\/sitio\/wp-content\/uploads\/2019\/03\/WhatsApp-Image-2019-03-18-at-9.51.28-PM-e1552958672632.jpeg\" target=\"_blank\" rel=\"noopener\">Ense\u00f1anza de la Danza a Sujetos con Necesidades Especiales<\/a><\/p>\n<p><a href=\"https:\/\/iescapayanch-cat.infd.edu.ar\/sitio\/wp-content\/uploads\/2019\/03\/WhatsApp-Image-2019-03-18-at-9.51.27-PM-e1552958794959.jpeg\" target=\"_blank\" rel=\"noopener\">Historia Social y Cultural de las Artes del Movimiento II<\/a><\/p>\n<p><a href=\"https:\/\/iescapayanch-cat.infd.edu.ar\/sitio\/wp-content\/uploads\/2019\/03\/WhatsApp-Image-2019-03-18-at-9.51.26-PM-e1552958879139.jpeg\" target=\"_blank\" rel=\"noopener\">Investigaci\u00f3n Educativa en Artes del Movimiento<\/a><\/p>\n<p><a href=\"https:\/\/iescapayanch-cat.infd.edu.ar\/sitio\/wp-content\/uploads\/2019\/03\/WhatsApp-Image-2019-03-18-at-9.51.25-PM-e1552958958736.jpeg\" target=\"_blank\" rel=\"noopener\">E.D.I (Danza con eje en el Lenguaje)<\/a><\/p>\n<p><a href=\"https:\/\/iescapayanch-cat.infd.edu.ar\/sitio\/wp-content\/uploads\/2019\/03\/WhatsApp-Image-2019-03-18-at-9.51.25-PM-1-e1552959014865.jpeg\" target=\"_blank\" rel=\"noopener\">Intervenci\u00f3n Comunitaria en Danza seg\u00fan Modalidades y Sujetos<\/a><\/p>\n<p><a href=\"https:\/\/iescapayanch-cat.infd.edu.ar\/sitio\/wp-content\/uploads\/2019\/03\/WhatsApp-Image-2019-03-18-at-9.51.24-PM-e1552959113923.jpeg\" target=\"_blank\" rel=\"noopener\">Direcci\u00f3n y Composici\u00f3n Coreogr\u00e1fica en Danza<\/a><\/p>\n<p><a href=\"https:\/\/iescapayanch-cat.infd.edu.ar\/sitio\/wp-content\/uploads\/2019\/03\/WhatsApp-Image-2019-03-18-at-9.51.23-PM-e1552959210708.jpeg\" target=\"_blank\" rel=\"noopener\">Montaje y Producci\u00f3n de Espect\u00e1culos en Danza<\/a><\/p>\n<p>&nbsp;<\/p>\n<h4><strong>Profesorado de Ingl\u00e9s\u00a0<\/strong><\/h4>\n<p><a href=\"https:\/\/iescapayanch-cat.infd.edu.ar\/sitio\/wp-content\/uploads\/2019\/03\/WhatsApp-Image-2019-03-18-at-8.37.18-PM-e1552953893464.jpeg\" target=\"_blank\" rel=\"noopener\">Gram\u00e1tica Inglesa I<\/a><\/p>\n<p><a href=\"https:\/\/iescapayanch-cat.infd.edu.ar\/sitio\/wp-content\/uploads\/2019\/03\/WhatsApp-Image-2019-03-18-at-8.37.17-PM-e1552953991874.jpeg\" target=\"_blank\" rel=\"noopener\">Lengua Inglesa II<\/a><\/p>\n<p>&nbsp;<\/p>\n<h4><strong>Profesorado de Teatro<\/strong><\/h4>\n<p><a href=\"https:\/\/iescapayanch-cat.infd.edu.ar\/sitio\/wp-content\/uploads\/2019\/03\/WhatsApp-Image-2019-03-18-at-8.11.01-PM-e1552954051674.jpeg\" target=\"_blank\" rel=\"noopener\">Dramaturgia y An\u00e1lisis del Texto Teatral<\/a><\/p>\n<p><a href=\"https:\/\/iescapayanch-cat.infd.edu.ar\/sitio\/wp-content\/uploads\/2019\/03\/WhatsApp-Image-2019-03-18-at-8.10.11-PM-e1552954157384.jpeg\" target=\"_blank\" rel=\"noopener\">Teor\u00edas Teatrales (Con eje en Filosof\u00eda y Est\u00e9tica del Teatro<\/a><\/p>\n<p>&nbsp;<\/p>\n","protected":false},"excerpt":{"rendered":"<p>Profesorado de M\u00fasica Formaci\u00f3n Vocal y Canto Pedagog\u00eda\u00a0 Escuela y Comunidad Instrumento Principal I Viento Instrumento Complementario I Viento Instrumento Principal I Cuerdas Instrumento Complementario I: Cuerdas M\u00fasica y Contexto I Lenguaje Musical\u00a0 Practicas Instrumentales En Conjuntos Convencionales Y No Convencionales Instrumento Complementario I: Guitarra Instrumento Principal I: Piano Instrumento Principal I: Guitarra &nbsp; Tecnicatura &#8230; <a title=\"Resultados Finales 1\u00b0Concurso Docente 2019\" class=\"read-more\" href=\"https:\/\/iescapayanch-cat.infd.edu.ar\/sitio\/resultados-finales-1concurso-docente-2019\/\" aria-label=\"More on Resultados Finales 1\u00b0Concurso Docente 2019\">[+]<\/a><\/p>\n","protected":false},"author":16,"featured_media":0,"parent":0,"menu_order":0,"comment_status":"closed","ping_status":"closed","template":"","meta":[],"acf":[],"_links":{"self":[{"href":"https:\/\/iescapayanch-cat.infd.edu.ar\/sitio\/wp-json\/wp\/v2\/pages\/1676"}],"collection":[{"href":"https:\/\/iescapayanch-cat.infd.edu.ar\/sitio\/wp-json\/wp\/v2\/pages"}],"about":[{"href":"https:\/\/iescapayanch-cat.infd.edu.ar\/sitio\/wp-json\/wp\/v2\/types\/page"}],"author":[{"embeddable":true,"href":"https:\/\/iescapayanch-cat.infd.edu.ar\/sitio\/wp-json\/wp\/v2\/users\/16"}],"replies":[{"embeddable":true,"href":"https:\/\/iescapayanch-cat.infd.edu.ar\/sitio\/wp-json\/wp\/v2\/comments?post=1676"}],"version-history":[{"count":7,"href":"https:\/\/iescapayanch-cat.infd.edu.ar\/sitio\/wp-json\/wp\/v2\/pages\/1676\/revisions"}],"predecessor-version":[{"id":1742,"href":"https:\/\/iescapayanch-cat.infd.edu.ar\/sitio\/wp-json\/wp\/v2\/pages\/1676\/revisions\/1742"}],"wp:attachment":[{"href":"https:\/\/iescapayanch-cat.infd.edu.ar\/sitio\/wp-json\/wp\/v2\/media?parent=1676"}],"curies":[{"name":"wp","href":"https:\/\/api.w.org\/{rel}","templated":true}]}}