{"id":1367,"date":"2018-08-29T19:38:45","date_gmt":"2018-08-29T22:38:45","guid":{"rendered":"https:\/\/iescapayanch-cat.infd.edu.ar\/sitio\/profesorado-de-teatro\/"},"modified":"2019-04-12T21:41:35","modified_gmt":"2019-04-13T00:41:35","slug":"profesorado-de-teatro","status":"publish","type":"page","link":"https:\/\/iescapayanch-cat.infd.edu.ar\/sitio\/profesorado-de-teatro\/","title":{"rendered":"Profesorado de Teatro"},"content":{"rendered":"<p><span style=\"text-decoration: underline;\"><strong>1\u00b0 A\u00f1o<\/strong><\/span><\/p>\n<p>Pedagog\u00eda<\/p>\n<p>Psicolog\u00eda Educacional<\/p>\n<p>EDI &#8211;<\/p>\n<p>Teatro I: Improvisaci\u00f3n, Juego Dram\u00e1tico y Creaci\u00f3n Colectiva<\/p>\n<p>Gram\u00e1tica del Lenguaje Teatral<\/p>\n<p>Formaci\u00f3n Corporal\u00a0 y Vocal I \u00a0&#8211;<\/p>\n<p>Animaci\u00f3n Socioteatral<\/p>\n<p>Historia Social del Teatro Latinoamericano y Argentino<\/p>\n<p>Escuela y Comunidad<\/p>\n<p>&nbsp;<\/p>\n<p><strong><span style=\"text-decoration: underline;\">2\u00b0A\u00f1o<\/span><\/strong><\/p>\n<p>Did\u00e1ctica General<\/p>\n<p>Sociolog\u00eda de la Educaci\u00f3n<\/p>\n<p>Sujetos de Educaci\u00f3n Inicial, Primaria y Secundaria<\/p>\n<p>Teatro II: Con eje en la Actuaci\u00f3n<\/p>\n<p>Formaci\u00f3n Corporal y Vocal II (Con eje en las t\u00e9cnicas, m\u00fasica y danzas)<\/p>\n<p>Historia Social del Teatro Universal<\/p>\n<p>Did\u00e1ctica del Lenguaje Teatral I (con eje en educaci\u00f3n Inicial y Primaria)<\/p>\n<p>Dispositivos Esc\u00e9nicos<\/p>\n<p>Instituci\u00f3n Escolar<\/p>\n<p>Programaci\u00f3n Curricular<\/p>\n<p>&nbsp;<\/p>\n<p><strong><span style=\"text-decoration: underline;\">3\u00b0 A\u00f1o<\/span><\/strong><\/p>\n<p>Historia y Pol\u00edtica de la Educaci\u00f3n Argentina<\/p>\n<p>Filosof\u00eda de la Educaci\u00f3n<\/p>\n<p>Teatro III: con eje en Direcci\u00f3n y Puesta en Escena<\/p>\n<p>Formaci\u00f3n Corporal y Vocal III (con eje en g\u00e9neros y estilos teatrales)<\/p>\n<p>Did\u00e1ctica del Lenguaje Teatral II (con eje en la Educaci\u00f3n Secundaria y Adultos)<\/p>\n<p>Ense\u00f1anza del Teatro a sujetos con Necesidades Educativas especiales Sede Chumbicha\/<\/p>\n<p>Dramaturgia y An\u00e1lisis del Texto Teatral<\/p>\n<p>Opci\u00f3n Estudiante:<\/p>\n<p>a)\u00a0\u00a0\u00a0\u00a0<a title=\"Seminario Taller Titeres- 3\u00b0a\u00f1o Prof. Teatro. Prof. Walter Palavecino\" href=\"upload\/Seminario_Taller_Titeres-_3an_o_Prof._Teatro._Prof._Walter_Palavecino.docx\" target=\"_blank\" rel=\"noopener\"><strong>T\u00edteres<\/strong><\/a><\/p>\n<p>b)\u00a0\u00a0\u00a0\u00a0\u00a0 Teatro Popular<\/p>\n<p>c)\u00a0\u00a0\u00a0\u00a0\u00a0\u00a0 Actuaci\u00f3n orientada al Lenguaje Audiovisual<\/p>\n<p>&nbsp;<\/p>\n<p>EDI<\/p>\n<p>Teor\u00edas Teatrales (con eje en Filosof\u00eda y Est\u00e9tica del Teatro)<\/p>\n<p>Pr\u00e1cticas de Ense\u00f1anza<\/p>\n<p>&nbsp;<\/p>\n<p><span style=\"text-decoration: underline;\"><strong>4\u00b0 A\u00f1o<\/strong><\/span><\/p>\n<p>\u00c9tica Profesional<\/p>\n<p>Tecnolog\u00eda de la Informaci\u00f3n y Comunicaci\u00f3n<\/p>\n<p>Teatro IV: con eje en la creaci\u00f3n de espect\u00e1culos teatrales para ni\u00f1os y j\u00f3venes.<\/p>\n<p>Opci\u00f3n Estudiantil<\/p>\n<p>a)\u00a0\u00a0\u00a0\u00a0\u00a0 Teatro de Objetos<\/p>\n<p>b)\u00a0\u00a0\u00a0\u00a0\u00a0 Teatro Comunitario<\/p>\n<p>c)\u00a0\u00a0\u00a0\u00a0\u00a0\u00a0 Nuevas Tecnolog\u00edas Aplicadas al Teatro<\/p>\n<p>&nbsp;<\/p>\n<p>EDI<\/p>\n<p>Ense\u00f1anza del Teatro en Contextos: Opci\u00f3n estudiantil<\/p>\n<p>a)\u00a0\u00a0\u00a0\u00a0\u00a0 Educaci\u00f3n Hospitalaria<\/p>\n<p>b)\u00a0\u00a0\u00a0\u00a0\u00a0 Educaci\u00f3n Rural<\/p>\n<p>c)\u00a0\u00a0\u00a0\u00a0\u00a0\u00a0 Educaci\u00f3n en Contexto de Encierro<\/p>\n<p>&nbsp;<\/p>\n<p>Expresiones teatrales contempor\u00e1neas<\/p>\n<p>Investigaci\u00f3n Educativa orientada a las pr\u00e1cticas pedag\u00f3gicas en teatro<\/p>\n<p>Pr\u00e1ctica Docente y Residencia<\/p>\n","protected":false},"excerpt":{"rendered":"<p>1\u00b0 A\u00f1o Pedagog\u00eda Psicolog\u00eda Educacional EDI &#8211; Teatro I: Improvisaci\u00f3n, Juego Dram\u00e1tico y Creaci\u00f3n Colectiva Gram\u00e1tica del Lenguaje Teatral Formaci\u00f3n Corporal\u00a0 y Vocal I \u00a0&#8211; Animaci\u00f3n Socioteatral Historia Social del Teatro Latinoamericano y Argentino Escuela y Comunidad &nbsp; 2\u00b0A\u00f1o Did\u00e1ctica General Sociolog\u00eda de la Educaci\u00f3n Sujetos de Educaci\u00f3n Inicial, Primaria y Secundaria Teatro II: Con &#8230; <a title=\"Profesorado de Teatro\" class=\"read-more\" href=\"https:\/\/iescapayanch-cat.infd.edu.ar\/sitio\/profesorado-de-teatro\/\" aria-label=\"More on Profesorado de Teatro\">[+]<\/a><\/p>\n","protected":false},"author":16,"featured_media":0,"parent":0,"menu_order":0,"comment_status":"closed","ping_status":"closed","template":"","meta":[],"acf":[],"_links":{"self":[{"href":"https:\/\/iescapayanch-cat.infd.edu.ar\/sitio\/wp-json\/wp\/v2\/pages\/1367"}],"collection":[{"href":"https:\/\/iescapayanch-cat.infd.edu.ar\/sitio\/wp-json\/wp\/v2\/pages"}],"about":[{"href":"https:\/\/iescapayanch-cat.infd.edu.ar\/sitio\/wp-json\/wp\/v2\/types\/page"}],"author":[{"embeddable":true,"href":"https:\/\/iescapayanch-cat.infd.edu.ar\/sitio\/wp-json\/wp\/v2\/users\/16"}],"replies":[{"embeddable":true,"href":"https:\/\/iescapayanch-cat.infd.edu.ar\/sitio\/wp-json\/wp\/v2\/comments?post=1367"}],"version-history":[{"count":2,"href":"https:\/\/iescapayanch-cat.infd.edu.ar\/sitio\/wp-json\/wp\/v2\/pages\/1367\/revisions"}],"predecessor-version":[{"id":1762,"href":"https:\/\/iescapayanch-cat.infd.edu.ar\/sitio\/wp-json\/wp\/v2\/pages\/1367\/revisions\/1762"}],"wp:attachment":[{"href":"https:\/\/iescapayanch-cat.infd.edu.ar\/sitio\/wp-json\/wp\/v2\/media?parent=1367"}],"curies":[{"name":"wp","href":"https:\/\/api.w.org\/{rel}","templated":true}]}}