{"id":1358,"date":"2018-08-29T19:38:42","date_gmt":"2018-08-29T22:38:42","guid":{"rendered":"https:\/\/iescapayanch-cat.infd.edu.ar\/sitio\/tecnicatura-superior-en-enfermeria\/"},"modified":"2019-04-12T21:34:26","modified_gmt":"2019-04-13T00:34:26","slug":"tecnicatura-superior-en-enfermeria","status":"publish","type":"page","link":"https:\/\/iescapayanch-cat.infd.edu.ar\/sitio\/tecnicatura-superior-en-enfermeria\/","title":{"rendered":"Tecnicatura Superior en Enfermer\u00eda"},"content":{"rendered":"<p><span style=\"text-decoration: underline;\"><strong>1\u00b0 A\u00f1o<\/strong><\/span><\/p>\n<p>Fundamentos de la Enfermer\u00eda-<\/p>\n<p>Lectura y Escritura Acad\u00e9mica<\/p>\n<p>Nutrici\u00f3n Prof.<\/p>\n<p>Anatom\u00eda y Fisiolog\u00eda I &#8211;<\/p>\n<p>Qu\u00edmica y Bioqu\u00edmica<\/p>\n<p>Seminario Legislaci\u00f3n<\/p>\n<p>Cuidados Enfermeros en la Comunidad &#8211;<\/p>\n<p>Introducci\u00f3n a las Cs. Psicosociales<\/p>\n<p>Biof\u00edsica<strong> \u00a0<\/strong><\/p>\n<p><span style=\"color: #000000;\">Farmacolog\u00eda I &#8211;\u00a0<\/span><\/p>\n<p>Anatom\u00eda y Fisiolog\u00eda II<\/p>\n<p>Microbiolog\u00eda y Parasitolog\u00eda &#8211;<\/p>\n<p>Pr\u00e1ctica Hospitalaria en Fundamentos de Enfermer\u00eda y Comunitaria &#8211;<strong>\u00a0<\/strong><\/p>\n<p>&nbsp;<\/p>\n<p><span style=\"text-decoration: underline;\"><strong>2\u00b0A\u00f1o<\/strong><\/span><\/p>\n<p>Historia de la Enfermer\u00eda-<\/p>\n<p>Enfermer\u00eda y Cl\u00ednica Medica &#8211;<\/p>\n<p>Farmacolog\u00eda II \u00a0&#8211;<\/p>\n<p><span style=\"color: #0000ff;\"><span style=\"color: #000000;\">Dietoterapia<\/span> &#8211;\u00a0<\/span><\/p>\n<p>Bioestad\u00edstica<\/p>\n<p>Salud Mental<\/p>\n<p>Cuidados en Enfermer\u00eda Cl\u00ednica y Quir\u00fargica<\/p>\n<p>Seminario. \u00c9tica y Deontolog\u00eda.<span style=\"color: #0000ff;\">\u00a0<\/span><\/p>\n<p>Pr\u00e1ctica Hospitalaria M\u00e9dica y en Enfermer\u00eda Quir\u00fargica. &#8211;<\/p>\n<p>&nbsp;<\/p>\n<p><span style=\"text-decoration: underline;\"><strong>3\u00b0 A\u00f1o<\/strong><\/span><\/p>\n<p>Ingl\u00e9s T\u00e9cnico-<\/p>\n<p>Enfermer\u00eda y Cl\u00ednica Obst\u00e9trica y Pedi\u00e1trica &#8211;<\/p>\n<p>Pr\u00e1ctica Hospitalaria en Obstetricia y Pedi\u00e1trica &#8211;<span style=\"color: #0000ff;\"><strong>\u00a0<\/strong><\/span><\/p>\n<p>Introducci\u00f3n a la Administraci\u00f3n y Did\u00e1ctica en Salud<\/p>\n<p>Cuidados Enfermeros en Psiquiatr\u00eda<\/p>\n<p>Inform\u00e1tica\u00a0&#8211;<\/p>\n<p>Pr\u00e1ctica Profesional de Administraci\u00f3n<\/p>\n<p>Pr\u00e1ctica Profesional<strong> <a title=\"Practica Profesional- 3 a\u00f1o Enfermeria\" href=\"upload\/Practica_Profesional-Enfermeria.docx\" target=\"_blank\" rel=\"noopener\">\u00a0<\/a>&#8211;<\/strong><\/p>\n","protected":false},"excerpt":{"rendered":"<p>1\u00b0 A\u00f1o Fundamentos de la Enfermer\u00eda- Lectura y Escritura Acad\u00e9mica Nutrici\u00f3n Prof. Anatom\u00eda y Fisiolog\u00eda I &#8211; Qu\u00edmica y Bioqu\u00edmica Seminario Legislaci\u00f3n Cuidados Enfermeros en la Comunidad &#8211; Introducci\u00f3n a las Cs. Psicosociales Biof\u00edsica \u00a0 Farmacolog\u00eda I &#8211;\u00a0 Anatom\u00eda y Fisiolog\u00eda II Microbiolog\u00eda y Parasitolog\u00eda &#8211; Pr\u00e1ctica Hospitalaria en Fundamentos de Enfermer\u00eda y Comunitaria &#8211;\u00a0 &#8230; <a title=\"Tecnicatura Superior en Enfermer\u00eda\" class=\"read-more\" href=\"https:\/\/iescapayanch-cat.infd.edu.ar\/sitio\/tecnicatura-superior-en-enfermeria\/\" aria-label=\"More on Tecnicatura Superior en Enfermer\u00eda\">[+]<\/a><\/p>\n","protected":false},"author":16,"featured_media":0,"parent":0,"menu_order":0,"comment_status":"closed","ping_status":"closed","template":"","meta":[],"acf":[],"_links":{"self":[{"href":"https:\/\/iescapayanch-cat.infd.edu.ar\/sitio\/wp-json\/wp\/v2\/pages\/1358"}],"collection":[{"href":"https:\/\/iescapayanch-cat.infd.edu.ar\/sitio\/wp-json\/wp\/v2\/pages"}],"about":[{"href":"https:\/\/iescapayanch-cat.infd.edu.ar\/sitio\/wp-json\/wp\/v2\/types\/page"}],"author":[{"embeddable":true,"href":"https:\/\/iescapayanch-cat.infd.edu.ar\/sitio\/wp-json\/wp\/v2\/users\/16"}],"replies":[{"embeddable":true,"href":"https:\/\/iescapayanch-cat.infd.edu.ar\/sitio\/wp-json\/wp\/v2\/comments?post=1358"}],"version-history":[{"count":2,"href":"https:\/\/iescapayanch-cat.infd.edu.ar\/sitio\/wp-json\/wp\/v2\/pages\/1358\/revisions"}],"predecessor-version":[{"id":1760,"href":"https:\/\/iescapayanch-cat.infd.edu.ar\/sitio\/wp-json\/wp\/v2\/pages\/1358\/revisions\/1760"}],"wp:attachment":[{"href":"https:\/\/iescapayanch-cat.infd.edu.ar\/sitio\/wp-json\/wp\/v2\/media?parent=1358"}],"curies":[{"name":"wp","href":"https:\/\/api.w.org\/{rel}","templated":true}]}}