{"id":1350,"date":"2018-08-29T19:38:39","date_gmt":"2018-08-29T22:38:39","guid":{"rendered":"https:\/\/iescapayanch-cat.infd.edu.ar\/sitio\/disenos-curriculares\/"},"modified":"2023-11-27T21:47:07","modified_gmt":"2023-11-28T00:47:07","slug":"disenos-curriculares","status":"publish","type":"page","link":"https:\/\/iescapayanch-cat.infd.edu.ar\/sitio\/disenos-curriculares\/","title":{"rendered":"Dise\u00f1os Curriculares"},"content":{"rendered":"<p style=\"text-align: center;\"><strong><a href=\"https:\/\/iescapayanch-cat.infd.edu.ar\/sitio\/wp-content\/uploads\/2023\/11\/Dec1446-14-TS-EN-GESTION-DE-LA-PRODUCCION-AGROP_231127_201441.pdf\" target=\"_blank\" rel=\"noopener\">Tecnicatura Superior en Gesti\u00f3n de la Producci\u00f3n Agropecuaria<\/a>\u00a0<\/strong><\/p>\n<p style=\"text-align: center;\"><strong><span style=\"color: #0000ff;\"><a style=\"color: #0000ff;\" href=\"https:\/\/iescapayanch-cat.infd.edu.ar\/sitio\/wp-content\/uploads\/2023\/04\/Turismo-2022.pdf\" target=\"_blank\" rel=\"noopener\">Tecnicatura Superior en Turismo<\/a><\/span><\/strong><\/p>\n<p style=\"text-align: center;\"><span style=\"color: #0000ff;\"><strong><a style=\"color: #0000ff;\" href=\"https:\/\/iescapayanch-cat.infd.edu.ar\/sitio\/wp-content\/uploads\/2023\/04\/DCJ-TS-de-Laboratorio-en-Analisis-Clinicos.pdf\" target=\"_blank\" rel=\"noopener\">Tecnicatura Superior en Laboratorios de An\u00e1lisis Cl\u00ednicos<\/a><\/strong><\/span><\/p>\n<p style=\"text-align: center;\"><strong><span style=\"color: #0000ff;\"><a title=\"Dise\u00f1o Curricular Profesorado Danza\" href=\"upload\/Disen_o_Curricular_Profesorado_Danza_2014_Final.pdf\" target=\"_blank\" rel=\"noopener\"><span style=\"color: #0000ff;\">Dise\u00f1o Curricular\u00a0Profesorado Danza<\/span><\/a><\/span><\/strong><\/p>\n<p style=\"text-align: center;\"><strong><span style=\"color: #0000ff;\"><a title=\"Dise\u00f1o Curricular Profesorado Teatro\" href=\"upload\/Disen_o_Curricular_Profesorado_Teatro_-_2014_Final.pdf\" target=\"_blank\" rel=\"noopener\"><span style=\"color: #0000ff;\">Dise\u00f1o Curricular Proferorado Teatro<\/span><\/a><\/span><\/strong><\/p>\n<p style=\"text-align: center;\"><strong><span style=\"color: #0000ff;\"><a title=\"Dise\u00f1o Curricular Profesorado Ingles\" href=\"upload\/DCJ_Profesorado_en_INGLES2015.pdf\" target=\"_blank\" rel=\"noopener\"><span style=\"color: #0000ff;\">Dise\u00f1o Curricular Profesorado Ingles<\/span><\/a><\/span><\/strong><\/p>\n<p style=\"text-align: center;\"><strong><span style=\"color: #0000ff;\"><a title=\"Dise\u00f1o Curricular T\u00e9cnicatura Superior en Enfermer\u00eda \" href=\"upload\/Disen_oEnfermeria-final2015.pdf\" target=\"_blank\" rel=\"noopener\"><span style=\"color: #0000ff;\">Dise\u00f1o Curricular Tecnicatura Superior En Enfermeria<\/span><\/a><\/span><\/strong><\/p>\n<p style=\"text-align: center;\">\u00a0<strong><span style=\"color: #0000ff;\"><a title=\"Dise\u00f1o Curricular T\u00e9cnicatura en Administraci\u00f3n Publica Orientada al Desarrollo Local\" href=\"upload\/TECNICATURA_EN_ADMINISTRACION_PUBLICA_ORIENTADA_AL_DESARROLLO_LOCAL.pdf\" target=\"_blank\" rel=\"noopener\"><span style=\"color: #0000ff;\">Dise\u00f1o Curricular Tecnicatura en Administraci\u00f3n Publica Orientada al Desarrollo Local<\/span><\/a><\/span><\/strong><\/p>\n<p style=\"text-align: center;\"><span style=\"color: #0000ff;\"><strong><a title=\"Dise\u00f1o Curricular Profesorado Educaci\u00f3n Primaria..\" href=\"upload\/Disen_o_Curricular_Profesorado_Educacion_PRIMARIA.pdf\" target=\"_blank\" rel=\"noopener\"><span style=\"color: #0000ff;\">Dise\u00f1o Curricular Profesorado en Educacaci\u00f3n Primaria<\/span><\/a><\/strong><\/span><\/p>\n<p style=\"text-align: center;\"><span style=\"color: #0000ff;\"><strong><a style=\"color: #0000ff;\" href=\"https:\/\/iescapayanch-cat.infd.edu.ar\/sitio\/wp-content\/uploads\/2019\/03\/Dise\u00f1o-Curricular-Profesorado-de-M\u00fasica-2014-Final.pdf\">Dise\u00f1o Curricular Profesorado de M\u00fasica <\/a><\/strong><\/span><\/p>\n","protected":false},"excerpt":{"rendered":"<p>Tecnicatura Superior en Gesti\u00f3n de la Producci\u00f3n Agropecuaria\u00a0 Tecnicatura Superior en Turismo Tecnicatura Superior en Laboratorios de An\u00e1lisis Cl\u00ednicos Dise\u00f1o Curricular\u00a0Profesorado Danza Dise\u00f1o Curricular Proferorado Teatro Dise\u00f1o Curricular Profesorado Ingles Dise\u00f1o Curricular Tecnicatura Superior En Enfermeria \u00a0Dise\u00f1o Curricular Tecnicatura en Administraci\u00f3n Publica Orientada al Desarrollo Local Dise\u00f1o Curricular Profesorado en Educacaci\u00f3n Primaria Dise\u00f1o Curricular Profesorado &#8230; <a title=\"Dise\u00f1os Curriculares\" class=\"read-more\" href=\"https:\/\/iescapayanch-cat.infd.edu.ar\/sitio\/disenos-curriculares\/\" aria-label=\"More on Dise\u00f1os Curriculares\">[+]<\/a><\/p>\n","protected":false},"author":16,"featured_media":0,"parent":0,"menu_order":0,"comment_status":"closed","ping_status":"closed","template":"","meta":[],"acf":[],"_links":{"self":[{"href":"https:\/\/iescapayanch-cat.infd.edu.ar\/sitio\/wp-json\/wp\/v2\/pages\/1350"}],"collection":[{"href":"https:\/\/iescapayanch-cat.infd.edu.ar\/sitio\/wp-json\/wp\/v2\/pages"}],"about":[{"href":"https:\/\/iescapayanch-cat.infd.edu.ar\/sitio\/wp-json\/wp\/v2\/types\/page"}],"author":[{"embeddable":true,"href":"https:\/\/iescapayanch-cat.infd.edu.ar\/sitio\/wp-json\/wp\/v2\/users\/16"}],"replies":[{"embeddable":true,"href":"https:\/\/iescapayanch-cat.infd.edu.ar\/sitio\/wp-json\/wp\/v2\/comments?post=1350"}],"version-history":[{"count":4,"href":"https:\/\/iescapayanch-cat.infd.edu.ar\/sitio\/wp-json\/wp\/v2\/pages\/1350\/revisions"}],"predecessor-version":[{"id":4304,"href":"https:\/\/iescapayanch-cat.infd.edu.ar\/sitio\/wp-json\/wp\/v2\/pages\/1350\/revisions\/4304"}],"wp:attachment":[{"href":"https:\/\/iescapayanch-cat.infd.edu.ar\/sitio\/wp-json\/wp\/v2\/media?parent=1350"}],"curies":[{"name":"wp","href":"https:\/\/api.w.org\/{rel}","templated":true}]}}